{"id":91,"date":"2016-03-08T12:38:45","date_gmt":"2016-03-08T11:38:45","guid":{"rendered":"http:\/\/www.ametllamar.cat\/esports\/?page_id=91"},"modified":"2016-03-23T10:45:54","modified_gmt":"2016-03-23T09:45:54","slug":"programes-esportius","status":"publish","type":"page","link":"https:\/\/www.ametllamar.cat\/esports\/programes-esportius\/","title":{"rendered":"Programes Esportius"},"content":{"rendered":"<p><strong>PROGRAMA 1: \u201cESPORT; FORMACI\u00d3 ESPORTIVA\u201d<\/strong><\/p>\n<p><strong><a href=\"http:\/\/www.ametllamar.cat\/esports\/wp-content\/uploads\/2016\/03\/file401281076789.jpg\"  rel=\"lightbox[91] attachment wp-att-412\"><img loading=\"lazy\" class=\"size-large wp-image-412 aligncenter\" src=\"http:\/\/www.ametllamar.cat\/esports\/wp-content\/uploads\/2016\/03\/file401281076789-1024x686.jpg\" alt=\"file401281076789\" width=\"750\" height=\"502\" srcset=\"https:\/\/www.ametllamar.cat\/esports\/wp-content\/uploads\/2016\/03\/file401281076789-1024x686.jpg 1024w, https:\/\/www.ametllamar.cat\/esports\/wp-content\/uploads\/2016\/03\/file401281076789-300x201.jpg 300w, https:\/\/www.ametllamar.cat\/esports\/wp-content\/uploads\/2016\/03\/file401281076789-768x514.jpg 768w\" sizes=\"(max-width: 750px) 100vw, 750px\" \/><\/a><\/strong><\/p>\n<p>En moltes ocasions el lloc assignat a l\u2019esport que practiquen els nostres infants i joves \u00e9s considerat \u00fanicament en el seu aspecte recreatiu, com a mera ocupaci\u00f3 del temps de lleure. L\u2019objectiu del Programa Esportiu Municipal \u201cEsport; Formaci\u00f3 Esportiva\u201d, vol anar m\u00e9s enll\u00e0 d\u2019aquesta consideraci\u00f3, amb el tractament de l\u2019esport com un dels eixos principals en la formaci\u00f3 integral dels infants i joves.<\/p>\n<p>L\u2019Esport \u00e9s l\u2019eina m\u00e9s segura i eficient per l\u2019adequat desenvolupament f\u00edsic i cognitiu de la nostra joventut. L\u2019Esport permet estructurar la personalitat, basant-se en experi\u00e8ncies i rols assumits durant la seva pr\u00e0ctica. Aix\u00f2 es tradueix en patrons de conducta s\u00f2lids, din\u00e0mics i compatibles amb la societat contempor\u00e0nia.<\/p>\n<p>L\u2019Esport, per als infants, no representa nom\u00e9s una alternativa d\u2019ocupaci\u00f3 del temps lliure, sin\u00f3 que simbolitza una assignatura o mat\u00e8ria tant necess\u00e0ria o m\u00e9s que les matem\u00e0tiques o el llenguatge, d\u2019acord amb la incid\u00e8ncia dels seus aprenentatges i consolidaci\u00f3 d\u2019h\u00e0bits positius en la seva formaci\u00f3 tant f\u00edsica com mental.<\/p>\n<p>L\u2019esport, com a joc, representa l\u2019activitat central dels infants. El joc \u00e9s la seva ocupaci\u00f3 preferida i conducta natural, i \u00e9s el que m\u00e9s els hi agrada fer. Aquesta situaci\u00f3 situa l\u2019esport com a important canalitzador d\u2019aprenentatges on sorgeixen aspectes d\u2019organitzaci\u00f3, planificaci\u00f3, estrat\u00e8gia, capacitat individual, tenacitat, esfor\u00e7, const\u00e0ncia, presa de decisions,&#8230;, que contribuiran sense cap mena de dubte en el seu desenvolupament com a persones.<\/p>\n<p>Pel que fa al tractament de l\u2019aspecte de la competici\u00f3 esportiva en el marc del programa \u201cEsport; Formaci\u00f3 Esportiva\u201d, aquesta s\u2019inclou com a eina transmissora de valors i mai en funci\u00f3 del rendiment obtingut pels joves esportistes. Aix\u00ed la competici\u00f3 potencia la resoluci\u00f3 d\u2019aspectes afectius de confian\u00e7a i seguretat en un mateix, tamb\u00e9 valors com l\u2019esportivitat, el saber perdre, el saber guanyar i el valorar la millora i l\u2019haver fet tot el possible, per damunt del resultat final.<\/p>\n<p>La formaci\u00f3 en els valors, \u00e9s l\u2019eix principal d\u2019aquest programa que pret\u00e9n potenciar la disciplina, el respecte, la const\u00e0ncia, la dedicaci\u00f3, l\u2019esfor\u00e7, el comprom\u00eds, la dignitat, l\u2019honestedat, la cooperaci\u00f3, la solidaritat, la integraci\u00f3 i el joc net, entre d\u2019altres que apareixen en l\u2019esport i que tenen un reflex directe en la societat quotidiana.<\/p>\n<p><a href=\"http:\/\/www.ametllamar.cat\/esports\/wp-content\/uploads\/2016\/03\/file9561250723999.jpg\"  rel=\"lightbox[91] attachment wp-att-413\"><img loading=\"lazy\" class=\"size-large wp-image-413 aligncenter\" src=\"http:\/\/www.ametllamar.cat\/esports\/wp-content\/uploads\/2016\/03\/file9561250723999-1024x653.jpg\" alt=\"file9561250723999\" width=\"750\" height=\"478\" srcset=\"https:\/\/www.ametllamar.cat\/esports\/wp-content\/uploads\/2016\/03\/file9561250723999-1024x653.jpg 1024w, https:\/\/www.ametllamar.cat\/esports\/wp-content\/uploads\/2016\/03\/file9561250723999-300x191.jpg 300w, https:\/\/www.ametllamar.cat\/esports\/wp-content\/uploads\/2016\/03\/file9561250723999-768x490.jpg 768w, https:\/\/www.ametllamar.cat\/esports\/wp-content\/uploads\/2016\/03\/file9561250723999.jpg 2000w\" sizes=\"(max-width: 750px) 100vw, 750px\" \/><\/a><\/p>\n<p><strong>OBJECTIUS DEL PROGRAMA \u201cESPORT; FORMACI\u00d3 ESPORTIVA\u201d<\/strong><\/p>\n<ul>\n<li><em>Fomentar a trav\u00e9s de l\u2019activitat f\u00edsica i esportiva valors positius que contribueixin de manera important en el cam\u00ed de formaci\u00f3 dels infants com a persones.<\/em><\/li>\n<li><em>Aconseguir la integraci\u00f3 social dels nens\/nenes mitjan\u00e7ant l\u2019esport.<\/em><\/li>\n<li><em>Promoure l\u2019adquisici\u00f3 d\u2019h\u00e0bits esportius que allunyin d\u2019h\u00e0bits perjudicials per a la salut i complementin el creixent nombre d\u2019h\u00e0bits sedentaris (televisi\u00f3 i ordenadors).<\/em><\/li>\n<li><em>Promoure valors positius a trav\u00e9s de l\u2019activitat f\u00edsica i esportiva.<\/em><\/li>\n<li><em>Promoure un desenvolupament adequat de les qualitats f\u00edsiques condicionals (resist\u00e8ncia, flexibilitat, velocitat i for\u00e7a) i coordinatives (coordinaci\u00f3, habilitat i agilitat).<\/em><\/li>\n<li><em>Promoure un bon desenvolupament antropom\u00e8tric i postural.<\/em><\/li>\n<li><em>Motivar als nens\/nenes per a la pr\u00e0ctica d\u2019activitat f\u00edsica i esportiva.<\/em><\/li>\n<li><em>Donar a con\u00e8ixer diferents disciplines esportives i jocs tradicionals.<\/em><\/li>\n<li><em>Dotar d\u2019una base motriu suficient sobre la que construir l\u2019entrenament, independentment de l\u2019especialitat futura.<\/em><\/li>\n<li><em>Impartir els coneixements necessaris per a que els usuaris puguin, en un futur, elaborar els seus propis entrenaments per a ocupar el seu temps lliure o per a preparar competicions en les que vulguin participar.<\/em><\/li>\n<li><em>Incrementar el nombre de participants en l\u2019esport base al municipi.<\/em><\/li>\n<li><em>Fomentar la recerca de l\u2019autonomia personal a partir de les situacions que genera la pr\u00e0ctica esportiva mitjan\u00e7ant la presa de decisions, tant a nivell individual com col\u00b7lectiva.<\/em><\/li>\n<li><em>Orientar als joves esportistes cap a la modalitat esportiva m\u00e9s adequada a les seves caracter\u00edstiques.<\/em><\/li>\n<\/ul>\n<p><strong>\u00a0<\/strong><\/p>\n<p><strong>VALORS INTR\u00cdNSECS AL PROGRAMA<\/strong><\/p>\n<ol>\n<ul>\n<li><em>Import\u00e0ncia de la implantaci\u00f3 d\u2019un h\u00e0bit saludable dins la vida quotidiana que allunyi als nens\/joves del sedentarisme propiciat per tend\u00e8ncies com la Televisi\u00f3, les Consoles de Jocs i els Ordenadors.<\/em><\/li>\n<li><em>Import\u00e0ncia de l\u2019augment de les relacions socials que possibilita la pr\u00e0ctica d\u2019activitat f\u00edsica amb les que podr\u00e0 compartir experi\u00e8ncies, problemes i relacions des d\u2019un punt de vista proper a la seva situaci\u00f3.<\/em><\/li>\n<li><em>Potenciaci\u00f3 de l\u2019esperit de superaci\u00f3, esfor\u00e7 i sacrifici que paral\u00b7lelament a la participaci\u00f3 en els entrenaments i competicions esportives, ajudar\u00e0 a l\u2019individu en situacions personals, d\u2019estudis i laborals en el seu futur.<\/em><\/li>\n<\/ul>\n<\/ol>\n<p>&nbsp;<\/p>\n<p><strong>PROGRAMA 2: \u201cESPORT; SALUT I LLEURE\u201d<\/strong><\/p>\n<p><strong><a href=\"http:\/\/www.ametllamar.cat\/esports\/wp-content\/uploads\/2016\/03\/photo-1445384763658-0400939829cd.jpg\"  rel=\"lightbox[91] attachment wp-att-414\"><img loading=\"lazy\" class=\"size-large wp-image-414 aligncenter\" src=\"http:\/\/www.ametllamar.cat\/esports\/wp-content\/uploads\/2016\/03\/photo-1445384763658-0400939829cd-1024x683.jpg\" alt=\"photo-1445384763658-0400939829cd\" width=\"750\" height=\"500\" srcset=\"https:\/\/www.ametllamar.cat\/esports\/wp-content\/uploads\/2016\/03\/photo-1445384763658-0400939829cd-1024x683.jpg 1024w, https:\/\/www.ametllamar.cat\/esports\/wp-content\/uploads\/2016\/03\/photo-1445384763658-0400939829cd-300x200.jpg 300w, https:\/\/www.ametllamar.cat\/esports\/wp-content\/uploads\/2016\/03\/photo-1445384763658-0400939829cd-768x512.jpg 768w\" sizes=\"(max-width: 750px) 100vw, 750px\" \/><\/a>\u00a0<\/strong><\/p>\n<p>Practicar algun esport, fer gimn\u00e0stica, caminar, anar amb bicicleta o simplement jugar o fer activitats quotidianes d\u2019una manera activa contribueix de forma important en el manteniment i millora de la salut alhora d\u2019\u00e9sser una opci\u00f3 saludable d\u2019ocupar el nostre temps de lleure.<\/p>\n<p>Tots em sentit la tradicional expressi\u00f3 llatina \u201cmens sana in corpore sano\u201d, ment sana en un cos sa. Per\u00f2, a qu\u00e8 es deu aquesta expressi\u00f3?<\/p>\n<p>\u00c9s important prendre consci\u00e8ncia que realitzar activitat f\u00edsica de forma regular no nom\u00e9s contribueix al manteniment i millora de la salut f\u00edsica, sin\u00f3 que presenta tamb\u00e9 millores importants en aspectes cognitius i mentals. L\u2019activitat f\u00edsica \u00e9s un mitj\u00e0 testat de regulaci\u00f3 de l\u2019estr\u00e8s acumulat en les tasques quotidianes, i el sol fet de dedicar una estona al dia a fer una activitat f\u00edsica saludable constitueix un veritable alliberament de les tensions derivades de l\u2019elevat ritme de vida que habitualment portem en l\u2019actualitat .<\/p>\n<p>De la mateixa manera cal considerar que l\u2019activitat f\u00edsica lleugera amb objectius cardiorespiratoris ajuda a reduir estats de mal humor i estats depressius, en relaxar el sistema nervi\u00f3s i produir d\u2019aquesta manera un millor equilibri mental.<\/p>\n<p>Per tots es conegut tamb\u00e9, que l\u2019activitat f\u00edsica i esportiva segrega endorfines que son unes hormones que contribueixen a millorar el nivell de satisfacci\u00f3 amb un mateix despr\u00e9s de l\u2019exercici.<\/p>\n<p>&nbsp;<\/p>\n<p><strong>PRINCIPALS BENEFICIS DE L\u2019ACTIVITAT F\u00cdSICA REGULAR PER A LA SALUT<\/strong><\/p>\n<ul>\n<li><em>Ajuda a conciliar la son.<\/em><\/li>\n<li><em>Augmenta l&#8217;esperan\u00e7a i la qualitat de vida.<\/em><\/li>\n<li><em>Enforteix els m\u00fasculs i els ossos.<\/em><\/li>\n<li><em>Millora l&#8217;agilitat.<\/em><\/li>\n<li><em>Posa en forma el cor.<\/em><\/li>\n<li><em>Preveu el sobrep\u00e8s i la obesitat.<\/em><\/li>\n<li><em>Te efecte antidepressiu i ansiol\u00edtic.<\/em><\/li>\n<li><em>Augmenta la longevitat i millora la qualitat en el darrer tram de la vida.<\/em><\/li>\n<li><em>Disminueix les possibilitats de patir infart de miocardi, infart cerebral, diabetis, hipertensi\u00f3 arterial, hipercolesterol\u00e8mia, c\u00e0ncer de colon, c\u00e0ncer de mama,&#8230;<\/em><\/li>\n<li><em>Pot resultar d\u2019ajuda per a apartant-se d\u2019h\u00e0bits nocius com el tabac, l\u2019alcohol o les drogues.<\/em><\/li>\n<li><em>Pot evitar l\u2019aparici\u00f3 dels dolors musculars i de varius.<\/em><\/li>\n<li><em>Permet tolerar millor les temperatures extremes i el dolor.<\/em><\/li>\n<li><em>Permet rendir m\u00e9s en la vida professional, en els estudis i en el temps de lleure, amb la corresponent millora de la qualitat de vida.<\/em><\/li>\n<li><em>Suposa una alternativa saludable d\u2019ocupaci\u00f3 del temps de lleure.<\/em><\/li>\n<\/ul>\n<p>&nbsp;<\/p>\n<p><a href=\"http:\/\/www.ametllamar.cat\/esports\/wp-content\/uploads\/2016\/03\/m4.jpg\"  rel=\"lightbox[91] attachment wp-att-416\"><img loading=\"lazy\" class=\"size-large wp-image-416 aligncenter\" src=\"http:\/\/www.ametllamar.cat\/esports\/wp-content\/uploads\/2016\/03\/m4-1024x683.jpg\" alt=\"m4\" width=\"750\" height=\"500\" srcset=\"https:\/\/www.ametllamar.cat\/esports\/wp-content\/uploads\/2016\/03\/m4-1024x683.jpg 1024w, https:\/\/www.ametllamar.cat\/esports\/wp-content\/uploads\/2016\/03\/m4-300x200.jpg 300w, https:\/\/www.ametllamar.cat\/esports\/wp-content\/uploads\/2016\/03\/m4-768x512.jpg 768w\" sizes=\"(max-width: 750px) 100vw, 750px\" \/><\/a><\/p>\n<p><strong>OBJECTIUS DEL PROGRAMA \u201cESPORT; SALUT I LLEURE\u201d<\/strong><\/p>\n<ul>\n<li><em>Implantar h\u00e0bits d\u2019activitat f\u00edsica i esportiva com a elements de manteniment i millora de la salut.<\/em><\/li>\n<li><em>Fomentar activitats de manteniment i millora de la condici\u00f3 f\u00edsica per a prevenir l\u2019aparici\u00f3 de problemes f\u00edsics i fisiol\u00f2gics.<\/em><\/li>\n<li><em>Promoure iniciatives que millorin aspectes de la condici\u00f3 f\u00edsica relacionades amb la recuperaci\u00f3 de problemes f\u00edsics i la disminuci\u00f3 de dolors presents.<\/em><\/li>\n<li><em>Contemplar activitats de manteniment, millora i recuperaci\u00f3 de la mobilitat articular i flexibilitat.<\/em><\/li>\n<li><em>Fomentar el treball de manteniment, millora i recuperaci\u00f3 del to muscular.<\/em><\/li>\n<li><em>Contemplar aspectes de correcci\u00f3 de defici\u00e8ncies derivades de males actituds posturals.<\/em><\/li>\n<li><em>Incloure continguts que persegueixin disminuir tend\u00e8ncies que deriven o poden derivar en situacions de sobrep\u00e8s.<\/em><\/li>\n<li><em>Promoure iniciatives que incideixin en la millora d\u2019aspectes de la condici\u00f3 f\u00edsica que prevenen possibles disfuncions en la circulaci\u00f3 i en el cor.<\/em><\/li>\n<li><em>Potenciar les relacions socials, la distensi\u00f3 i la comunicaci\u00f3 com a instrument canalitzador de la salut mental present en l\u2019activitat f\u00edsica i esportiva.<\/em><\/li>\n<li><em>Oferir activitats o incloure els objectius referents a la salut i el lleure en tots els sectors de la poblaci\u00f3 per edats i sexe.<\/em><\/li>\n<\/ul>\n<p><a href=\"http:\/\/www.ametllamar.cat\/esports\/wp-content\/uploads\/2016\/03\/m4.jpg\"  rel=\"lightbox[91] attachment wp-att-416\">\u00a0<\/a><\/p>\n<p><strong>VALORS INTR\u00cdNSECS AL PROGRAMA<\/strong><\/p>\n<ul>\n<li><em>Import\u00e0ncia de la implantaci\u00f3 d\u2019un h\u00e0bit saludable dins la vida quotidiana que ens allunyi del sedentarisme.<\/em><\/li>\n<li><em>Conscienciaci\u00f3 de la necessitat de tenir cura del propi cos en relaci\u00f3 a l\u2019activitat f\u00edsica, l\u2019alimentaci\u00f3 i la higiene per tal de millorar de manera important la qualitat de vida.<\/em><\/li>\n<li><em>Refor\u00e7 de l\u2019autoestima que repercutir\u00e0 de manera positiva en la superaci\u00f3 de possibles problemes f\u00edsics o socials que poden presentar-se.<\/em><\/li>\n<li><em>Import\u00e0ncia de l\u2019augment de les relacions socials que possibilita la pr\u00e0ctica d\u2019activitat f\u00edsica amb les que podr\u00e0 compartir experi\u00e8ncies, problemes i comentaris des de punts de vista propers a la pr\u00f2pia situaci\u00f3.<\/em><\/li>\n<\/ul>\n<p>&nbsp;<\/p>\n<p><strong>PROGRAMA 3: \u201cESPORT; OCI I TURISME\u201d<\/strong><\/p>\n<p><strong>\u00a0<a href=\"http:\/\/www.ametllamar.cat\/esports\/wp-content\/uploads\/2016\/03\/file0001945122170-e1458726021944.jpg\"  rel=\"lightbox[91] attachment wp-att-432\"><img loading=\"lazy\" class=\"size-large wp-image-432 aligncenter\" src=\"http:\/\/www.ametllamar.cat\/esports\/wp-content\/uploads\/2016\/03\/file0001945122170-e1458726021944-1024x367.jpg\" alt=\"file0001945122170\" width=\"750\" height=\"269\" srcset=\"https:\/\/www.ametllamar.cat\/esports\/wp-content\/uploads\/2016\/03\/file0001945122170-e1458726021944-1024x367.jpg 1024w, https:\/\/www.ametllamar.cat\/esports\/wp-content\/uploads\/2016\/03\/file0001945122170-e1458726021944-300x107.jpg 300w, https:\/\/www.ametllamar.cat\/esports\/wp-content\/uploads\/2016\/03\/file0001945122170-e1458726021944-768x275.jpg 768w\" sizes=\"(max-width: 750px) 100vw, 750px\" \/><\/a><\/strong><\/p>\n<p>La pr\u00e0ctica d\u2019activitats f\u00edsiques d\u2019esbarjo permet gaudir de manera saludable del temps de lleure, incidint en la millora de la qualitat de vida a nivell individual i social.<\/p>\n<p>Es tracta d\u2019un \u00e0mbit eminentment l\u00fadic i recreatiu, tot i que sovint hi s\u00f3n presents aspectes inherents a l\u2019esport com la competici\u00f3 sense que aquests representi un objectiu significatiu dins el programa. Es presenta generalment amb un car\u00e0cter flexible, lliurement acceptat i susceptible de planificar-se de forma sistem\u00e0tica.<\/p>\n<p>En aquest sentit, l\u2019esport de recreaci\u00f3 o d\u2019oci \u00e9s el desenvolupament espontani de l\u2019\u00e9sser hum\u00e0 en el seu temps lliure, amb tend\u00e8ncia a satisfer motivacions psicosocials de descans, entreteniment, expressi\u00f3, aventura i socialitzaci\u00f3. Igualment, la persona que busca una estabilitat ps\u00edquica i emocional que intenta unir a les satisfaccions di\u00e0ries de la seva jornada laboral, les desenvolupades durant els seus moments d\u2019oci i temps lliure tant a nivell individual com col\u00b7lectiu.<\/p>\n<p>En el tractament de l\u2019oci dins el programa esportiu municipal, hem de precisar que no ens referim a una simple diversi\u00f3, a un oci passiu o a la simple utilitzaci\u00f3 del temps lliure, sin\u00f3 que es una forma m\u00e9s per augmentar l\u2019habilitat personal en les destreses i valors de cadascun, aix\u00ed com implantar h\u00e0bits saludables i fomentar la diversitat esportiva tant a la poblaci\u00f3 aut\u00f2ctona com a la que visita el nostre municipi, al mateix temps que afavorim les interrelacions socials entre ambd\u00f3s col\u00b7lectius.<\/p>\n<p>Amb tot, la pr\u00e0ctica recreativa afavoreix l\u2019aparici\u00f3 de tota una s\u00e8rie d\u2019aspectes que s\u00f3n fonamentals pel desenvolupament integral de l\u2019individu. En aquesta l\u00ednia es fomenta el treball interdisciplinari, la comunicaci\u00f3 i expressi\u00f3, la promoci\u00f3 de valors, la varietat d\u2019experi\u00e8ncies motrius, l\u2019aparici\u00f3 de solucions creatives, la interacci\u00f3 social, la creaci\u00f3 d\u2019estrat\u00e8gies que integrin en el seu entorn a persones amb capacitats diferents (socio-econ\u00f2miques, motrius, intel\u00b7lectuals i de g\u00e8nere), &#8230;<\/p>\n<p>Donades les connotacions tur\u00edstiques del nostre municipi, en el present programa s\u2019ha contemplat l\u2019esport com a alternativa al turisme de sol i platja i tret espec\u00edfic diferencial dels serveis tur\u00edstics que ofereix la nostra poblaci\u00f3 respecte les altres. La diversitat esportiva unida a l\u2019adaptaci\u00f3 d\u2019aquesta a les platges com a principal actiu durant l\u2019estiu, projecten una imatges de localitat activa i plena de vida. De la mateixa manera, a trav\u00e9s del programa \u201cEsport; Oci i Turisme\u201d es promouen diferents esdeveniments esportius durant la temporada baixa tur\u00edstica amb l\u2019objectiu de promocionar tur\u00edsticament i econ\u00f2micament el municipi a trav\u00e9s de l\u2019esport.<\/p>\n<p><strong>\u00a0<a href=\"http:\/\/www.ametllamar.cat\/esports\/wp-content\/uploads\/2016\/03\/DSCF0642.jpg\"  rel=\"lightbox[91] attachment wp-att-433\"><img loading=\"lazy\" class=\"wp-image-433 size-large aligncenter\" src=\"http:\/\/www.ametllamar.cat\/esports\/wp-content\/uploads\/2016\/03\/DSCF0642-e1458726104535-1024x549.jpg\" alt=\"DSCF0642\" width=\"750\" height=\"402\" srcset=\"https:\/\/www.ametllamar.cat\/esports\/wp-content\/uploads\/2016\/03\/DSCF0642-e1458726104535-1024x549.jpg 1024w, https:\/\/www.ametllamar.cat\/esports\/wp-content\/uploads\/2016\/03\/DSCF0642-e1458726104535-300x161.jpg 300w, https:\/\/www.ametllamar.cat\/esports\/wp-content\/uploads\/2016\/03\/DSCF0642-e1458726104535-768x412.jpg 768w\" sizes=\"(max-width: 750px) 100vw, 750px\" \/><\/a><\/strong><\/p>\n<p><strong>OBJECTIUS DEL PROGRAMA \u201cESPORT; OCI I TURISME\u201d<\/strong><\/p>\n<p>Generar activitats esportives en el temps de lleure a ciutadans i visitants de la nostra localitat.<\/p>\n<ul>\n<ul>\n<li><em>Promoure un tret caracter\u00edstic diferencial en relaci\u00f3 a les alternatives tur\u00edstiques tradicionals del municipi.<\/em><\/li>\n<li><em>Contribuir en la promoci\u00f3 econ\u00f2mica del municipi a trav\u00e9s de l\u2019organitzaci\u00f3 d\u2019esdeveniments esportius que generin aflu\u00e8ncia de visitants.<\/em><\/li>\n<li><em>Promoure h\u00e0bits de salut i d\u2019ocupaci\u00f3 saludable del temps de lleure.<\/em><\/li>\n<li><em>Fomentar la interrelaci\u00f3 entre els joves del municipi i els seus visitants a trav\u00e9s de la pr\u00e0ctica esportiva.<\/em><\/li>\n<li><em>Promoure activitats fisicoesportives en el medi natural.<\/em><\/li>\n<li><em>Potenciar la imatge exterior i donar a con\u00e8ixer el municipi a trav\u00e9s de l\u2019esport.<\/em><\/li>\n<\/ul>\n<\/ul>\n<p>&nbsp;<\/p>\n<p>&nbsp;<\/p>\n","protected":false},"excerpt":{"rendered":"<p>PROGRAMA 1: \u201cESPORT; FORMACI\u00d3 ESPORTIVA\u201d En moltes ocasions el lloc assignat a l\u2019esport que practiquen els nostres infants i joves [&hellip;]<\/p>\n","protected":false},"author":2,"featured_media":0,"parent":0,"menu_order":0,"comment_status":"closed","ping_status":"closed","template":"","meta":[],"_links":{"self":[{"href":"https:\/\/www.ametllamar.cat\/esports\/wp-json\/wp\/v2\/pages\/91"}],"collection":[{"href":"https:\/\/www.ametllamar.cat\/esports\/wp-json\/wp\/v2\/pages"}],"about":[{"href":"https:\/\/www.ametllamar.cat\/esports\/wp-json\/wp\/v2\/types\/page"}],"author":[{"embeddable":true,"href":"https:\/\/www.ametllamar.cat\/esports\/wp-json\/wp\/v2\/users\/2"}],"replies":[{"embeddable":true,"href":"https:\/\/www.ametllamar.cat\/esports\/wp-json\/wp\/v2\/comments?post=91"}],"version-history":[{"count":6,"href":"https:\/\/www.ametllamar.cat\/esports\/wp-json\/wp\/v2\/pages\/91\/revisions"}],"predecessor-version":[{"id":435,"href":"https:\/\/www.ametllamar.cat\/esports\/wp-json\/wp\/v2\/pages\/91\/revisions\/435"}],"wp:attachment":[{"href":"https:\/\/www.ametllamar.cat\/esports\/wp-json\/wp\/v2\/media?parent=91"}],"curies":[{"name":"wp","href":"https:\/\/api.w.org\/{rel}","templated":true}]}}