{"id":89,"date":"2016-03-08T12:37:59","date_gmt":"2016-03-08T11:37:59","guid":{"rendered":"http:\/\/www.ametllamar.cat\/esports\/?page_id=89"},"modified":"2022-07-19T08:20:13","modified_gmt":"2022-07-19T06:20:13","slug":"qui-som","status":"publish","type":"page","link":"https:\/\/www.ametllamar.cat\/esports\/qui-som\/","title":{"rendered":"Qui som ?"},"content":{"rendered":"<p><strong>QUI SOM?<\/strong><\/p>\n<p><strong>\u00a0<\/strong>Som l&#8217;\u00e0rea dependent de l\u2019Ajuntament de L\u2019Ametlla de Mar encarregada de promoure, organitzar i difondre l\u2019activitat f\u00edsica i esportiva en el marc de la nostra poblaci\u00f3.<\/p>\n<p>\u00a0<\/p>\n<p><strong><a href=\"http:\/\/www.ametllamar.cat\/esports\/wp-content\/uploads\/2016\/03\/missio_visio_valors_-3706.jpg\"  rel=\"lightbox[89] attachment wp-att-421\"><img loading=\"lazy\" class=\" wp-image-421 aligncenter\" src=\"http:\/\/www.ametllamar.cat\/esports\/wp-content\/uploads\/2016\/03\/missio_visio_valors_-3706.jpg\" alt=\"missio_visio_valors_-3706\" width=\"431\" height=\"315\" srcset=\"https:\/\/www.ametllamar.cat\/esports\/wp-content\/uploads\/2016\/03\/missio_visio_valors_-3706.jpg 716w, https:\/\/www.ametllamar.cat\/esports\/wp-content\/uploads\/2016\/03\/missio_visio_valors_-3706-300x219.jpg 300w, https:\/\/www.ametllamar.cat\/esports\/wp-content\/uploads\/2016\/03\/missio_visio_valors_-3706-135x100.jpg 135w\" sizes=\"(max-width: 431px) 100vw, 431px\" \/><\/a><\/strong><\/p>\n<p><strong>MISSI\u00d3 <\/strong><\/p>\n<p><strong>\u00a0<\/strong>La nostra missi\u00f3 \u00e9s la de despertar l\u2019inter\u00e8s dels ciutadans i visitants de L\u2019Ametlla de Mar per l\u2019activitat f\u00edsica i esportiva sigui quina sigui la seva condici\u00f3 f\u00edsica, econ\u00f2mica, social, d\u2019edat, de sexe i de proced\u00e8ncia.<\/p>\n<p>Amb aquest objectiu, els nostres esfor\u00e7os es centraran en:<\/p>\n<ul>\n<li><em>\u00a0<\/em><i><em>Gestionar i administrar els recursos locals relacionats amb l\u2019activitat f\u00edsica i l\u2019esport.<\/em><\/i><\/li>\n<li><i><em>Prestar i promoure serveis d\u2019activitat f\u00edsica i esport a la ciutadania i a qui ens visita.<\/em><\/i><\/li>\n<li><i><em>Millorar la qualitat de vida dels ciutadans a trav\u00e9s de l\u2019organitzaci\u00f3 i promoci\u00f3 d\u2019activitats fisicoesportives.<\/em><\/i><\/li>\n<li><i><em>Potenciar la imatge del municipi mitjan\u00e7ant l\u2019activitat f\u00edsica i l\u2019esport.<\/em><\/i><\/li>\n<\/ul>\n<p><a href=\"http:\/\/www.ametllamar.cat\/esports\/wp-content\/uploads\/2016\/03\/PF_ICONES_missio.png\"  rel=\"lightbox[89] attachment wp-att-423\"><img loading=\"lazy\" class=\" wp-image-423 aligncenter\" src=\"http:\/\/www.ametllamar.cat\/esports\/wp-content\/uploads\/2016\/03\/PF_ICONES_missio.png\" alt=\"PF_ICONES_missio\" width=\"273\" height=\"217\" \/><\/a><\/p>\n<p><strong>VISI\u00d3<\/strong><\/p>\n<p>La nostra visi\u00f3 de present i futur de l&#8217;entitat volem que es fonamenti en dos eixos principals:<\/p>\n<ul>\n<li><strong>\u00a0<\/strong><i><em>Ser un \u00e0rea municipal referent en transpar\u00e8ncia, efic\u00e0cia i efici\u00e8ncia en la gesti\u00f3 de recursos i serveis d\u2019activitat f\u00edsica, esportiva i de benestar per als ciutadans i visitants de L\u2019Ametlla de Mar.<\/em><\/i><\/li>\n<li><i><em>Ser un referent exterior com administraci\u00f3 p\u00fablica local en l\u2019oferta i promoci\u00f3 de l\u2019activitat f\u00edsica i l\u2019esport en els seus diferents \u00e0mbits; formaci\u00f3, competici\u00f3, salut i lleure.<\/em><\/i><\/li>\n<\/ul>\n<p><a href=\"http:\/\/www.ametllamar.cat\/esports\/wp-content\/uploads\/2016\/03\/objetivos.jpg\"  rel=\"lightbox[89] attachment wp-att-425\"><img loading=\"lazy\" class=\"wp-image-425 aligncenter\" src=\"http:\/\/www.ametllamar.cat\/esports\/wp-content\/uploads\/2016\/03\/objetivos.jpg\" alt=\"objetivos\" width=\"455\" height=\"273\" srcset=\"https:\/\/www.ametllamar.cat\/esports\/wp-content\/uploads\/2016\/03\/objetivos.jpg 600w, https:\/\/www.ametllamar.cat\/esports\/wp-content\/uploads\/2016\/03\/objetivos-300x180.jpg 300w\" sizes=\"(max-width: 455px) 100vw, 455px\" \/><\/a><\/p>\n<p><strong>VALORS<\/strong><\/p>\n<p>Els nostres principals valors com a entitat recauen en els seg\u00fcents principis:<\/p>\n<ul>\n<li><strong>\u00a0<\/strong><i><em><strong>Professionalitat, dedicaci\u00f3 i vocaci\u00f3;<\/strong> vetllem per a que el nostre personal estigui qualificat, entregat i gaudeixi amb la seva feina.<\/em><\/i><\/li>\n<li><i><em><strong>Igualtat;<\/strong> tots els usuaris dels serveis i activitats\u00a0s\u00f3n tractats per igual independentment de la seva condici\u00f3 f\u00edsica, econ\u00f2mica, social, cultural, pol\u00edtica\u00a0i religiosa.<\/em><\/i><\/li>\n<li><i><em><strong>Inclusi\u00f3 i integraci\u00f3;<\/strong> ens preocupem per la inclusi\u00f3 i integraci\u00f3 de les persones en l&#8217;activitat f\u00edsica i l&#8217;esport\u00a0atenent la seva individualitat, condici\u00f3 f\u00edsica, sexe, edat, cultura, religi\u00f3, opini\u00f3 pol\u00edtica, proced\u00e8ncia i discapacitat.<\/em><\/i><\/li>\n<li><i><em><strong>Recerca de consens i transpar\u00e8ncia;<\/strong> qualsevol persona que ho desitgi pot apropar-se a la entitat i sol\u00b7licitar informaci\u00f3 de car\u00e0cter p\u00fablic. De la mateixa manera, tenim en compte l\u2019opini\u00f3 de la ciutadania i es cercar\u00e0 consensos en la presa de decisions de l\u2019entitat.<\/em><\/i><\/li>\n<li><i><em><strong>Sensibilitzaci\u00f3<\/strong>; tenim cura de la sensibilitat envers els problemes de la societat en general i voluntat d\u2019esfor\u00e7 per a sensibilitzar la societat dels mateixos .<\/em><\/i><\/li>\n<li><i><em><strong>Esfor\u00e7 i superaci\u00f3;<\/strong> volem que els nostres t\u00e8cnics, esportistes i usuaris aconsegueixin el que es proposen gr\u00e0cies al seu comprom\u00eds, esfor\u00e7 i const\u00e0ncia. <\/em><\/i><em>\u00a0<\/em><\/li>\n<li><em><strong>Treball en equip;<\/strong> res s\u2019aconsegueix sol, ni \u00e9s m\u00e8rit de ning\u00fa en concret; tots som necessaris i rellevants.<\/em><\/li>\n<li><em><strong>Treball cooperatiu amb altres entitats;<\/strong> treballem conjuntament amb diverses entitats p\u00fabliques i privades, per a promoure l\u2019activitat f\u00edsica i esportiva al municipi.<\/em><\/li>\n<li><em><strong>Activitat f\u00edsica i esportiva per a tothom;<\/strong> proporcionem i facilitem l\u2019acc\u00e9s a l&#8217;esport a totes las persones, tenint especial atenci\u00f3 a aquelles que presenten risc d\u2019exclusi\u00f3 social, facilitant-los recursos materials, humans, espais esportius,&#8230;.<\/em><\/li>\n<li><i><em><strong>Innovaci\u00f3;<\/strong> recerca constant de nous serveis, de millores i alternatives dels que ja oferim, atenent principalment la seva qualitat, per a seguir fent possible la nostra missi\u00f3.<\/em><\/i><\/li>\n<\/ul>\n<p><a href=\"http:\/\/www.ametllamar.cat\/esports\/wp-content\/uploads\/2016\/03\/VALORS.png\"  rel=\"lightbox[89] attachment wp-att-422\"><img loading=\"lazy\" class=\"size-full wp-image-422 aligncenter\" src=\"http:\/\/www.ametllamar.cat\/esports\/wp-content\/uploads\/2016\/03\/VALORS.png\" alt=\"VALORS\" width=\"415\" height=\"253\" srcset=\"https:\/\/www.ametllamar.cat\/esports\/wp-content\/uploads\/2016\/03\/VALORS.png 415w, https:\/\/www.ametllamar.cat\/esports\/wp-content\/uploads\/2016\/03\/VALORS-300x183.png 300w\" sizes=\"(max-width: 415px) 100vw, 415px\" \/><\/a><\/p>\n<p><strong>OBJECTE SOCIAL \u00c0REA D&#8217;ESPORTS (ESTATUTS)<\/strong><\/p>\n<ol>\n<li>Potenciar l\u2019acc\u00e9s a la pr\u00e0ctica de l\u2019esport i de l\u2019activitat f\u00edsica de qualitat a nivell municipal, amb atenci\u00f3 especial a l\u2019esport base als efectes de difondre l\u2019activitat esportiva a l\u2019Ametlla de Mar.<\/li>\n<li>Afavorir la dotaci\u00f3 d\u2019equipaments esportius municipals i consolidar una xarxa d\u2019instal\u00b7lacions esportives municipals de qualitat.<\/li>\n<li>Prestar serveis esportius de tota mena i realitzar les activitats relacionades amb aquests, en el marc del corresponent Contracte-Programa amb l\u2019Ajuntament de l\u2019Ametlla de Mar.<\/li>\n<li>Gestionar les instal\u00b7lacions esportives municipals.<\/li>\n<li>Establir estrat\u00e8gies de col\u00b7laboraci\u00f3 amb ens de qualsevol naturalesa que ofereixin activitats esportives que no es desenvolupin al municipi i que completin l\u2019oferta d\u2019aquesta, aix\u00ed com amb altres ens que per la seva proximitat al municipi permetin assolir una oferta esportiva degudament coordinada.<\/li>\n<li>Promoure esdeveniments esportius al municipi, aix\u00ed com l\u2019estructura de comercialitzaci\u00f3 d\u2019aquests esdeveniments.<\/li>\n<li>Promoure esdeveniments no estrictament esportius adre\u00e7ats a professionals de l\u2019esport, com congressos, trobades, simposis, confer\u00e8ncies, etc.<\/li>\n<li>Impulsar l\u2019esport en edat escolar.<\/li>\n<li>Afavorir la utilitzaci\u00f3 de l\u2019espai p\u00fablic per a la pr\u00e0ctica de l\u2019esport.<\/li>\n<li>Incentivar i regular l\u2019\u00fas de les instal\u00b7lacions esportives p\u00fabliques, per tal de facilitar la seva utilitzaci\u00f3 polivalent per part dels ciutadans i associacions esportives.<\/li>\n<li>Promocionar l\u2019associacionisme esportiu local.<\/li>\n<li>La construcci\u00f3, millora i l\u2019equipament d\u2019instal\u00b7lacions esportives municipals<\/li>\n<li>Ser consultada per l\u2019Ajuntament amb car\u00e0cter previ a que aquest atorgui subvencions en l\u2019\u00e0mbit esportiu.<\/li>\n<li>Qualsevol altra activitat relacionada amb les anteriors per al foment i la pr\u00e0ctica de l\u2019activitat esportiva en qualsevol de les seves modalitats o categories.<\/li>\n<\/ol>\n\n\n<div class=\"wp-block-image\"><figure class=\"aligncenter size-large is-resized\"><a href=\"https:\/\/www.ametllamar.cat\/esports\/wp-content\/uploads\/2022\/07\/objectives.jpg\" rel=\"lightbox[89]\"><img loading=\"lazy\" src=\"https:\/\/www.ametllamar.cat\/esports\/wp-content\/uploads\/2022\/07\/objectives.jpg\" alt=\"\" class=\"wp-image-3142\" width=\"539\" height=\"270\" srcset=\"https:\/\/www.ametllamar.cat\/esports\/wp-content\/uploads\/2022\/07\/objectives.jpg 800w, https:\/\/www.ametllamar.cat\/esports\/wp-content\/uploads\/2022\/07\/objectives-300x150.jpg 300w, https:\/\/www.ametllamar.cat\/esports\/wp-content\/uploads\/2022\/07\/objectives-768x384.jpg 768w\" sizes=\"(max-width: 539px) 100vw, 539px\" \/><\/a><\/figure><\/div>\n\n\n\n<p><strong>ESTRAT\u00c8GIA<\/strong><\/p>\n\n\n\n<p><em>Partim des de l&#8217;observaci\u00f3, l&#8217;an\u00e0lisi i la detecci\u00f3 de la realitat i necessitats esportives locals, de les quals se&#8217;n deriven les diferents propostes d&#8217;intervenci\u00f3 estructurades en diferents programes, objectius i eixos estrat\u00e8gics, que es concreten en&nbsp;actuacions adre\u00e7ades als diferents \u00e0mbits i sectors esportius de la poblaci\u00f3.<\/em><\/p>\n\n\n\n<p><em>D&#8217;aquestes actuacions que es visualitzen en forma de serveis, activitats, esdeveniments, promocions o recolzaments, es recullen dades a trav\u00e9s d&#8217;indicadors mitjan\u00e7ant els quals&nbsp;obtenim&nbsp;el feedback de les intervencions realitzades, fet&nbsp;que ens permet avaluar-les, replantejar-les si s&#8217;escau, contrastant-les amb un nou an\u00e0lisi del sistema esportiu local.<\/em><\/p>\n\n\n\n<div class=\"wp-block-image\"><figure class=\"aligncenter\"><a href=\"http:\/\/www.ametllamar.cat\/esports\/wp-content\/uploads\/2016\/03\/Captura-1.jpg\" rel=\"lightbox[89]\"><img loading=\"lazy\" width=\"744\" height=\"661\" src=\"http:\/\/www.ametllamar.cat\/esports\/wp-content\/uploads\/2016\/03\/Captura-1-e1458573161778.jpg\" alt=\"Captura\" class=\"wp-image-419\" srcset=\"https:\/\/www.ametllamar.cat\/esports\/wp-content\/uploads\/2016\/03\/Captura-1-e1458573161778.jpg 744w, https:\/\/www.ametllamar.cat\/esports\/wp-content\/uploads\/2016\/03\/Captura-1-e1458573161778-300x267.jpg 300w\" sizes=\"(max-width: 744px) 100vw, 744px\" \/><\/a><\/figure><\/div>\n\n\n\n<div class=\"wp-block-file\"><a href=\"https:\/\/www.ametllamar.cat\/esports\/wp-content\/uploads\/2022\/07\/ESTATUTS-PUBLICTATS-DOGC-CIDO_dogc_2009_07_20090723_09196127.pdf\">Estatuts La Cala Serveis Municipals, sl<\/a><a href=\"https:\/\/www.ametllamar.cat\/esports\/wp-content\/uploads\/2022\/07\/ESTATUTS-PUBLICTATS-DOGC-CIDO_dogc_2009_07_20090723_09196127.pdf\" class=\"wp-block-file__button\" download>Baixa<\/a><\/div>\n","protected":false},"excerpt":{"rendered":"<p>QUI SOM? \u00a0Som l&#8217;\u00e0rea dependent de l\u2019Ajuntament de L\u2019Ametlla de Mar encarregada de promoure, organitzar i difondre l\u2019activitat f\u00edsica i [&hellip;]<\/p>\n","protected":false},"author":2,"featured_media":0,"parent":0,"menu_order":0,"comment_status":"closed","ping_status":"closed","template":"","meta":[],"_links":{"self":[{"href":"https:\/\/www.ametllamar.cat\/esports\/wp-json\/wp\/v2\/pages\/89"}],"collection":[{"href":"https:\/\/www.ametllamar.cat\/esports\/wp-json\/wp\/v2\/pages"}],"about":[{"href":"https:\/\/www.ametllamar.cat\/esports\/wp-json\/wp\/v2\/types\/page"}],"author":[{"embeddable":true,"href":"https:\/\/www.ametllamar.cat\/esports\/wp-json\/wp\/v2\/users\/2"}],"replies":[{"embeddable":true,"href":"https:\/\/www.ametllamar.cat\/esports\/wp-json\/wp\/v2\/comments?post=89"}],"version-history":[{"count":11,"href":"https:\/\/www.ametllamar.cat\/esports\/wp-json\/wp\/v2\/pages\/89\/revisions"}],"predecessor-version":[{"id":3145,"href":"https:\/\/www.ametllamar.cat\/esports\/wp-json\/wp\/v2\/pages\/89\/revisions\/3145"}],"wp:attachment":[{"href":"https:\/\/www.ametllamar.cat\/esports\/wp-json\/wp\/v2\/media?parent=89"}],"curies":[{"name":"wp","href":"https:\/\/api.w.org\/{rel}","templated":true}]}}