{"id":3944,"date":"2023-12-19T14:28:04","date_gmt":"2023-12-19T13:28:04","guid":{"rendered":"https:\/\/www.ametllamar.cat\/esports\/?page_id=3944"},"modified":"2026-02-13T13:34:26","modified_gmt":"2026-02-13T12:34:26","slug":"horari-general","status":"publish","type":"page","link":"https:\/\/www.ametllamar.cat\/esports\/horari-general\/","title":{"rendered":"Horari general"},"content":{"rendered":"\n<figure class=\"wp-block-image size-large\"><a href=\"https:\/\/www.ametllamar.cat\/esports\/wp-content\/uploads\/2026\/02\/CALENDARI-FESTIUS-2025-2026.jpg\" rel=\"lightbox[3944]\"><img loading=\"lazy\" width=\"485\" height=\"643\" src=\"https:\/\/www.ametllamar.cat\/esports\/wp-content\/uploads\/2026\/02\/CALENDARI-FESTIUS-2025-2026.jpg\" alt=\"\" class=\"wp-image-4995\" srcset=\"https:\/\/www.ametllamar.cat\/esports\/wp-content\/uploads\/2026\/02\/CALENDARI-FESTIUS-2025-2026.jpg 485w, https:\/\/www.ametllamar.cat\/esports\/wp-content\/uploads\/2026\/02\/CALENDARI-FESTIUS-2025-2026-226x300.jpg 226w\" sizes=\"(max-width: 485px) 100vw, 485px\" \/><\/a><\/figure>\n\n\n\n<p><strong><em>L&#8217;\u00c0rea d&#8217;Esports de La Cala Serveis Municipals, sl i l&#8217;Ajuntament de L&#8217;Ametlla de Mar es reserven el dret a modificar o afegir dates de tancament parcial o total de les instal\u00b7lacions i\/o serveis per raons de for\u00e7a major, resolucions o directrius d&#8217;\u00f2rgans supra-municipals o motius d&#8217;inter\u00e8s general dictaminats per l&#8217;Ajuntament de L&#8217;Ametlla de Mar, com les Festes Majors o dies festius oficials, sense que aquests tancaments programats o imprevistos donin dret al rescabalament de les tarifes satisfetes pels serveis.<\/em><\/strong><\/p>\n\n\n\n<div class=\"wp-block-file\"><a href=\"https:\/\/www.ametllamar.cat\/esports\/wp-content\/uploads\/2026\/02\/CALENDARI-OBERTURA-FESTIUS-I-VESPRES-DE-FESTIUS-CEM-LA-CALA-2025-26.pdf\">CALENDARI-OBERTURA-FESTIUS-I-VESPRES-DE-FESTIUS-CEM-LA-CALA-2025-26<\/a><a href=\"https:\/\/www.ametllamar.cat\/esports\/wp-content\/uploads\/2026\/02\/CALENDARI-OBERTURA-FESTIUS-I-VESPRES-DE-FESTIUS-CEM-LA-CALA-2025-26.pdf\" class=\"wp-block-file__button\" download>Baixa<\/a><\/div>\n\n\n\n<p><\/p>\n","protected":false},"excerpt":{"rendered":"<p>L&#8217;\u00c0rea d&#8217;Esports de La Cala Serveis Municipals, sl i l&#8217;Ajuntament de L&#8217;Ametlla de Mar es reserven el dret a modificar [&hellip;]<\/p>\n","protected":false},"author":2,"featured_media":0,"parent":0,"menu_order":0,"comment_status":"closed","ping_status":"closed","template":"","meta":[],"_links":{"self":[{"href":"https:\/\/www.ametllamar.cat\/esports\/wp-json\/wp\/v2\/pages\/3944"}],"collection":[{"href":"https:\/\/www.ametllamar.cat\/esports\/wp-json\/wp\/v2\/pages"}],"about":[{"href":"https:\/\/www.ametllamar.cat\/esports\/wp-json\/wp\/v2\/types\/page"}],"author":[{"embeddable":true,"href":"https:\/\/www.ametllamar.cat\/esports\/wp-json\/wp\/v2\/users\/2"}],"replies":[{"embeddable":true,"href":"https:\/\/www.ametllamar.cat\/esports\/wp-json\/wp\/v2\/comments?post=3944"}],"version-history":[{"count":6,"href":"https:\/\/www.ametllamar.cat\/esports\/wp-json\/wp\/v2\/pages\/3944\/revisions"}],"predecessor-version":[{"id":5003,"href":"https:\/\/www.ametllamar.cat\/esports\/wp-json\/wp\/v2\/pages\/3944\/revisions\/5003"}],"wp:attachment":[{"href":"https:\/\/www.ametllamar.cat\/esports\/wp-json\/wp\/v2\/media?parent=3944"}],"curies":[{"name":"wp","href":"https:\/\/api.w.org\/{rel}","templated":true}]}}