{"id":2570,"date":"2021-05-28T12:33:05","date_gmt":"2021-05-28T10:33:05","guid":{"rendered":"http:\/\/www.ametllamar.cat\/esports\/?page_id=2570"},"modified":"2021-05-28T12:39:32","modified_gmt":"2021-05-28T10:39:32","slug":"campus-vela-estiu-2021","status":"publish","type":"page","link":"https:\/\/www.ametllamar.cat\/esports\/campus-vela-estiu-2021\/","title":{"rendered":"CURSETS DE VELA ESTIU 2021"},"content":{"rendered":"\n<figure class=\"wp-block-image size-large\"><a href=\"http:\/\/www.ametllamar.cat\/esports\/wp-content\/uploads\/2021\/03\/57618290_2565076220229106_1094864709384929280_o.jpg\" rel=\"lightbox[2570]\"><img loading=\"lazy\" width=\"1024\" height=\"768\" src=\"http:\/\/www.ametllamar.cat\/esports\/wp-content\/uploads\/2021\/03\/57618290_2565076220229106_1094864709384929280_o-1024x768.jpg\" alt=\"\" class=\"wp-image-2259\" srcset=\"https:\/\/www.ametllamar.cat\/esports\/wp-content\/uploads\/2021\/03\/57618290_2565076220229106_1094864709384929280_o-1024x768.jpg 1024w, https:\/\/www.ametllamar.cat\/esports\/wp-content\/uploads\/2021\/03\/57618290_2565076220229106_1094864709384929280_o-300x225.jpg 300w, https:\/\/www.ametllamar.cat\/esports\/wp-content\/uploads\/2021\/03\/57618290_2565076220229106_1094864709384929280_o-768x576.jpg 768w, https:\/\/www.ametllamar.cat\/esports\/wp-content\/uploads\/2021\/03\/57618290_2565076220229106_1094864709384929280_o-1536x1152.jpg 1536w, https:\/\/www.ametllamar.cat\/esports\/wp-content\/uploads\/2021\/03\/57618290_2565076220229106_1094864709384929280_o-135x100.jpg 135w, https:\/\/www.ametllamar.cat\/esports\/wp-content\/uploads\/2021\/03\/57618290_2565076220229106_1094864709384929280_o.jpg 1600w\" sizes=\"(max-width: 1024px) 100vw, 1024px\" \/><\/a><\/figure>\n\n\n\n<p>Vols aprendre a navegar? o vols millorar la teva t\u00e8cnica?<\/p>\n\n\n\n<p>Aquest estiu el Club N\u00e0utic amb la col\u00b7laboraci\u00f3 de L&#8217;\u00c0rea Municipal d&#8217;Esports, organitza cursets de vela lleugera per a tots i totes els que vulgueu navegar!!<\/p>\n\n\n\n<p>Els cursets s\u00f3n de dilluns a divendres, de 10:30h a 13:30h i estan adre\u00e7ats a nens i nenes a partir de 8 anys.<\/p>\n\n\n\n<p>Si voleu m\u00e9s informaci\u00f3, adreceu-vos al Club N\u00e0utic L&#8217;Ametlla de Mar, al tel 977 45 72 40 o al correu electr\u00f2nic cnam@pcserveis.com.<\/p>\n\n\n\n<figure class=\"wp-block-image size-large\"><a href=\"http:\/\/www.ametllamar.cat\/esports\/wp-content\/uploads\/2021\/05\/Captura.jpg\" rel=\"lightbox[2570]\"><img loading=\"lazy\" width=\"492\" height=\"691\" src=\"http:\/\/www.ametllamar.cat\/esports\/wp-content\/uploads\/2021\/05\/Captura.jpg\" alt=\"\" class=\"wp-image-2571\" srcset=\"https:\/\/www.ametllamar.cat\/esports\/wp-content\/uploads\/2021\/05\/Captura.jpg 492w, https:\/\/www.ametllamar.cat\/esports\/wp-content\/uploads\/2021\/05\/Captura-214x300.jpg 214w\" sizes=\"(max-width: 492px) 100vw, 492px\" \/><\/a><\/figure>\n\n\n\n<div class=\"wp-block-file\"><a href=\"http:\/\/www.ametllamar.cat\/esports\/wp-content\/uploads\/2021\/05\/Full-dInscripcio-Campus-Vela-2021.pdf\">Full d&#8217;Inscripci\u00f3 Campus Vela 2021<\/a><a href=\"http:\/\/www.ametllamar.cat\/esports\/wp-content\/uploads\/2021\/05\/Full-dInscripcio-Campus-Vela-2021.pdf\" class=\"wp-block-file__button\" download>Baixa<\/a><\/div>\n\n\n\n<div class=\"wp-block-file\"><a href=\"http:\/\/www.ametllamar.cat\/esports\/wp-content\/uploads\/2021\/05\/Clausula-Informativa-Clients-i-Alumnes-menors-dedat.pdf\">Cl\u00e0usula Informativa Clients i Alumnes (menors d&#8217;edat)<\/a><a href=\"http:\/\/www.ametllamar.cat\/esports\/wp-content\/uploads\/2021\/05\/Clausula-Informativa-Clients-i-Alumnes-menors-dedat.pdf\" class=\"wp-block-file__button\" download>Baixa<\/a><\/div>\n\n\n\n<div class=\"wp-block-file\"><a href=\"http:\/\/www.ametllamar.cat\/esports\/wp-content\/uploads\/2021\/03\/2-1.png\" rel=\"lightbox[2570]\">Recomanacions<\/a><a href=\"http:\/\/www.ametllamar.cat\/esports\/wp-content\/uploads\/2021\/03\/2-1.png\" class=\"wp-block-file__button\" download rel=\"lightbox[2570]\">Baixa<\/a><\/div>\n\n\n","protected":false},"excerpt":{"rendered":"<p>Vols aprendre a navegar? o vols millorar la teva t\u00e8cnica? Aquest estiu el Club N\u00e0utic amb la col\u00b7laboraci\u00f3 de L&#8217;\u00c0rea [&hellip;]<\/p>\n","protected":false},"author":5,"featured_media":0,"parent":0,"menu_order":0,"comment_status":"closed","ping_status":"closed","template":"","meta":[],"_links":{"self":[{"href":"https:\/\/www.ametllamar.cat\/esports\/wp-json\/wp\/v2\/pages\/2570"}],"collection":[{"href":"https:\/\/www.ametllamar.cat\/esports\/wp-json\/wp\/v2\/pages"}],"about":[{"href":"https:\/\/www.ametllamar.cat\/esports\/wp-json\/wp\/v2\/types\/page"}],"author":[{"embeddable":true,"href":"https:\/\/www.ametllamar.cat\/esports\/wp-json\/wp\/v2\/users\/5"}],"replies":[{"embeddable":true,"href":"https:\/\/www.ametllamar.cat\/esports\/wp-json\/wp\/v2\/comments?post=2570"}],"version-history":[{"count":3,"href":"https:\/\/www.ametllamar.cat\/esports\/wp-json\/wp\/v2\/pages\/2570\/revisions"}],"predecessor-version":[{"id":2579,"href":"https:\/\/www.ametllamar.cat\/esports\/wp-json\/wp\/v2\/pages\/2570\/revisions\/2579"}],"wp:attachment":[{"href":"https:\/\/www.ametllamar.cat\/esports\/wp-json\/wp\/v2\/media?parent=2570"}],"curies":[{"name":"wp","href":"https:\/\/api.w.org\/{rel}","templated":true}]}}