{"id":235,"date":"2016-03-08T17:01:04","date_gmt":"2016-03-08T16:01:04","guid":{"rendered":"http:\/\/www.ametllamar.cat\/esports\/?page_id=235"},"modified":"2025-04-28T09:46:06","modified_gmt":"2025-04-28T07:46:06","slug":"diada-de-la-bicicleta","status":"publish","type":"page","link":"https:\/\/www.ametllamar.cat\/esports\/diada-de-la-bicicleta\/","title":{"rendered":"Diada de la Bicicleta"},"content":{"rendered":"\n<figure class=\"wp-block-image size-large\"><a href=\"https:\/\/www.ametllamar.cat\/esports\/wp-content\/uploads\/2025\/04\/Cartell-Diada-de-la-Bicicleta-A4.png\" rel=\"lightbox[235]\"><img loading=\"lazy\" width=\"724\" height=\"1024\" src=\"https:\/\/www.ametllamar.cat\/esports\/wp-content\/uploads\/2025\/04\/Cartell-Diada-de-la-Bicicleta-A4-724x1024.png\" alt=\"\" class=\"wp-image-4667\" srcset=\"https:\/\/www.ametllamar.cat\/esports\/wp-content\/uploads\/2025\/04\/Cartell-Diada-de-la-Bicicleta-A4-724x1024.png 724w, https:\/\/www.ametllamar.cat\/esports\/wp-content\/uploads\/2025\/04\/Cartell-Diada-de-la-Bicicleta-A4-212x300.png 212w, https:\/\/www.ametllamar.cat\/esports\/wp-content\/uploads\/2025\/04\/Cartell-Diada-de-la-Bicicleta-A4-768x1086.png 768w, https:\/\/www.ametllamar.cat\/esports\/wp-content\/uploads\/2025\/04\/Cartell-Diada-de-la-Bicicleta-A4-1086x1536.png 1086w, https:\/\/www.ametllamar.cat\/esports\/wp-content\/uploads\/2025\/04\/Cartell-Diada-de-la-Bicicleta-A4.png 1414w\" sizes=\"(max-width: 724px) 100vw, 724px\" \/><\/a><\/figure>\n\n\n\n<p>La Diada de la Bicicleta a L&#8217;Ametlla de Mar \u00e9s una jornada tradicional que es remunta a l&#8217;any 1982, convertint-se en la 2\u00aa diada de la bicicleta m\u00e9s antiga de la prov\u00edncia de Tarragona que durant molts anys va estar organitzada per l&#8217;Associaci\u00f3 Ciclista Xino-xano i actualment l&#8217;organitza l&#8217;\u00c0rea Municipal d&#8217;Esports de L&#8217;Ametlla de Mar. En la major part de les seves edicions, els aficionats a la bicicleta de totes les edats realitzen una marxa no competitiva que transcorre des de l&#8217;Ajuntament de L&#8217;Ametlla de Mar fins el Mas del Plat\u00e9 on es desenvolupa la totalitat d&#8217;aquesta popular festivitat on s&#8217;hi duen a terme nombroses i variades activitats al voltant de la bicicleta que es combinen amb la gastronomia del territori.<\/p>\n\n\n\n<div class=\"wp-block-image\"><figure class=\"aligncenter\"><a href=\"http:\/\/www.ametllamar.cat\/esports\/wp-content\/uploads\/2016\/03\/DSC_0021.jpg\"  rel=\"lightbox[235] attachment wp-att-625\"><img loading=\"lazy\" width=\"1024\" height=\"681\" src=\"http:\/\/www.ametllamar.cat\/esports\/wp-content\/uploads\/2016\/03\/DSC_0021-1024x681.jpg\" alt=\"DSC_0021\" class=\"wp-image-625\" srcset=\"https:\/\/www.ametllamar.cat\/esports\/wp-content\/uploads\/2016\/03\/DSC_0021-1024x681.jpg 1024w, https:\/\/www.ametllamar.cat\/esports\/wp-content\/uploads\/2016\/03\/DSC_0021-300x199.jpg 300w, https:\/\/www.ametllamar.cat\/esports\/wp-content\/uploads\/2016\/03\/DSC_0021-768x511.jpg 768w\" sizes=\"(max-width: 1024px) 100vw, 1024px\" \/><\/a><\/figure><\/div>\n\n\n\n<p>La marxa en bicicleta t\u00e9 aproximadament 6 quil\u00f2metres i \u00e9s apta per a totes les edats; un cop al Mas Plat\u00e9, es realitza una botifarrada popular que d\u00f3na pas a les seg\u00fcents activitats:<\/p>\n\n\n\n<ul><li>Sortida en BTT j\u00fanior i adults<\/li><li>Curses Infantil de BTT<\/li><li>Cursa Infantil<\/li><li>Curses d&#8217;Esl\u00e0lom<\/li><li>Curses Lentes<\/li><li>Torneig Medieval&nbsp;Patufets&nbsp;en Bicicleta<\/li><li>Torneig de Futbol Bike<\/li><\/ul>\n\n\n\n<figure class=\"wp-block-image\"><a href=\"http:\/\/www.ametllamar.cat\/esports\/wp-content\/uploads\/2016\/03\/DSC_0235.jpg\"  rel=\"lightbox[235] attachment wp-att-626\"><img loading=\"lazy\" width=\"300\" height=\"199\" src=\"http:\/\/www.ametllamar.cat\/esports\/wp-content\/uploads\/2016\/03\/DSC_0235-300x199.jpg\" alt=\"DSC_0235\" class=\"wp-image-626\" srcset=\"https:\/\/www.ametllamar.cat\/esports\/wp-content\/uploads\/2016\/03\/DSC_0235-300x199.jpg 300w, https:\/\/www.ametllamar.cat\/esports\/wp-content\/uploads\/2016\/03\/DSC_0235-768x511.jpg 768w, https:\/\/www.ametllamar.cat\/esports\/wp-content\/uploads\/2016\/03\/DSC_0235-1024x681.jpg 1024w\" sizes=\"(max-width: 300px) 100vw, 300px\" \/><\/a><\/figure>\n\n\n\n<figure class=\"wp-block-image\"><a href=\"http:\/\/www.ametllamar.cat\/esports\/wp-content\/uploads\/2016\/03\/DSC_0252.jpg\"  rel=\"lightbox[235] attachment wp-att-627\"><img loading=\"lazy\" width=\"300\" height=\"199\" src=\"http:\/\/www.ametllamar.cat\/esports\/wp-content\/uploads\/2016\/03\/DSC_0252-300x199.jpg\" alt=\"DSC_0252\" class=\"wp-image-627\" srcset=\"https:\/\/www.ametllamar.cat\/esports\/wp-content\/uploads\/2016\/03\/DSC_0252-300x199.jpg 300w, https:\/\/www.ametllamar.cat\/esports\/wp-content\/uploads\/2016\/03\/DSC_0252-768x511.jpg 768w, https:\/\/www.ametllamar.cat\/esports\/wp-content\/uploads\/2016\/03\/DSC_0252-1024x681.jpg 1024w\" sizes=\"(max-width: 300px) 100vw, 300px\" \/><\/a><\/figure>\n\n\n\n<figure class=\"wp-block-image\"><a href=\"http:\/\/www.ametllamar.cat\/esports\/wp-content\/uploads\/2016\/03\/DSC_0257.jpg\"  rel=\"lightbox[235] attachment wp-att-628\"><img loading=\"lazy\" width=\"300\" height=\"199\" src=\"http:\/\/www.ametllamar.cat\/esports\/wp-content\/uploads\/2016\/03\/DSC_0257-300x199.jpg\" alt=\"DSC_0257\" class=\"wp-image-628\" srcset=\"https:\/\/www.ametllamar.cat\/esports\/wp-content\/uploads\/2016\/03\/DSC_0257-300x199.jpg 300w, https:\/\/www.ametllamar.cat\/esports\/wp-content\/uploads\/2016\/03\/DSC_0257-768x511.jpg 768w, https:\/\/www.ametllamar.cat\/esports\/wp-content\/uploads\/2016\/03\/DSC_0257-1024x681.jpg 1024w\" sizes=\"(max-width: 300px) 100vw, 300px\" \/><\/a><\/figure>\n\n\n\n<figure class=\"wp-block-image\"><a href=\"http:\/\/www.ametllamar.cat\/esports\/wp-content\/uploads\/2016\/03\/DSC_0260.jpg\"  rel=\"lightbox[235] attachment wp-att-629\"><img loading=\"lazy\" width=\"300\" height=\"199\" src=\"http:\/\/www.ametllamar.cat\/esports\/wp-content\/uploads\/2016\/03\/DSC_0260-300x199.jpg\" alt=\"DSC_0260\" class=\"wp-image-629\" srcset=\"https:\/\/www.ametllamar.cat\/esports\/wp-content\/uploads\/2016\/03\/DSC_0260-300x199.jpg 300w, https:\/\/www.ametllamar.cat\/esports\/wp-content\/uploads\/2016\/03\/DSC_0260-768x511.jpg 768w, https:\/\/www.ametllamar.cat\/esports\/wp-content\/uploads\/2016\/03\/DSC_0260-1024x681.jpg 1024w\" sizes=\"(max-width: 300px) 100vw, 300px\" \/><\/a><\/figure>\n\n\n\n<p>Despr\u00e9s del lliurament de reconeixements i trofeus, bona part dels ve\u00efns de la poblaci\u00f3 es queden a dinar de picnic a les immediacions del Mas Plat\u00e9 amenitzats pels jocs tradicionals i populars que tenen lloc a la tarda (saltar i estirar la corda, curses de sacs, joc de trencar les olles,&#8230;).<\/p>\n\n\n\n<figure class=\"wp-block-image\"><a href=\"http:\/\/www.ametllamar.cat\/esports\/wp-content\/uploads\/2016\/03\/DSC_0386.jpg\"  rel=\"lightbox[235] attachment wp-att-630\"><img loading=\"lazy\" width=\"300\" height=\"199\" src=\"http:\/\/www.ametllamar.cat\/esports\/wp-content\/uploads\/2016\/03\/DSC_0386-300x199.jpg\" alt=\"DSC_0386\" class=\"wp-image-630\" srcset=\"https:\/\/www.ametllamar.cat\/esports\/wp-content\/uploads\/2016\/03\/DSC_0386-300x199.jpg 300w, https:\/\/www.ametllamar.cat\/esports\/wp-content\/uploads\/2016\/03\/DSC_0386-768x511.jpg 768w, https:\/\/www.ametllamar.cat\/esports\/wp-content\/uploads\/2016\/03\/DSC_0386-1024x681.jpg 1024w\" sizes=\"(max-width: 300px) 100vw, 300px\" \/><\/a><\/figure>\n\n\n\n<figure class=\"wp-block-image\"><a href=\"http:\/\/www.ametllamar.cat\/esports\/wp-content\/uploads\/2016\/03\/DSC_0447.jpg\"  rel=\"lightbox[235] attachment wp-att-631\"><img loading=\"lazy\" width=\"300\" height=\"199\" src=\"http:\/\/www.ametllamar.cat\/esports\/wp-content\/uploads\/2016\/03\/DSC_0447-300x199.jpg\" alt=\"DSC_0447\" class=\"wp-image-631\" srcset=\"https:\/\/www.ametllamar.cat\/esports\/wp-content\/uploads\/2016\/03\/DSC_0447-300x199.jpg 300w, https:\/\/www.ametllamar.cat\/esports\/wp-content\/uploads\/2016\/03\/DSC_0447-768x511.jpg 768w, https:\/\/www.ametllamar.cat\/esports\/wp-content\/uploads\/2016\/03\/DSC_0447-1024x681.jpg 1024w\" sizes=\"(max-width: 300px) 100vw, 300px\" \/><\/a><\/figure>\n\n\n\n<p>Totes les persones organitzen la baixada al poble pel seu compte ja sigui en bicicleta o en vehicles particulars.<\/p>\n\n\n\n<p>RECOMANACIONS I NORMATIVA<\/p>\n\n\n\n<ul><li>Es recomana la participaci\u00f3 en fam\u00edlia en la marxa ciclista per a estr\u00e8nyer els lligams entre pares, mares i fills\/es.<\/li><li>Es recomana l&#8217;\u00fas de casc tot i&nbsp;en els casos que no sigui obligatori.<\/li><li>Els menors d&#8217;edat hauran de disposar de la corresponent autoritzaci\u00f3 pels seus pares, mares i\/o tutors legals.<\/li><li>S\u00f3n d&#8217;obligat compliment les normes contemplades en el Reglament General de Circulaci\u00f3 i en el Reglament General de Vehicles.<\/li><li>\u00c9s totalment indispensable i obligat\u00f2ria la inscripci\u00f3 per a la participaci\u00f3 en la marxa ciclista i les diferents activitats previstes sota la responsabilitat de l&#8217;\u00c0rea Municipal d&#8217;Esports de l&#8217;Ajuntament de L&#8217;Ametlla de Mar.<\/li><\/ul>\n\n\n\n<p>RECORREGUT<\/p>\n\n\n\n<ul><li>Dist\u00e0ncia: 6,6 Km<\/li><li>Desnivell: Ascendent &#8211; 113 m; Descendent &#8211;&nbsp;1 m<\/li><li>Temps aproximat: 25-30 minuts<\/li><\/ul>\n\n\n\n<figure class=\"wp-block-image\"><a href=\"http:\/\/www.ametllamar.cat\/esports\/wp-content\/uploads\/2016\/03\/Untitled-1.gif\"  rel=\"lightbox[235] attachment wp-att-622\"><img loading=\"lazy\" width=\"2825\" height=\"2131\" src=\"http:\/\/www.ametllamar.cat\/esports\/wp-content\/uploads\/2016\/03\/Untitled-1.gif\" alt=\"Untitled-1\" class=\"wp-image-622\"\/><\/a><\/figure>\n\n\n\n<p><strong>Per m\u00e9s informaci\u00f3 i inscripcions al CEM La Cala &#8211; 977103897 &#8211; cemlacala@ametllamar.cat<\/strong><\/p>\n\n\n\n<div class=\"wp-block-contact-form-7-contact-form-selector\"><div role=\"form\" class=\"wpcf7\" id=\"wpcf7-f599-o1\" lang=\"ca\" dir=\"ltr\">\n<div class=\"screen-reader-response\"><p role=\"status\" aria-live=\"polite\" aria-atomic=\"true\"><\/p> <ul><\/ul><\/div>\n<form action=\"\/esports\/wp-json\/wp\/v2\/pages\/235?lang=de#wpcf7-f599-o1\" method=\"post\" class=\"wpcf7-form init\" novalidate=\"novalidate\" data-status=\"init\">\n<div style=\"display: none;\">\n<input type=\"hidden\" name=\"_wpcf7\" value=\"599\" \/>\n<input type=\"hidden\" name=\"_wpcf7_version\" value=\"5.4.1\" \/>\n<input type=\"hidden\" name=\"_wpcf7_locale\" value=\"ca\" \/>\n<input type=\"hidden\" name=\"_wpcf7_unit_tag\" value=\"wpcf7-f599-o1\" \/>\n<input type=\"hidden\" name=\"_wpcf7_container_post\" value=\"0\" \/>\n<input type=\"hidden\" name=\"_wpcf7_posted_data_hash\" value=\"\" \/>\n<\/div>\n<p>Nom i cognoms (obligatori)<br \/>\n    <span class=\"wpcf7-form-control-wrap your-name\"><input type=\"text\" name=\"your-name\" value=\"\" size=\"40\" class=\"wpcf7-form-control wpcf7-text wpcf7-validates-as-required\" aria-required=\"true\" aria-invalid=\"false\" \/><\/span> <\/p>\n<p>Tel\u00e8fon (obligatori)<br \/>\n<span class=\"wpcf7-form-control-wrap telefon\"><input type=\"tel\" name=\"telefon\" value=\"\" size=\"40\" class=\"wpcf7-form-control wpcf7-text wpcf7-tel wpcf7-validates-as-required wpcf7-validates-as-tel\" aria-required=\"true\" aria-invalid=\"false\" \/><\/span> <\/p>\n<p>Tel\u00e8fon en cas d'emerg\u00e8ncia (obligatori)<br \/>\n<span class=\"wpcf7-form-control-wrap telefon\"><input type=\"tel\" name=\"telefon\" value=\"\" size=\"40\" class=\"wpcf7-form-control wpcf7-text wpcf7-tel wpcf7-validates-as-required wpcf7-validates-as-tel\" aria-required=\"true\" aria-invalid=\"false\" \/><\/span> <\/p>\n<p>E-mail (obligatori)<br \/>\n    <span class=\"wpcf7-form-control-wrap your-email\"><input type=\"email\" name=\"your-email\" value=\"\" size=\"40\" class=\"wpcf7-form-control wpcf7-text wpcf7-email wpcf7-validates-as-required wpcf7-validates-as-email\" aria-required=\"true\" aria-invalid=\"false\" \/><\/span> <\/p>\n<p>Data de naixement (obligatori)<br \/>\n<span class=\"wpcf7-form-control-wrap Datadenaixement\"><input type=\"text\" name=\"Datadenaixement\" value=\"\" size=\"40\" class=\"wpcf7-form-control wpcf7-text wpcf7-validates-as-required\" aria-required=\"true\" aria-invalid=\"false\" \/><\/span> <\/p>\n<p>Adre\u00e7a (obligatori)<br \/> <span class=\"wpcf7-form-control-wrap Adrea\"><input type=\"text\" name=\"Adrea\" value=\"\" size=\"40\" class=\"wpcf7-form-control wpcf7-text wpcf7-validates-as-required\" aria-required=\"true\" aria-invalid=\"false\" \/><\/span> <\/p>\n<p>Municipi (obligatori)<br \/> <span class=\"wpcf7-form-control-wrap Municipi\"><input type=\"text\" name=\"Municipi\" value=\"\" size=\"40\" class=\"wpcf7-form-control wpcf7-text wpcf7-validates-as-required\" aria-required=\"true\" aria-invalid=\"false\" \/><\/span> <\/p>\n<p>Comprom\u00eds pagament inscripci\u00f3 (obligatori)<br \/><span class=\"wpcf7-form-control-wrap PreuInscipcions\"><select name=\"PreuInscipcions\" class=\"wpcf7-form-control wpcf7-select wpcf7-validates-as-required\" aria-required=\"true\" aria-invalid=\"false\"><option value=\"Marxa bicicleta i activitats: 2 \u20ac\">Marxa bicicleta i activitats: 2 \u20ac<\/option><option value=\"Marxa bicicleta i activitats + Botifarra: 3\u20ac\">Marxa bicicleta i activitats + Botifarra: 3\u20ac<\/option><\/select><\/span><\/p>\n<p>*Amb la present inscripci\u00f3 el participant es compromet a assistir i a pagar la inscripci\u00f3 d'acord amb els preus i la forma de pagament destinades a tals efectes.<br \/>\n*La persona inscrita afirma mitjan\u00e7ant la present que no coneix cap causa a nivell f\u00edsic i de salut que l'impedeixi realitzar amb total seguretat la prova esportiva a la qual desitja participar de forma volunt\u00e0ria.<br \/>\n*Els menors d'edat requeriran l'assist\u00e8ncia del seu pare, mare i\/o tutor legals o la corresponent autoritzaci\u00f3 per a participar sols a l'activitat.<\/p>\n<p><input type=\"submit\" value=\"Enviar\" class=\"wpcf7-form-control wpcf7-submit\" \/><\/p>\n<div class=\"wpcf7-response-output\" aria-hidden=\"true\"><\/div><\/form><\/div><\/div>\n","protected":false},"excerpt":{"rendered":"<p>La Diada de la Bicicleta a L&#8217;Ametlla de Mar \u00e9s una jornada tradicional que es remunta a l&#8217;any 1982, convertint-se [&hellip;]<\/p>\n","protected":false},"author":2,"featured_media":0,"parent":0,"menu_order":0,"comment_status":"closed","ping_status":"closed","template":"","meta":[],"_links":{"self":[{"href":"https:\/\/www.ametllamar.cat\/esports\/wp-json\/wp\/v2\/pages\/235"}],"collection":[{"href":"https:\/\/www.ametllamar.cat\/esports\/wp-json\/wp\/v2\/pages"}],"about":[{"href":"https:\/\/www.ametllamar.cat\/esports\/wp-json\/wp\/v2\/types\/page"}],"author":[{"embeddable":true,"href":"https:\/\/www.ametllamar.cat\/esports\/wp-json\/wp\/v2\/users\/2"}],"replies":[{"embeddable":true,"href":"https:\/\/www.ametllamar.cat\/esports\/wp-json\/wp\/v2\/comments?post=235"}],"version-history":[{"count":10,"href":"https:\/\/www.ametllamar.cat\/esports\/wp-json\/wp\/v2\/pages\/235\/revisions"}],"predecessor-version":[{"id":4669,"href":"https:\/\/www.ametllamar.cat\/esports\/wp-json\/wp\/v2\/pages\/235\/revisions\/4669"}],"wp:attachment":[{"href":"https:\/\/www.ametllamar.cat\/esports\/wp-json\/wp\/v2\/media?parent=235"}],"curies":[{"name":"wp","href":"https:\/\/api.w.org\/{rel}","templated":true}]}}