{"id":2113,"date":"2020-12-16T13:30:01","date_gmt":"2020-12-16T12:30:01","guid":{"rendered":"http:\/\/www.ametllamar.cat\/esports\/?page_id=2113"},"modified":"2021-07-07T10:13:42","modified_gmt":"2021-07-07T08:13:42","slug":"psicomotricitat","status":"publish","type":"page","link":"https:\/\/www.ametllamar.cat\/esports\/psicomotricitat\/","title":{"rendered":"Psicomotricitat"},"content":{"rendered":"\n<figure class=\"wp-block-image size-large\"><a href=\"https:\/\/www.ametllamar.cat\/esports\/wp-content\/uploads\/2021\/07\/unnamed.jpg\" rel=\"lightbox[2113]\"><img loading=\"lazy\" width=\"512\" height=\"256\" src=\"https:\/\/www.ametllamar.cat\/esports\/wp-content\/uploads\/2021\/07\/unnamed.jpg\" alt=\"\" class=\"wp-image-2729\" srcset=\"https:\/\/www.ametllamar.cat\/esports\/wp-content\/uploads\/2021\/07\/unnamed.jpg 512w, https:\/\/www.ametllamar.cat\/esports\/wp-content\/uploads\/2021\/07\/unnamed-300x150.jpg 300w\" sizes=\"(max-width: 512px) 100vw, 512px\" \/><\/a><\/figure>\n\n\n\n<p><strong>PSICOMOTRICITAT<\/strong><\/p>\n\n\n\n<p>El terme \u201cpsicomotricitat\u201d integra les interaccions cognitives, emocionals, simb\u00f2liques, sensorials i motrius (sensoriomotrius) en la capacitat de ser i d\u2019expressar-se en un context psicosocial. La psicomotricitat \u00e9s essencial en el desenvolupament harm\u00f2nic de la personalitat de l\u2019infant.<strong><em>\u00a0<\/em><\/strong><\/p>\n\n\n\n<p>A trav\u00e9s de la intervenci\u00f3 psicomotriu podem treballar diferents aspectes:&nbsp;<\/p>\n\n\n\n<p>a)&nbsp;&nbsp;&nbsp;&nbsp; ASPECTE MOTOR (ESQUEMA MOTOR FUNCIONAL):<\/p>\n\n\n\n<ul><li>Coordinaci\u00f3 din\u00e0mica general<\/li><li>Coordinaci\u00f3 visiomotriu<\/li><li>Equilibri<\/li><li>Lateralitat<\/li><li>Conductes perceptiu-motrius: organitzaci\u00f3, localitzaci\u00f3, estructuraci\u00f3 de l\u2019espai \u2013 temps, ritme\u2026&nbsp;<\/li><\/ul>\n\n\n\n<p>b)&nbsp;&nbsp;&nbsp;&nbsp; ASPECTE COGNITIU: Desenvolupar les capacitats sensitives, perceptives i representativa, potenciar i desenvolupar la mem\u00f2ria i la imaginaci\u00f3, etc\u2026&nbsp;<\/p>\n\n\n\n<p>c)&nbsp;&nbsp;&nbsp;&nbsp;&nbsp; ASPECTE AFECTIU-RELACIONAL:&nbsp; Presa de consci\u00e8ncia d\u2019un mateix: l\u00edmits, sentiments, emocions, seguretat\u2026 Presa de consci\u00e8ncia del m\u00f3n que l\u2019envolta: espai \u2013 temps -objectes<br>Presa de consci\u00e8ncia dels altres: relacions, difer\u00e8ncies, intercanvis, llenguatge afectiu i corporal\u2026<\/p>\n\n\n\n<p>OBJECTIUS<\/p>\n\n\n\n<ul><li>Aconseguir la integraci\u00f3 social dels nens\/nenes mitjan\u00e7ant l\u2019esport.<\/li><li>Promoure l\u2019adquisici\u00f3 d\u2019h\u00e0bits esportius que l\u2019allunyin d\u2019h\u00e0bits perjudicials per a la salut i complementin el creixent nombre d\u2019h\u00e0bits sedentaris (televisi\u00f3 i ordenadors).<\/li><li>Promoure un desenvolupament adequat dels Patrons Motrius B\u00e0sics.<\/li><li>Promoure un bon desenvolupament antropom\u00e8tric i postural.<\/li><li>Motivar als nens\/nenes per a la pr\u00e0ctica del esport.<\/li><li>Donar a con\u00e8ixer diferents disciplines esports.<\/li><li>Dotar d\u2019una base motora suficient sobre la que poder iniciar-se en diferents modalitats esportives.<\/li><li>Aconseguir que el nen\/a aconsegueixi realitzar motriument all\u00f2 que es proposa mentalment .<\/li><\/ul>\n\n\n\n<p>CONTINGUTS<\/p>\n\n\n\n<ul><li>Patrons motors b\u00e0sics: despla\u00e7aments, salts, equilibris, coordinacions, trepa,&#8230;<\/li><li>Jocs populars i tradicionals<\/li><li>Activitats gimn\u00e0stiques elementals<\/li><li>Iniciaci\u00f3 als esports individuals i col\u00b7lectius<\/li><\/ul>\n\n\n\n<p>PROCEDIMENTS<em>METODOLOGIA:<\/em> La did\u00e0ctica emprada per a l\u2019ensenyament de la Psicomotricitat estar\u00e0 basada en la utilitzaci\u00f3 de jocs i circuits.<\/p>\n\n\n\n<div class=\"wp-block-image\"><figure class=\"aligncenter size-large\"><a href=\"https:\/\/www.ametllamar.cat\/esports\/wp-content\/uploads\/2021\/07\/estructuras-modulos-y-colchonetas-de-motricidad.jpg\" rel=\"lightbox[2113]\"><img loading=\"lazy\" width=\"270\" height=\"270\" src=\"https:\/\/www.ametllamar.cat\/esports\/wp-content\/uploads\/2021\/07\/estructuras-modulos-y-colchonetas-de-motricidad.jpg\" alt=\"\" class=\"wp-image-2730\" srcset=\"https:\/\/www.ametllamar.cat\/esports\/wp-content\/uploads\/2021\/07\/estructuras-modulos-y-colchonetas-de-motricidad.jpg 270w, https:\/\/www.ametllamar.cat\/esports\/wp-content\/uploads\/2021\/07\/estructuras-modulos-y-colchonetas-de-motricidad-150x150.jpg 150w\" sizes=\"(max-width: 270px) 100vw, 270px\" \/><\/a><\/figure><\/div>\n\n\n\n<p><em>ORGANITZACI\u00d3 DE LES SESSIONS\u00a0:<\/em> Les sessions tindran una duraci\u00f3 m\u00e0xima de 1 hora i constaran de les seg\u00fcents parts\u00a0:<\/p>\n\n\n\n<ul><li>Activaci\u00f3 o Escalfament: Exercicis de flexibilitat i mobilitat articular seguits d\u2019una part de treball aer\u00f2bic lleuger, mitjan\u00e7ant la utilitzaci\u00f3 de jocs, que ajudi a preparar l\u2019organisme per a la realitzaci\u00f3 del treball de la part principal.<\/li><\/ul>\n\n\n\n<ul><li>Part Principal: Exercicis i\/o jocs dirigits a la consecuci\u00f3 d\u2019un o m\u00e9s objectius del programa.<\/li><\/ul>\n\n\n\n<ul><li>Retorn a la Calma: Exercicis i\/o jocs de Flexibilitat, Mobilitat articular i Relaxaci\u00f3 que ajudin al nen\/a a baixar les pulsacions a nivell basal.<\/li><\/ul>\n","protected":false},"excerpt":{"rendered":"<p>PSICOMOTRICITAT El terme \u201cpsicomotricitat\u201d integra les interaccions cognitives, emocionals, simb\u00f2liques, sensorials i motrius (sensoriomotrius) en la capacitat de ser i [&hellip;]<\/p>\n","protected":false},"author":2,"featured_media":0,"parent":0,"menu_order":0,"comment_status":"closed","ping_status":"closed","template":"","meta":[],"_links":{"self":[{"href":"https:\/\/www.ametllamar.cat\/esports\/wp-json\/wp\/v2\/pages\/2113"}],"collection":[{"href":"https:\/\/www.ametllamar.cat\/esports\/wp-json\/wp\/v2\/pages"}],"about":[{"href":"https:\/\/www.ametllamar.cat\/esports\/wp-json\/wp\/v2\/types\/page"}],"author":[{"embeddable":true,"href":"https:\/\/www.ametllamar.cat\/esports\/wp-json\/wp\/v2\/users\/2"}],"replies":[{"embeddable":true,"href":"https:\/\/www.ametllamar.cat\/esports\/wp-json\/wp\/v2\/comments?post=2113"}],"version-history":[{"count":2,"href":"https:\/\/www.ametllamar.cat\/esports\/wp-json\/wp\/v2\/pages\/2113\/revisions"}],"predecessor-version":[{"id":2731,"href":"https:\/\/www.ametllamar.cat\/esports\/wp-json\/wp\/v2\/pages\/2113\/revisions\/2731"}],"wp:attachment":[{"href":"https:\/\/www.ametllamar.cat\/esports\/wp-json\/wp\/v2\/media?parent=2113"}],"curies":[{"name":"wp","href":"https:\/\/api.w.org\/{rel}","templated":true}]}}