{"id":197,"date":"2016-03-08T13:56:51","date_gmt":"2016-03-08T12:56:51","guid":{"rendered":"http:\/\/www.ametllamar.cat\/esports\/?page_id=197"},"modified":"2024-04-29T21:32:18","modified_gmt":"2024-04-29T19:32:18","slug":"clubs","status":"publish","type":"page","link":"https:\/\/www.ametllamar.cat\/esports\/clubs\/","title":{"rendered":"CLUBS"},"content":{"rendered":"<h1 style=\"text-align: center;\"><strong>CONSELL ESPORTIU CONSULTIU DE L\u2019AMETLLA DE MAR<\/strong><\/h1>\n\n\n<figure class=\"wp-block-image size-large is-resized\"><a href=\"https:\/\/www.ametllamar.cat\/esports\/wp-content\/uploads\/2024\/04\/LOGO-CECAM.png\" rel=\"lightbox[197]\"><img loading=\"lazy\" src=\"https:\/\/www.ametllamar.cat\/esports\/wp-content\/uploads\/2024\/04\/LOGO-CECAM-1024x1024.png\" alt=\"\" class=\"wp-image-4120\" width=\"836\" height=\"836\" srcset=\"https:\/\/www.ametllamar.cat\/esports\/wp-content\/uploads\/2024\/04\/LOGO-CECAM-1024x1024.png 1024w, https:\/\/www.ametllamar.cat\/esports\/wp-content\/uploads\/2024\/04\/LOGO-CECAM-300x300.png 300w, https:\/\/www.ametllamar.cat\/esports\/wp-content\/uploads\/2024\/04\/LOGO-CECAM-150x150.png 150w, https:\/\/www.ametllamar.cat\/esports\/wp-content\/uploads\/2024\/04\/LOGO-CECAM-768x768.png 768w, https:\/\/www.ametllamar.cat\/esports\/wp-content\/uploads\/2024\/04\/LOGO-CECAM-1536x1536.png 1536w, https:\/\/www.ametllamar.cat\/esports\/wp-content\/uploads\/2024\/04\/LOGO-CECAM-2048x2048.png 2048w\" sizes=\"(max-width: 836px) 100vw, 836px\" \/><\/a><\/figure>\n\n\n\n<p>L&#8217;Ajuntament de L\u2019Ametlla de Mar crea el Consell Esportiu Consultiu L\u2019Ametlla de Mar establint el procediment adequat per a canalitzar la participaci\u00f3 democr\u00e0tica de la ciutadania des de les entitats sense \u00e0nim de lucre, els centres d\u2019ensenyament, les associacions, els clubs esportius, els centres sociosanitaris i altres formes jur\u00eddiques legalment constitu\u00efdes i registrades que disposin d\u2019actius o ofereixin serveis d\u2019activitat f\u00edsica, d\u2019exercici f\u00edsic o esportius a la poblaci\u00f3, en tots aquells assumptes i mat\u00e8ries que d\u2019una forma directa o indirecta puguin incidir en el desenvolupament i foment de l\u2019activitat f\u00edsica, l\u2019exercici f\u00edsic i l\u2019esport en les persones infants, joves, adultes, discapacitades i de la tercera edat a L\u2019Ametlla de Mar.<\/p>\n\n\n\n<p>&nbsp;Es constitueix el Consell Esportiu Consultiu L\u2019Ametlla de Mar com a \u00f2rgan complementari per a la consulta, comunicaci\u00f3, suport i col\u00b7laboraci\u00f3 bidireccional de l&#8217;Ajuntament de L\u2019Ametlla de Mar i els seus organismes dependents amb el teixit socioesportiu i de suport al mateix a nivell local.<\/p>\n\n\n\n<figure class=\"wp-block-image size-large\"><a href=\"https:\/\/www.ametllamar.cat\/esports\/wp-content\/uploads\/2024\/04\/MISSIO.jpg\" rel=\"lightbox[197]\"><img loading=\"lazy\" width=\"858\" height=\"613\" src=\"https:\/\/www.ametllamar.cat\/esports\/wp-content\/uploads\/2024\/04\/MISSIO.jpg\" alt=\"\" class=\"wp-image-4121\" srcset=\"https:\/\/www.ametllamar.cat\/esports\/wp-content\/uploads\/2024\/04\/MISSIO.jpg 858w, https:\/\/www.ametllamar.cat\/esports\/wp-content\/uploads\/2024\/04\/MISSIO-300x214.jpg 300w, https:\/\/www.ametllamar.cat\/esports\/wp-content\/uploads\/2024\/04\/MISSIO-768x549.jpg 768w\" sizes=\"(max-width: 858px) 100vw, 858px\" \/><\/a><\/figure>\n\n\n\n<p><\/p>\n\n\n\n<figure class=\"wp-block-image size-large\"><a href=\"https:\/\/www.ametllamar.cat\/esports\/wp-content\/uploads\/2024\/04\/VISIO.jpg\" rel=\"lightbox[197]\"><img loading=\"lazy\" width=\"856\" height=\"621\" src=\"https:\/\/www.ametllamar.cat\/esports\/wp-content\/uploads\/2024\/04\/VISIO.jpg\" alt=\"\" class=\"wp-image-4122\" srcset=\"https:\/\/www.ametllamar.cat\/esports\/wp-content\/uploads\/2024\/04\/VISIO.jpg 856w, https:\/\/www.ametllamar.cat\/esports\/wp-content\/uploads\/2024\/04\/VISIO-300x218.jpg 300w, https:\/\/www.ametllamar.cat\/esports\/wp-content\/uploads\/2024\/04\/VISIO-768x557.jpg 768w\" sizes=\"(max-width: 856px) 100vw, 856px\" \/><\/a><\/figure>\n\n\n\n<p><\/p>\n\n\n\n<figure class=\"wp-block-image size-large\"><a href=\"https:\/\/www.ametllamar.cat\/esports\/wp-content\/uploads\/2024\/04\/VALORS.jpg\" rel=\"lightbox[197]\"><img loading=\"lazy\" width=\"862\" height=\"643\" src=\"https:\/\/www.ametllamar.cat\/esports\/wp-content\/uploads\/2024\/04\/VALORS.jpg\" alt=\"\" class=\"wp-image-4123\" srcset=\"https:\/\/www.ametllamar.cat\/esports\/wp-content\/uploads\/2024\/04\/VALORS.jpg 862w, https:\/\/www.ametllamar.cat\/esports\/wp-content\/uploads\/2024\/04\/VALORS-300x224.jpg 300w, https:\/\/www.ametllamar.cat\/esports\/wp-content\/uploads\/2024\/04\/VALORS-768x573.jpg 768w, https:\/\/www.ametllamar.cat\/esports\/wp-content\/uploads\/2024\/04\/VALORS-135x100.jpg 135w\" sizes=\"(max-width: 862px) 100vw, 862px\" \/><\/a><\/figure>\n\n\n\n<p><\/p>\n\n\n\n<figure class=\"wp-block-image size-large\"><a href=\"https:\/\/www.ametllamar.cat\/esports\/wp-content\/uploads\/2024\/04\/FINALITAT.jpg\" rel=\"lightbox[197]\"><img loading=\"lazy\" width=\"853\" height=\"308\" src=\"https:\/\/www.ametllamar.cat\/esports\/wp-content\/uploads\/2024\/04\/FINALITAT.jpg\" alt=\"\" class=\"wp-image-4131\" srcset=\"https:\/\/www.ametllamar.cat\/esports\/wp-content\/uploads\/2024\/04\/FINALITAT.jpg 853w, https:\/\/www.ametllamar.cat\/esports\/wp-content\/uploads\/2024\/04\/FINALITAT-300x108.jpg 300w, https:\/\/www.ametllamar.cat\/esports\/wp-content\/uploads\/2024\/04\/FINALITAT-768x277.jpg 768w\" sizes=\"(max-width: 853px) 100vw, 853px\" \/><\/a><\/figure>\n\n\n\n<p>A. <strong><em>Fomentar la participaci\u00f3 ciutadana, de les entitats esportives, dels centres d\u2019ensenyament, dels centres de sociosanitaris i d\u2019altres entitat vinculades en els assumptes municipals relacionats amb l&#8217;activitat f\u00edsica, l\u2019exercici f\u00edsic i l\u2019esport a L\u2019Ametlla de Mar.<\/em><\/strong> <\/p>\n\n\n\n<p>B. <strong><em>Assessorar l&#8217;Ajuntament de L\u2019Ametlla de Mar en aquells aspectes que fan refer\u00e8ncia a les pol\u00edtiques esportives i a les seves necessitats en activitats, serveis i infraestructures.<\/em><\/strong><\/p>\n\n\n\n<p>C.<strong><em> Visibilitzar i promoure la tasca de les entitats que ofereixen serveis fisicoesportius a la poblaci\u00f3, donar suport a les mateixes i programar i coordinar l\u2019\u00fas dels espais p\u00fablics locals d\u2019\u00fas fisicoesportiu per a la seva optimitzaci\u00f3.<\/em><\/strong> <\/p>\n\n\n\n<p>D. <strong><em>Promoure l\u2019assessorament, la formaci\u00f3 i la col\u00b7laboraci\u00f3 necess\u00e0ria per a optimitzar els serveis fisicoesportius del municipi des de la seguretat, la qualitat i el compliance.<\/em><\/strong> <\/p>\n\n\n\n<p>E. <strong><em>Qualsevol altra acci\u00f3 que contribueixi al desenvolupament social i fisicoesportiu de la poblaci\u00f3 i al foment d&#8217;una ciutadania participativa i activa.<\/em><\/strong><\/p>\n\n\n\n<h2>CONSTITUCI\u00d3 I REGLAMENT<\/h2>\n\n\n\n<div class=\"wp-block-file\"><a href=\"https:\/\/www.ametllamar.cat\/esports\/wp-content\/uploads\/2024\/04\/CONSTITUCIO-I-REGLAMENT-CONSELL-ESPORTIU-CONSULTIU-LAMETLLA-DE-MAR-1.pdf\">CONSTITUCIO-I-REGLAMENT-CONSELL-ESPORTIU-CONSULTIU-LAMETLLA-DE-MAR-1<\/a><a href=\"https:\/\/www.ametllamar.cat\/esports\/wp-content\/uploads\/2024\/04\/CONSTITUCIO-I-REGLAMENT-CONSELL-ESPORTIU-CONSULTIU-LAMETLLA-DE-MAR-1.pdf\" class=\"wp-block-file__button\" download>Baixa<\/a><\/div>\n\n\n\n<div class=\"wp-block-file\"><a href=\"https:\/\/www.ametllamar.cat\/esports\/wp-content\/uploads\/2024\/04\/25-04-2024-PRESENTACIO-CONSTITUCIO-CECAM-1.pdf\">25-04-2024-PRESENTACIO-CONSTITUCIO-CECAM-1<\/a><a href=\"https:\/\/www.ametllamar.cat\/esports\/wp-content\/uploads\/2024\/04\/25-04-2024-PRESENTACIO-CONSTITUCIO-CECAM-1.pdf\" class=\"wp-block-file__button\" download>Baixa<\/a><\/div>\n","protected":false},"excerpt":{"rendered":"<p>CONSELL ESPORTIU CONSULTIU DE L\u2019AMETLLA DE MAR L&#8217;Ajuntament de L\u2019Ametlla de Mar crea el Consell Esportiu Consultiu L\u2019Ametlla de Mar [&hellip;]<\/p>\n","protected":false},"author":2,"featured_media":1372,"parent":0,"menu_order":0,"comment_status":"closed","ping_status":"closed","template":"","meta":[],"_links":{"self":[{"href":"https:\/\/www.ametllamar.cat\/esports\/wp-json\/wp\/v2\/pages\/197"}],"collection":[{"href":"https:\/\/www.ametllamar.cat\/esports\/wp-json\/wp\/v2\/pages"}],"about":[{"href":"https:\/\/www.ametllamar.cat\/esports\/wp-json\/wp\/v2\/types\/page"}],"author":[{"embeddable":true,"href":"https:\/\/www.ametllamar.cat\/esports\/wp-json\/wp\/v2\/users\/2"}],"replies":[{"embeddable":true,"href":"https:\/\/www.ametllamar.cat\/esports\/wp-json\/wp\/v2\/comments?post=197"}],"version-history":[{"count":10,"href":"https:\/\/www.ametllamar.cat\/esports\/wp-json\/wp\/v2\/pages\/197\/revisions"}],"predecessor-version":[{"id":4597,"href":"https:\/\/www.ametllamar.cat\/esports\/wp-json\/wp\/v2\/pages\/197\/revisions\/4597"}],"wp:featuredmedia":[{"embeddable":true,"href":"https:\/\/www.ametllamar.cat\/esports\/wp-json\/wp\/v2\/media\/1372"}],"wp:attachment":[{"href":"https:\/\/www.ametllamar.cat\/esports\/wp-json\/wp\/v2\/media?parent=197"}],"curies":[{"name":"wp","href":"https:\/\/api.w.org\/{rel}","templated":true}]}}