{"id":114,"date":"2016-03-08T13:09:44","date_gmt":"2016-03-08T12:09:44","guid":{"rendered":"http:\/\/www.ametllamar.cat\/esports\/?page_id=114"},"modified":"2021-07-07T11:33:21","modified_gmt":"2021-07-07T09:33:21","slug":"gimnastica-ritmica","status":"publish","type":"page","link":"https:\/\/www.ametllamar.cat\/esports\/gimnastica-ritmica\/","title":{"rendered":"Gimn\u00e0stica R\u00edtmica"},"content":{"rendered":"\n<p>PROGRAMACI\u00d3 GENERAL GIMN\u00c0STICA R\u00cdTMICA \u00c0REA MUNICIPAL D&#8217;ESPORTS DE L&#8217;AMETLLA DE MAR<\/p>\n\n\n\n<div class=\"wp-block-image\"><figure class=\"aligncenter size-large\"><a href=\"https:\/\/www.ametllamar.cat\/esports\/wp-content\/uploads\/2021\/07\/Pastorelli_1_l_5.jpg\" rel=\"lightbox[114]\"><img loading=\"lazy\" width=\"1024\" height=\"559\" src=\"https:\/\/www.ametllamar.cat\/esports\/wp-content\/uploads\/2021\/07\/Pastorelli_1_l_5-1024x559.jpg\" alt=\"\" class=\"wp-image-2746\" srcset=\"https:\/\/www.ametllamar.cat\/esports\/wp-content\/uploads\/2021\/07\/Pastorelli_1_l_5-1024x559.jpg 1024w, https:\/\/www.ametllamar.cat\/esports\/wp-content\/uploads\/2021\/07\/Pastorelli_1_l_5-300x164.jpg 300w, https:\/\/www.ametllamar.cat\/esports\/wp-content\/uploads\/2021\/07\/Pastorelli_1_l_5-768x419.jpg 768w, https:\/\/www.ametllamar.cat\/esports\/wp-content\/uploads\/2021\/07\/Pastorelli_1_l_5.jpg 1260w\" sizes=\"(max-width: 1024px) 100vw, 1024px\" \/><\/a><\/figure><\/div>\n\n\n\n<p>L\u2019\u00c0rea Municipal d\u2019Esports estructura la Secci\u00f3 de Gimn\u00e0stica R\u00edtmica Esportiva en totes i cadascuna de les seves categories des de la iniciaci\u00f3 a la competici\u00f3 escolar i federada.<\/p>\n\n\n\n<p>OBJECTIUS<\/p>\n\n\n\n<ul><li>Aconseguir la integraci\u00f3 social dels nens\/nenes mitjan\u00e7ant la modalitat esportiva de la gimn\u00e0stica r\u00edtmica.<\/li><li>Promoure l\u2019adquisici\u00f3 d\u2019h\u00e0bits esportius que l\u2019allunyin d\u2019h\u00e0bits perjudicials per a la salut i complementin el creixent nombre d\u2019h\u00e0bits sedentaris (m\u00f2bils, consoles, televisi\u00f3, ordenadors,&#8230;).<\/li><li>Promoure un desenvolupament adequat de les qualitats f\u00edsiques condicionals (resist\u00e8ncia, flexibilitat, velocitat i for\u00e7a) i coordinatives (coordinaci\u00f3, habilitat i agilitat).<\/li><li>Promoure un bon desenvolupament antropom\u00e8tric i postural.<\/li><li>Motivar als nens\/nenes per a la pr\u00e0ctica d\u2019aquest esport.<\/li><li>Donar a con\u00e8ixer les diferents modalitats i elements que constitueixen aquest esport.<\/li><li>Aprendre els diferents elements t\u00e8cnics corporals aix\u00ed com la manipulaci\u00f3 dels implements utilitzats en aquesta disciplina esportiva.<\/li><li>Incidir en&nbsp; el desenvolupament de la flexibilitat espec\u00edfica, procurant per la integritat f\u00edsica de les esportistes adaptant les diferents progressions al moment evolutiu de cada gimnasta.<\/li><\/ul>\n\n\n\n<p>CONTINGUTS<\/p>\n\n\n\n<ul><li>Patrons motors espec\u00edfics G. R\u00edtmica: posicions, despla\u00e7aments, salts, equilibris, coordinacions,&#8230;<\/li><li>Jocs aplicats a la gimn\u00e0stica r\u00edtmica.<\/li><li>Expressi\u00f3 din\u00e0mica corporal.<\/li><li>Elements t\u00e8cnics espec\u00edfics corporals.<\/li><li>Elements t\u00e8cnics i manipulaci\u00f3 d\u2019implements espec\u00edfics: pilota, cercle, corda, maces i cinta.<\/li><li>Preparaci\u00f3 f\u00edsica i flexibilitat espec\u00edfica.<\/li><\/ul>\n\n\n\n<p>PROCEDIMENTS<\/p>\n\n\n\n<ul><li><em>METODOLOGIA:<\/em> La did\u00e0ctica emprada per a l\u2019ensenyament de la G. R\u00edtmica estar\u00e0 basada en la utilitzaci\u00f3 de jocs i exercicis adaptats que ajudin a obtenir la condici\u00f3 f\u00edsica necess\u00e0ria i a promoure el treball i la repetici\u00f3 dels gests t\u00e8cnics requerits per cada disciplina. El treball anal\u00edtic nom\u00e9s s\u2019utilitzar\u00e0 per a l\u2019aprenentatge dels elements t\u00e8cnics de forma correcta.<\/li><li><em>ORGANITZACI\u00d3 DE LES SESSIONS&nbsp;:<\/em> Les sessions tindran una duraci\u00f3 m\u00ednima de 1 i constaran de les seg\u00fcents parts&nbsp;:<ul><li>Escalfament: Exercicis de flexibilitat i mobilitat articular seguits d\u2019una part de treball aer\u00f2bic lleuger, mitjan\u00e7ant la utilitzaci\u00f3 de jocs, que ajudi a preparar l\u2019organisme per a la realitzaci\u00f3 del treball de la part principal.<\/li><\/ul><ul><li>Part Principal: Exercicis dirigits a la consecuci\u00f3 d\u2019un o m\u00e9s objectius del programa.<\/li><\/ul><ul><li>Part destinada a l\u2019entrenament i preparaci\u00f3 de les actuacions.<\/li><\/ul><ul><li>Retorn a la Calma: Exercicis de Flexibilitat, Mobilitat articular i T\u00e8cniques de Relaxaci\u00f3.<\/li><\/ul><\/li><\/ul>\n\n\n\n<p>VALORS INTR\u00cdNSECS A L\u2019ACTIVITAT<\/p>\n\n\n\n<ul><li>Import\u00e0ncia de la implantaci\u00f3 d\u2019un h\u00e0bit saludable dins la vida quotidiana que&nbsp; allunyi als\/a les nens\/es i joves del sedentarisme propiciat per tend\u00e8ncies com els tel\u00e8fons m\u00f2bils, la Televisi\u00f3, les Consoles de Jocs i els Ordenadors.<\/li><li>Import\u00e0ncia de l\u2019augment de les relacions socials que possibilita la pr\u00e0ctica d\u2019activitat f\u00edsica amb les que podr\u00e0 compartir experi\u00e8ncies, problemes i comentaris des d\u2019un punt de vista proper a la seva situaci\u00f3.<\/li><li>Potenciaci\u00f3 de l\u2019esperit de superaci\u00f3, esfor\u00e7 i sacrifici que paral\u00b7lelament a la participaci\u00f3 en els entrenaments i competicions esportives, ajudar\u00e0 a l\u2019individu en situacions personals, d\u2019estudis i laborals en el seu futur.<\/li><\/ul>\n\n\n\n<div class=\"wp-block-image\"><figure class=\"aligncenter size-large\"><a href=\"https:\/\/www.ametllamar.cat\/esports\/wp-content\/uploads\/2021\/07\/il_340x270.3084920565_edpm.jpg\" rel=\"lightbox[114]\"><img loading=\"lazy\" width=\"340\" height=\"270\" src=\"https:\/\/www.ametllamar.cat\/esports\/wp-content\/uploads\/2021\/07\/il_340x270.3084920565_edpm.jpg\" alt=\"\" class=\"wp-image-2749\" srcset=\"https:\/\/www.ametllamar.cat\/esports\/wp-content\/uploads\/2021\/07\/il_340x270.3084920565_edpm.jpg 340w, https:\/\/www.ametllamar.cat\/esports\/wp-content\/uploads\/2021\/07\/il_340x270.3084920565_edpm-300x238.jpg 300w\" sizes=\"(max-width: 340px) 100vw, 340px\" \/><\/a><\/figure><\/div>\n","protected":false},"excerpt":{"rendered":"<p>PROGRAMACI\u00d3 GENERAL GIMN\u00c0STICA R\u00cdTMICA \u00c0REA MUNICIPAL D&#8217;ESPORTS DE L&#8217;AMETLLA DE MAR L\u2019\u00c0rea Municipal d\u2019Esports estructura la Secci\u00f3 de Gimn\u00e0stica R\u00edtmica [&hellip;]<\/p>\n","protected":false},"author":2,"featured_media":0,"parent":0,"menu_order":0,"comment_status":"closed","ping_status":"closed","template":"","meta":[],"_links":{"self":[{"href":"https:\/\/www.ametllamar.cat\/esports\/wp-json\/wp\/v2\/pages\/114"}],"collection":[{"href":"https:\/\/www.ametllamar.cat\/esports\/wp-json\/wp\/v2\/pages"}],"about":[{"href":"https:\/\/www.ametllamar.cat\/esports\/wp-json\/wp\/v2\/types\/page"}],"author":[{"embeddable":true,"href":"https:\/\/www.ametllamar.cat\/esports\/wp-json\/wp\/v2\/users\/2"}],"replies":[{"embeddable":true,"href":"https:\/\/www.ametllamar.cat\/esports\/wp-json\/wp\/v2\/comments?post=114"}],"version-history":[{"count":3,"href":"https:\/\/www.ametllamar.cat\/esports\/wp-json\/wp\/v2\/pages\/114\/revisions"}],"predecessor-version":[{"id":2751,"href":"https:\/\/www.ametllamar.cat\/esports\/wp-json\/wp\/v2\/pages\/114\/revisions\/2751"}],"wp:attachment":[{"href":"https:\/\/www.ametllamar.cat\/esports\/wp-json\/wp\/v2\/media?parent=114"}],"curies":[{"name":"wp","href":"https:\/\/api.w.org\/{rel}","templated":true}]}}