{"id":110,"date":"2016-03-08T13:08:58","date_gmt":"2016-03-08T12:08:58","guid":{"rendered":"http:\/\/www.ametllamar.cat\/esports\/?page_id=110"},"modified":"2021-07-08T08:31:12","modified_gmt":"2021-07-08T06:31:12","slug":"futbol","status":"publish","type":"page","link":"https:\/\/www.ametllamar.cat\/esports\/futbol\/","title":{"rendered":"Futbol Base"},"content":{"rendered":"\n<p>PROGRAMACI\u00d3 GENERAL FUTBOL BASE \u00c0REA MUNICIPAL D&#8217;ESPORTS &#8211; SCER L&#8217;AMETLLA DE MAR<\/p>\n\n\n\n<div class=\"wp-block-image\"><figure class=\"aligncenter size-large\"><a href=\"https:\/\/www.ametllamar.cat\/esports\/wp-content\/uploads\/2021\/07\/scer-1.jpg\" rel=\"lightbox[110]\"><img loading=\"lazy\" width=\"785\" height=\"541\" src=\"https:\/\/www.ametllamar.cat\/esports\/wp-content\/uploads\/2021\/07\/scer-1.jpg\" alt=\"\" class=\"wp-image-2737\" srcset=\"https:\/\/www.ametllamar.cat\/esports\/wp-content\/uploads\/2021\/07\/scer-1.jpg 785w, https:\/\/www.ametllamar.cat\/esports\/wp-content\/uploads\/2021\/07\/scer-1-300x207.jpg 300w, https:\/\/www.ametllamar.cat\/esports\/wp-content\/uploads\/2021\/07\/scer-1-768x529.jpg 768w\" sizes=\"(max-width: 785px) 100vw, 785px\" \/><\/a><\/figure><\/div>\n\n\n\n<p><strong><em><u>Missi\u00f3:<\/u><\/em><\/strong> <em>Promoure la pr\u00e0ctica i la divulgaci\u00f3 de l\u2019activitat f\u00edsica i de l\u2019esport, posant especial atenci\u00f3 a l\u2019esport de base del futbol i als valors intr\u00ednsecs de l\u2019entrenament i la competici\u00f3 en la formaci\u00f3 de les persones.<\/em><\/p>\n\n\n\n<p><strong><em><u>Visi\u00f3:<\/u><\/em><\/strong> <em>Estructurar el futbol formatiu a la nostra poblaci\u00f3 en totes les seves categories amb el fi que en edat jove i adulta conformin diferents equips i\/o seccions amateurs que contribueixin a implantar l\u2019activitat f\u00edsica i esportiva com a alternativa i h\u00e0bit saludable dins els costums de la ciutadania.<\/em><\/p>\n\n\n\n<p><strong><em><u>Valors:<\/u><\/em><\/strong> <em>Emprar els valors de l\u2019activitat f\u00edsica i de l\u2019esport de competici\u00f3 per a l\u2019adequada formaci\u00f3 integral de les persones: voluntat, dedicaci\u00f3, esfor\u00e7, const\u00e0ncia, cooperaci\u00f3, competitivitat, solidaritat, respecte, disciplina, autoestima, autoconeixement,&#8230;<\/em><\/p>\n\n\n\n<p><strong><em><u>Objectius\/finalitat<\/u><\/em><\/strong><\/p>\n\n\n\n<ul><li><em>Promoure la pr\u00e0ctica de l\u2019activitat f\u00edsica i esportiva posant \u00e8mfasi en l\u2019esport de base del futbol.<\/em><\/li><li><em>Fomentar els valors intr\u00ednsecs a l\u2019entrenament, &nbsp;la competici\u00f3 i al treball en equip.<\/em><\/li><li><em>Generar un sentiment d\u2019identitat i pertinen\u00e7a envers l\u2019esport de la nostra poblaci\u00f3 i cap a la pr\u00f2pia entitat.<\/em><\/li><li><em>Promoure h\u00e0bits saludables i d\u2019ocupaci\u00f3 del temps d\u2019oci entre els m\u00e9s joves.<\/em><\/li><li><em>Contribuir a la formaci\u00f3 de joves esportistes a trav\u00e9s d\u2019accions de voluntariat que garanteixin la transmissi\u00f3 de coneixements dels esportistes de major edat o que hagin finalitzat la seva etapa esportiva.<\/em><\/li><li><em>Atendre i recon\u00e8ixer les necessitats organitzatives de l\u2019entitat a trav\u00e9s d\u2019accions de voluntariat.<\/em><\/li><\/ul>\n\n\n\n<div class=\"wp-block-image\"><figure class=\"aligncenter size-large\"><a href=\"https:\/\/www.ametllamar.cat\/esports\/wp-content\/uploads\/2021\/07\/DSC_0222.jpg\" rel=\"lightbox[110]\"><img loading=\"lazy\" width=\"1024\" height=\"593\" src=\"https:\/\/www.ametllamar.cat\/esports\/wp-content\/uploads\/2021\/07\/DSC_0222-1024x593.jpg\" alt=\"\" class=\"wp-image-2768\" srcset=\"https:\/\/www.ametllamar.cat\/esports\/wp-content\/uploads\/2021\/07\/DSC_0222-1024x593.jpg 1024w, https:\/\/www.ametllamar.cat\/esports\/wp-content\/uploads\/2021\/07\/DSC_0222-300x174.jpg 300w, https:\/\/www.ametllamar.cat\/esports\/wp-content\/uploads\/2021\/07\/DSC_0222-768x445.jpg 768w, https:\/\/www.ametllamar.cat\/esports\/wp-content\/uploads\/2021\/07\/DSC_0222-1536x890.jpg 1536w, https:\/\/www.ametllamar.cat\/esports\/wp-content\/uploads\/2021\/07\/DSC_0222-2048x1186.jpg 2048w\" sizes=\"(max-width: 1024px) 100vw, 1024px\" \/><\/a><\/figure><\/div>\n\n\n\n<p><strong><em><u>L\u00ednies\/eixos estrat\u00e8gics<\/u><\/em><\/strong><\/p>\n\n\n\n<p><em>La nostra entitat vetllar\u00e0 per la consecuci\u00f3 dels objectius a partir de les seg\u00fcents l\u00ednies o eixos estrat\u00e8gics:<\/em><\/p>\n\n\n\n<ul><li><em>EIX 1: <strong>Iniciaci\u00f3 esportiva; diversi\u00f3 i aprenentatge.<\/strong><\/em><\/li><\/ul>\n\n\n\n<p><em>Destinat a incorporar als infants en l\u2019\u00e0mbit de la iniciaci\u00f3 esportiva baix els pilars de que s\u2019ho passin sempre b\u00e9 mentre adquireixen patrons motors b\u00e0sics, d\u2019experimentaci\u00f3 i comprensi\u00f3 del joc o esport i h\u00e0bits adequats de conducta i de disciplina d\u2019equip.<\/em><\/p>\n\n\n\n<ul><li><em>EIX 2: <strong>La competici\u00f3 com a proc\u00e9s de formaci\u00f3.<\/strong><\/em><\/li><\/ul>\n\n\n\n<p><em>Dirigit a aprofitar l\u2019inter\u00e8s i la motivaci\u00f3 intr\u00ednseca que desperta la competici\u00f3 entre els infants per a promoure els diferents valors inherents als processos de pr\u00e0ctica fisicoesportiva, d\u2019entrenament i de la pr\u00f2pia competici\u00f3.<\/em><\/p>\n\n\n\n<ul><li><em>EIX 3: <strong>Esport juvenil i amateur; sentiment, pertinen\u00e7a i representaci\u00f3.<\/strong><\/em><\/li><\/ul>\n\n\n\n<p><em>Establir unes fites i referents per als joves jugadors en els esportistes m\u00e9s veterans i\/o en els equips de m\u00e9s alta categoria o edat. Generar un fort vincle entre aquests esportistes i\/o equips amb l\u2019entitat i amb la poblaci\u00f3.<\/em><\/p>\n\n\n\n<ul><li><em>EIX 4: <strong>Formaci\u00f3 de jugadors; transmissi\u00f3 del sentiment, l\u2019experi\u00e8ncia i el coneixement.<\/strong><\/em><\/li><\/ul>\n\n\n\n<p><em>Promoure la reversi\u00f3 de l\u2019experi\u00e8ncia, la representativitat, el coneixement i el sentiment de pertinen\u00e7a dels esportistes m\u00e9s veterans i\/o en els equips de m\u00e9s alta categoria o edat, en la formaci\u00f3 dels joves jugadors a partir de l\u2019acci\u00f3 del voluntariat.<\/em><\/p>\n\n\n\n<ul><li><em>EIX 5: <strong>El cor de l\u2019entitat; necessitats organitzatives i voluntariat.<\/strong><\/em><\/li><\/ul>\n\n\n\n<p><em>Captaci\u00f3, estructuraci\u00f3, control, repartiment de tasques i reconeixement de les necessitats organitzatives i normatives de l\u2019entitat a partir de l\u2019assumpci\u00f3 de responsabilitats dels diferents components de la junta directiva i col\u00b7laboradors a trav\u00e9s d\u2019accions de voluntariat i\/o professionals segons correspongui.<\/em><\/p>\n\n\n\n<p><strong><em><u>Activitats<\/u><\/em><\/strong><\/p>\n\n\n\n<ul><li><em>EIX 1: <strong>Iniciaci\u00f3 esportiva; diversi\u00f3 i aprenentatge:<\/strong><\/em><ul><li><em>Escola \/ Sessions \/ Competici\u00f3 Escolar<\/em><\/li><li><em>Meetings escolars<\/em>\/clubs<\/li><\/ul><ul><li><em>Jornades d\u2019iniciaci\u00f3<\/em><\/li><\/ul><ul><li><em>Campus<\/em><\/li><\/ul><ul><li>Partits Amistosos, <em>Trobades o Tornejos<\/em><\/li><\/ul><\/li><\/ul>\n\n\n\n<ul><li><em>EIX 2: <strong>La competici\u00f3 com a proc\u00e9s de formaci\u00f3:<\/strong><\/em><ul><li><em>Entrenament i Competici\u00f3<\/em><\/li><\/ul><ul><li><em>Tecnificaci\u00f3<\/em><\/li><\/ul><ul><li><em>Campus<\/em><\/li><\/ul><ul><li>Partits Amistosos, <em>Trobades o Tornejos<\/em><\/li><li>Els valors com a contingut transversal<\/li><\/ul><\/li><\/ul>\n\n\n\n<ul><li><em>EIX 3: <strong>Esport juvenil i amateur; sentiment, pertinen\u00e7a i representaci\u00f3:<\/strong><\/em><ul><li><em>Entrenament i Competici\u00f3<\/em><\/li><\/ul><ul><li><em>Esdeveniments de representaci\u00f3, memorials i altres<\/em><\/li><li>Partits Amistosos, <em>Trobades o Tornejos<\/em><\/li><\/ul><\/li><\/ul>\n\n\n\n<div class=\"wp-block-image\"><figure class=\"aligncenter size-large\"><a href=\"https:\/\/www.ametllamar.cat\/esports\/wp-content\/uploads\/2021\/07\/II-TORNEIG-FUTBOL-BASE-VALORS-LAMETLLA-DE-MAR-scaled.jpg\" rel=\"lightbox[110]\"><img loading=\"lazy\" width=\"1024\" height=\"725\" src=\"https:\/\/www.ametllamar.cat\/esports\/wp-content\/uploads\/2021\/07\/II-TORNEIG-FUTBOL-BASE-VALORS-LAMETLLA-DE-MAR-1024x725.jpg\" alt=\"\" class=\"wp-image-2769\" srcset=\"https:\/\/www.ametllamar.cat\/esports\/wp-content\/uploads\/2021\/07\/II-TORNEIG-FUTBOL-BASE-VALORS-LAMETLLA-DE-MAR-1024x725.jpg 1024w, https:\/\/www.ametllamar.cat\/esports\/wp-content\/uploads\/2021\/07\/II-TORNEIG-FUTBOL-BASE-VALORS-LAMETLLA-DE-MAR-300x212.jpg 300w, https:\/\/www.ametllamar.cat\/esports\/wp-content\/uploads\/2021\/07\/II-TORNEIG-FUTBOL-BASE-VALORS-LAMETLLA-DE-MAR-768x544.jpg 768w, https:\/\/www.ametllamar.cat\/esports\/wp-content\/uploads\/2021\/07\/II-TORNEIG-FUTBOL-BASE-VALORS-LAMETLLA-DE-MAR-1536x1087.jpg 1536w, https:\/\/www.ametllamar.cat\/esports\/wp-content\/uploads\/2021\/07\/II-TORNEIG-FUTBOL-BASE-VALORS-LAMETLLA-DE-MAR-2048x1450.jpg 2048w\" sizes=\"(max-width: 1024px) 100vw, 1024px\" \/><\/a><\/figure><\/div>\n","protected":false},"excerpt":{"rendered":"<p>PROGRAMACI\u00d3 GENERAL FUTBOL BASE \u00c0REA MUNICIPAL D&#8217;ESPORTS &#8211; SCER L&#8217;AMETLLA DE MAR Missi\u00f3: Promoure la pr\u00e0ctica i la divulgaci\u00f3 de [&hellip;]<\/p>\n","protected":false},"author":2,"featured_media":0,"parent":0,"menu_order":0,"comment_status":"closed","ping_status":"closed","template":"","meta":[],"_links":{"self":[{"href":"https:\/\/www.ametllamar.cat\/esports\/wp-json\/wp\/v2\/pages\/110"}],"collection":[{"href":"https:\/\/www.ametllamar.cat\/esports\/wp-json\/wp\/v2\/pages"}],"about":[{"href":"https:\/\/www.ametllamar.cat\/esports\/wp-json\/wp\/v2\/types\/page"}],"author":[{"embeddable":true,"href":"https:\/\/www.ametllamar.cat\/esports\/wp-json\/wp\/v2\/users\/2"}],"replies":[{"embeddable":true,"href":"https:\/\/www.ametllamar.cat\/esports\/wp-json\/wp\/v2\/comments?post=110"}],"version-history":[{"count":7,"href":"https:\/\/www.ametllamar.cat\/esports\/wp-json\/wp\/v2\/pages\/110\/revisions"}],"predecessor-version":[{"id":2772,"href":"https:\/\/www.ametllamar.cat\/esports\/wp-json\/wp\/v2\/pages\/110\/revisions\/2772"}],"wp:attachment":[{"href":"https:\/\/www.ametllamar.cat\/esports\/wp-json\/wp\/v2\/media?parent=110"}],"curies":[{"name":"wp","href":"https:\/\/api.w.org\/{rel}","templated":true}]}}