{"id":93,"date":"2016-03-08T12:39:06","date_gmt":"2016-03-08T11:39:06","guid":{"rendered":"http:\/\/www.ametllamar.cat\/esports\/?page_id=93"},"modified":"2026-02-26T14:23:56","modified_gmt":"2026-02-26T13:23:56","slug":"reglament-de-regim-intern","status":"publish","type":"page","link":"http:\/\/www.ametllamar.cat\/esports\/reglament-de-regim-intern\/","title":{"rendered":"Reglament de r\u00e8gim intern"},"content":{"rendered":"<p><strong><u>REGLAMENT DE R\u00c8GIM INTERN \u00c0REA MUNICIPAL D\u2019ESPORTS L\u2019AMETLLA DE MAR<\/u><\/strong><\/p>\n<p style=\"text-align: center;\"><a href=\"http:\/\/www.ametllamar.cat\/esports\/wp-content\/uploads\/2016\/03\/libroabierto.png\"  rel=\"lightbox[93] attachment wp-att-449\"><img loading=\"lazy\" class=\"alignnone wp-image-449\" src=\"http:\/\/www.ametllamar.cat\/esports\/wp-content\/uploads\/2016\/03\/libroabierto-300x192.png\" alt=\"libroabierto\" width=\"246\" height=\"157\" srcset=\"http:\/\/www.ametllamar.cat\/esports\/wp-content\/uploads\/2016\/03\/libroabierto-300x192.png 300w, http:\/\/www.ametllamar.cat\/esports\/wp-content\/uploads\/2016\/03\/libroabierto.png 318w\" sizes=\"(max-width: 246px) 100vw, 246px\" \/><\/a>&nbsp; <a href=\"http:\/\/www.ametllamar.cat\/esports\/wp-content\/uploads\/2016\/03\/pact_crop380w.jpg\"  rel=\"lightbox[93] attachment wp-att-447\"><img loading=\"lazy\" class=\"alignnone wp-image-447\" src=\"http:\/\/www.ametllamar.cat\/esports\/wp-content\/uploads\/2016\/03\/pact_crop380w-300x197.jpg\" alt=\"pact_crop380w\" width=\"257\" height=\"169\" srcset=\"http:\/\/www.ametllamar.cat\/esports\/wp-content\/uploads\/2016\/03\/pact_crop380w-300x197.jpg 300w, http:\/\/www.ametllamar.cat\/esports\/wp-content\/uploads\/2016\/03\/pact_crop380w.jpg 380w\" sizes=\"(max-width: 257px) 100vw, 257px\" \/><\/a>&nbsp; <a href=\"http:\/\/www.ametllamar.cat\/esports\/wp-content\/uploads\/2016\/03\/10_one_0_reglament.jpg\"  rel=\"lightbox[93] attachment wp-att-448\"><img loading=\"lazy\" class=\"alignnone wp-image-448\" src=\"http:\/\/www.ametllamar.cat\/esports\/wp-content\/uploads\/2016\/03\/10_one_0_reglament-300x201.jpg\" alt=\"10_one_0_reglament\" width=\"233\" height=\"156\" srcset=\"http:\/\/www.ametllamar.cat\/esports\/wp-content\/uploads\/2016\/03\/10_one_0_reglament-300x201.jpg 300w, http:\/\/www.ametllamar.cat\/esports\/wp-content\/uploads\/2016\/03\/10_one_0_reglament.jpg 413w\" sizes=\"(max-width: 233px) 100vw, 233px\" \/><\/a><\/p>\n<p><u>CAP\u00cdTOL I: INTRODUCCI\u00d3<\/u><\/p>\n<p>1.1.- Aquest Reglament t\u00e9 com a finalitat:<\/p>\n<ul>\n<li>Regular els aspectes b\u00e0sics d\u2019organitzaci\u00f3 i funcionament de l\u2019entitat.<\/li>\n<li>Establir de forma clara i coherent les relacions entre els diferents col\u00b7lectius de la comunitat esportiva.<\/li>\n<li>Assolir els objectius que han estat proposats a la missi\u00f3, visi\u00f3 i valors.<\/li>\n<li>Afavorir la conviv\u00e8ncia i l\u2019ordre a les instal\u00b7lacions i espais esportius.<\/li>\n<\/ul>\n<p>1.2.- El Reglament de R\u00e8gim Intern s\u2019ha d\u2019entendre com una pauta de conducta i actuaci\u00f3 i com una eina de millora i bon funcionament, per la qual cosa ser\u00e0 dif\u00f3s peri\u00f2dicament entre els membres de la comunitat esportiva.<\/p>\n<p>1.3.- L\u2019aplicaci\u00f3 del present Reglament afecta l\u2019actuaci\u00f3 dels \u00f2rgans col\u00b7legiats i unipersonals, aix\u00ed com tots els elements individuals i col\u00b7lectius de la comunitat esportiva: pol\u00edtics, directius, personal d\u2019administraci\u00f3 i serveis, coordinadors, monitors, pares\/mares delegats o representants, usuaris de les activitats i instal\u00b7lacions, espectadors i representants legals dels usuaris o espectadors.<\/p>\n<p>1.4.- El present Reglament \u00e9s d\u2019aplicaci\u00f3 \u00fanica i exclusiva a les activitats organitzades, subvencionades i\/o tutelades per l\u2019entitat.<\/p>\n<p>1.5.- La revisi\u00f3 i actualitzaci\u00f3 d\u2019aquest Reglament ser\u00e0 anual i es portar\u00e0 a terme conjuntament amb l\u2019aprovaci\u00f3 del Projecte de Pressupost de l\u2019entitat, i vindr\u00e0 determinada per l\u2019\u00fas quotidi\u00e0, l\u2019esperit cr\u00edtic i constructiu i l\u2019afany de superaci\u00f3. En aquesta revisi\u00f3, els \u00f2rgans de govern consultaran els suggeriments i esmenes proposats pels diversos estaments de la comunitat esportiva.<\/p>\n<p><u>CAP\u00cdTOL II: CONDICIONS GENERALS<\/u><\/p>\n<p>2.1.&nbsp;&nbsp;&nbsp;&nbsp;&nbsp; S\u2019ent\u00e9n que en la base d\u2019aquest Reglament hi ha d\u2019haver la m\u00e9s profunda i clara voluntat de participaci\u00f3 democr\u00e0tica a tots els nivells i una actitud constant de m\u00e0xima transpar\u00e8ncia i obertura en la gesti\u00f3 de l\u2019entitat.<\/p>\n<p><strong>2.2.&nbsp;&nbsp;&nbsp;&nbsp;&nbsp; Drets Generals<\/strong><\/p>\n<p>2.2.1.- Tots els membres de la comunitat esportiva tenen el deure de respectar les normes b\u00e0siques de conviv\u00e8ncia. Caldr\u00e0 evitar qualsevol actitud que perjudiqui l\u2019ambient idoni per a un correcte desenvolupament de les activitats programades per l\u2019entitat o per altres col\u00b7lectius als equipaments esportius municipals.<\/p>\n<p>2.2.2.- Tots els usuaris de l\u2019entitat i de les instal\u00b7lacions esportives municipals tenen els mateixos drets i deures generals.<\/p>\n<p>2.2.3.- L\u2019exercici dels seus drets implicar\u00e0, per part dels usuaris de l\u2019entitat i de les instal\u00b7lacions esportives municipals, el deure correlatiu de coneixement i respecte dels drets de tots els membres de la comunitat esportiva.<\/p>\n<p>2.2.4.- Correspon a l\u2019administraci\u00f3 de l\u2019entitat i als seus \u00f2rgans de govern garantir, en el seu respectiu \u00e0mbit d\u2019actuaci\u00f3, el correcte exercici i l\u2019estricta observan\u00e7a dels drets i deures dels usuaris de l\u2019entitat i de les instal\u00b7lacions esportives municipals en els termes previstos en aquest Reglament de R\u00e8gim Intern.<\/p>\n<p><strong>2.3.&nbsp;&nbsp;&nbsp;&nbsp;&nbsp; Deures Generals<\/strong><\/p>\n<p>2.3.1.- Tant el material com les instal\u00b7lacions i els edificis gestionats per l\u2019entitat, han de mantenir-se en les millor condicions d\u2019\u00fas possibles. Els seus desperfectes, sempre que hagin estat fets intencionadament o siguin deguts a neglig\u00e8ncia o maltractament, es resoldran fent que el\/la responsable\/s se\u2019n faci\/n c\u00e0rrec, sense perjudici de l\u2019aplicaci\u00f3 del present reglament pel que fa refer\u00e8ncia a les faltes i sancions.<\/p>\n<p>2.3.2.- Per dur a terme qualsevol activitat organitzada per altres entitats a les instal\u00b7lacions gestionades per l\u2019\u00c0rea Mpal. d\u2019Esports, els organitzadors es responsabilitzaran per escrit de mantenir els espais i el material utilitzats en perfectes condicions i deixar-los com estaven en finalitzar l\u2019activitat, aix\u00ed com dels possibles accidents derivats de l\u2019activitat realitzada.<\/p>\n<p>2.4. Els membres dels diferents estaments de la comunitat esportiva hauran d\u2019atendre\u2019s, en all\u00f2 que fa refer\u00e8ncia a qualsevol tr\u00e0mit administratiu i\/o burocr\u00e0tic, als terminis que es fixin. \u00c9s responsabilitat de la Direcci\u00f3 de l\u2019Entitat i de l\u2019\u00e0rea administrativa fer p\u00fablics els terminis amb la deguda antelaci\u00f3.<\/p>\n<p>2.5. Totes les persones usu\u00e0ries estan subjectes al reglament de r\u00e8gim intern vigent de l\u2019\u00c0rea Municipal d\u2019Esports de L\u2019Ametlla de Mar.<\/p>\n<p>2.6. L\u2019\u00c0rea Municipal d\u2019Esports es reserva el dret al tancament de les instal\u00b7lacions esportives per a la realitzaci\u00f3 de les tasques de manteniment necess\u00e0ries o per causes de for\u00e7a major o inter\u00e8s general sense que aquestes situacions donin dret al retorn de la part proporcional de les quotes en relaci\u00f3 als dies de tancament efectiu.<\/p>\n<p><a href=\"http:\/\/www.ametllamar.cat\/esports\/wp-content\/uploads\/2016\/03\/RRI-GENERAL-AREA-MUNICIPAL-ESPORTS-AMETLLA-DE-MAR.pdf\">RRI GENERAL AREA MUNICIPAL ESPORTS AMETLLA DE MAR<\/a><\/p>\n<p><\/p>\n\n\n<div class=\"wp-block-file\"><a href=\"https:\/\/www.ametllamar.cat\/esports\/wp-content\/uploads\/2026\/01\/Edicte-Tarifes-Esports-2024.pdf\">Edicte-Tarifes-Esports-2024<\/a><a href=\"https:\/\/www.ametllamar.cat\/esports\/wp-content\/uploads\/2026\/01\/Edicte-Tarifes-Esports-2024.pdf\" class=\"wp-block-file__button\" download>Baixa<\/a><\/div>\n\n\n\n<div class=\"wp-block-file\"><a href=\"https:\/\/www.ametllamar.cat\/esports\/wp-content\/uploads\/2026\/01\/EXPLICATIU-TARIFES-ESPORTS-VIGENTS.pdf\">EXPLICATIU-TARIFES-ESPORTS-VIGENTS<\/a><a href=\"https:\/\/www.ametllamar.cat\/esports\/wp-content\/uploads\/2026\/01\/EXPLICATIU-TARIFES-ESPORTS-VIGENTS.pdf\" class=\"wp-block-file__button\" download>Baixa<\/a><\/div>\n\n\n\n<div class=\"wp-block-file\"><a href=\"https:\/\/www.ametllamar.cat\/esports\/wp-content\/uploads\/2024\/07\/PROTOCOL-REGISTRE-HORARI-AREA-DESPORTS-2024-1.pdf\">PROTOCOL-REGISTRE-HORARI-AREA-DESPORTS-2024-1<\/a><a href=\"https:\/\/www.ametllamar.cat\/esports\/wp-content\/uploads\/2024\/07\/PROTOCOL-REGISTRE-HORARI-AREA-DESPORTS-2024-1.pdf\" class=\"wp-block-file__button\" download>Baixa<\/a><\/div>\n\n\n\n<div class=\"wp-block-file\"><a href=\"https:\/\/www.ametllamar.cat\/esports\/wp-content\/uploads\/2024\/07\/PROCEDIMENT-DAVANT-SITUACIONS-DASSETJAMENT-DINS-LENTORN-LABORAL.pdf\">PROCEDIMENT-DAVANT-SITUACIONS-DASSETJAMENT-DINS-LENTORN-LABORAL<\/a><a href=\"https:\/\/www.ametllamar.cat\/esports\/wp-content\/uploads\/2024\/07\/PROCEDIMENT-DAVANT-SITUACIONS-DASSETJAMENT-DINS-LENTORN-LABORAL.pdf\" class=\"wp-block-file__button\" download>Baixa<\/a><\/div>\n\n\n\n<div class=\"wp-block-file\"><a href=\"https:\/\/www.ametllamar.cat\/esports\/wp-content\/uploads\/2024\/07\/APLICACIO-DEL-PROCEDIMENT-DAVANT-SITUACIONS-DASSETJAMENT-DINS-LENTORN-LABORAL.pdf\">APLICACIO-DEL-PROCEDIMENT-DAVANT-SITUACIONS-DASSETJAMENT-DINS-LENTORN-LABORAL<\/a><a href=\"https:\/\/www.ametllamar.cat\/esports\/wp-content\/uploads\/2024\/07\/APLICACIO-DEL-PROCEDIMENT-DAVANT-SITUACIONS-DASSETJAMENT-DINS-LENTORN-LABORAL.pdf\" class=\"wp-block-file__button\" download>Baixa<\/a><\/div>\n\n\n\n<div class=\"wp-block-file\"><a href=\"https:\/\/www.ametllamar.cat\/esports\/wp-content\/uploads\/2026\/02\/Pla-igualtat-2025-29.pdf\">Pla-igualtat-2025-29<\/a><a href=\"https:\/\/www.ametllamar.cat\/esports\/wp-content\/uploads\/2026\/02\/Pla-igualtat-2025-29.pdf\" class=\"wp-block-file__button\" download>Baixa<\/a><\/div>\n","protected":false},"excerpt":{"rendered":"<p>REGLAMENT DE R\u00c8GIM INTERN \u00c0REA MUNICIPAL D\u2019ESPORTS L\u2019AMETLLA DE MAR &nbsp; &nbsp; CAP\u00cdTOL I: INTRODUCCI\u00d3 1.1.- Aquest Reglament t\u00e9 com [&hellip;]<\/p>\n","protected":false},"author":2,"featured_media":0,"parent":0,"menu_order":0,"comment_status":"closed","ping_status":"closed","template":"","meta":[],"_links":{"self":[{"href":"http:\/\/www.ametllamar.cat\/esports\/wp-json\/wp\/v2\/pages\/93"}],"collection":[{"href":"http:\/\/www.ametllamar.cat\/esports\/wp-json\/wp\/v2\/pages"}],"about":[{"href":"http:\/\/www.ametllamar.cat\/esports\/wp-json\/wp\/v2\/types\/page"}],"author":[{"embeddable":true,"href":"http:\/\/www.ametllamar.cat\/esports\/wp-json\/wp\/v2\/users\/2"}],"replies":[{"embeddable":true,"href":"http:\/\/www.ametllamar.cat\/esports\/wp-json\/wp\/v2\/comments?post=93"}],"version-history":[{"count":18,"href":"http:\/\/www.ametllamar.cat\/esports\/wp-json\/wp\/v2\/pages\/93\/revisions"}],"predecessor-version":[{"id":5008,"href":"http:\/\/www.ametllamar.cat\/esports\/wp-json\/wp\/v2\/pages\/93\/revisions\/5008"}],"wp:attachment":[{"href":"http:\/\/www.ametllamar.cat\/esports\/wp-json\/wp\/v2\/media?parent=93"}],"curies":[{"name":"wp","href":"https:\/\/api.w.org\/{rel}","templated":true}]}}