{"id":3021,"date":"2022-03-25T10:36:51","date_gmt":"2022-03-25T09:36:51","guid":{"rendered":"https:\/\/www.ametllamar.cat\/esports\/?page_id=3021"},"modified":"2026-03-06T20:45:54","modified_gmt":"2026-03-06T19:45:54","slug":"taller-de-setmana-santa-de-gimnastica-ritmica","status":"publish","type":"page","link":"http:\/\/www.ametllamar.cat\/esports\/gimnastica-ritmica\/taller-de-setmana-santa-de-gimnastica-ritmica\/","title":{"rendered":"TALLER DE SETMANA SANTA DE GIMN\u00c0STICA R\u00cdTMICA"},"content":{"rendered":"\n<p class=\"has-text-align-left\">Arriba la Setmana Santa i amb ella el nostre Taller de Gimn\u00e0stica R\u00edtmica.<\/p>\n\n\n\n<p>De dilluns a dijous, oferim aquest Taller per a tots i totes les que vulgueu fer un tastet i descobrir aquest esport o per a les gimnastes que practiquen habitualment la r\u00edtmica i no vulguin deixar d&#8217;entrenar durant aquest dies.<\/p>\n\n\n\n<p>Qu\u00e8 farem? doncs jocs i tallers, manualitats, la tradicional cerca d&#8217;ous de xocolata, el festival final amb l&#8217;entrega de diplomes de participaci\u00f3&#8230; i sobretot, molta gimn\u00e0stica r\u00edtmica.<\/p>\n\n\n\n<div class=\"wp-block-image\"><figure class=\"aligncenter size-large\"><a href=\"https:\/\/www.ametllamar.cat\/esports\/wp-content\/uploads\/2026\/03\/WhatsApp-Image-2026-03-02-at-13.01.35.jpeg\" rel=\"lightbox[3021]\"><img loading=\"lazy\" width=\"724\" height=\"1024\" src=\"https:\/\/www.ametllamar.cat\/esports\/wp-content\/uploads\/2026\/03\/WhatsApp-Image-2026-03-02-at-13.01.35-724x1024.jpeg\" alt=\"\" class=\"wp-image-5013\" srcset=\"http:\/\/www.ametllamar.cat\/esports\/wp-content\/uploads\/2026\/03\/WhatsApp-Image-2026-03-02-at-13.01.35-724x1024.jpeg 724w, http:\/\/www.ametllamar.cat\/esports\/wp-content\/uploads\/2026\/03\/WhatsApp-Image-2026-03-02-at-13.01.35-212x300.jpeg 212w, http:\/\/www.ametllamar.cat\/esports\/wp-content\/uploads\/2026\/03\/WhatsApp-Image-2026-03-02-at-13.01.35-768x1086.jpeg 768w, http:\/\/www.ametllamar.cat\/esports\/wp-content\/uploads\/2026\/03\/WhatsApp-Image-2026-03-02-at-13.01.35-1086x1536.jpeg 1086w, http:\/\/www.ametllamar.cat\/esports\/wp-content\/uploads\/2026\/03\/WhatsApp-Image-2026-03-02-at-13.01.35.jpeg 1414w\" sizes=\"(max-width: 724px) 100vw, 724px\" \/><\/a><\/figure><\/div>\n\n\n\n<p><strong>Preus:<\/strong> <\/p>\n\n\n\n<p>Gimnastes de la Secci\u00f3 de Gimn\u00e0stica R\u00edtmica de l&#8217;\u00c0rea Mpal. d&#8217;Esports: 12\u20ac<\/p>\n\n\n\n<p>Altres: 50\u20ac<\/p>\n\n\n\n<p>*Servei d&#8217;acollida de 13h a 14h el 4 dies: 15\u20ac<\/p>\n\n\n\n<p>Cal formalitzar la inscripci\u00f3 a trav\u00e9s de l&#8217;App Resasports i realitzar el pagament al CEM La Cala.<\/p>\n","protected":false},"excerpt":{"rendered":"<p>Arriba la Setmana Santa i amb ella el nostre Taller de Gimn\u00e0stica R\u00edtmica. De dilluns a dijous, oferim aquest Taller [&hellip;]<\/p>\n","protected":false},"author":5,"featured_media":3277,"parent":114,"menu_order":0,"comment_status":"closed","ping_status":"closed","template":"","meta":[],"_links":{"self":[{"href":"http:\/\/www.ametllamar.cat\/esports\/wp-json\/wp\/v2\/pages\/3021"}],"collection":[{"href":"http:\/\/www.ametllamar.cat\/esports\/wp-json\/wp\/v2\/pages"}],"about":[{"href":"http:\/\/www.ametllamar.cat\/esports\/wp-json\/wp\/v2\/types\/page"}],"author":[{"embeddable":true,"href":"http:\/\/www.ametllamar.cat\/esports\/wp-json\/wp\/v2\/users\/5"}],"replies":[{"embeddable":true,"href":"http:\/\/www.ametllamar.cat\/esports\/wp-json\/wp\/v2\/comments?post=3021"}],"version-history":[{"count":14,"href":"http:\/\/www.ametllamar.cat\/esports\/wp-json\/wp\/v2\/pages\/3021\/revisions"}],"predecessor-version":[{"id":5015,"href":"http:\/\/www.ametllamar.cat\/esports\/wp-json\/wp\/v2\/pages\/3021\/revisions\/5015"}],"up":[{"embeddable":true,"href":"http:\/\/www.ametllamar.cat\/esports\/wp-json\/wp\/v2\/pages\/114"}],"wp:featuredmedia":[{"embeddable":true,"href":"http:\/\/www.ametllamar.cat\/esports\/wp-json\/wp\/v2\/media\/3277"}],"wp:attachment":[{"href":"http:\/\/www.ametllamar.cat\/esports\/wp-json\/wp\/v2\/media?parent=3021"}],"curies":[{"name":"wp","href":"https:\/\/api.w.org\/{rel}","templated":true}]}}