{"id":289,"date":"2016-03-09T09:57:49","date_gmt":"2016-03-09T08:57:49","guid":{"rendered":"http:\/\/www.ametllamar.cat\/esports\/?page_id=289"},"modified":"2016-03-23T15:56:04","modified_gmt":"2016-03-23T14:56:04","slug":"transparencia","status":"publish","type":"page","link":"http:\/\/www.ametllamar.cat\/esports\/transparencia\/","title":{"rendered":"Comprom\u00eds de Transpar\u00e8ncia"},"content":{"rendered":"<p><a href=\"http:\/\/www.ametllamar.cat\/esports\/wp-content\/uploads\/2016\/03\/transparencia-e1458310480520.jpg\"  rel=\"lightbox[289] attachment wp-att-393\"><img loading=\"lazy\" class=\"alignnone wp-image-393 size-full\" src=\"http:\/\/www.ametllamar.cat\/esports\/wp-content\/uploads\/2016\/03\/transparencia-e1458310480520.jpg\" alt=\"\" width=\"1701\" height=\"408\" srcset=\"http:\/\/www.ametllamar.cat\/esports\/wp-content\/uploads\/2016\/03\/transparencia-e1458310480520.jpg 1701w, http:\/\/www.ametllamar.cat\/esports\/wp-content\/uploads\/2016\/03\/transparencia-e1458310480520-300x72.jpg 300w, http:\/\/www.ametllamar.cat\/esports\/wp-content\/uploads\/2016\/03\/transparencia-e1458310480520-768x184.jpg 768w, http:\/\/www.ametllamar.cat\/esports\/wp-content\/uploads\/2016\/03\/transparencia-e1458310480520-1024x246.jpg 1024w\" sizes=\"(max-width: 1701px) 100vw, 1701px\" \/><\/a><\/p>\n<p>L&#8217;Ajuntament de\u00a0L&#8217;Ametlla de Mar\u00a0ha adoptat el comprom\u00eds de gestionar l&#8217;activitat f\u00edsica i l&#8217;esport de \u00a0la poblaci\u00f3\u00a0i l&#8217;organitzaci\u00f3 municipal procurant, de manera participativa, satisfer les necessitats i les expectatives dels ciutadans, residents i visitants, a trav\u00e9s de la millora cont\u00ednua i oferint serveis de qualitat.<\/p>\n<p>Conseq\u00fcentment, <strong>l&#8217;Ajuntament es compromet amb la ciutadania a actuar amb transpar\u00e8ncia<\/strong>, mitjan\u00e7ant la publicitat activa i la garantia d&#8217;acc\u00e9s a la informaci\u00f3.<\/p>\n<p style=\"text-align: center;\"><a href=\"http:\/\/www.ametllamar.cat\/esports\/wp-content\/uploads\/2016\/03\/transparencia1-e1458310649752.jpg\"  rel=\"lightbox[289] attachment wp-att-394\"><img loading=\"lazy\" class=\"alignnone wp-image-394\" src=\"http:\/\/www.ametllamar.cat\/esports\/wp-content\/uploads\/2016\/03\/transparencia1-e1458310649752.jpg\" alt=\"transparencia1\" width=\"392\" height=\"233\" srcset=\"http:\/\/www.ametllamar.cat\/esports\/wp-content\/uploads\/2016\/03\/transparencia1-e1458310649752.jpg 4013w, http:\/\/www.ametllamar.cat\/esports\/wp-content\/uploads\/2016\/03\/transparencia1-e1458310649752-300x178.jpg 300w, http:\/\/www.ametllamar.cat\/esports\/wp-content\/uploads\/2016\/03\/transparencia1-e1458310649752-768x456.jpg 768w, http:\/\/www.ametllamar.cat\/esports\/wp-content\/uploads\/2016\/03\/transparencia1-e1458310649752-1024x609.jpg 1024w\" sizes=\"(max-width: 392px) 100vw, 392px\" \/><\/a>\u00a0\u00a0\u00a0\u00a0\u00a0<a href=\"http:\/\/www.ametllamar.cat\/esports\/wp-content\/uploads\/2016\/03\/transparencia2-e1458310757861.jpg\"  rel=\"lightbox[289] attachment wp-att-395\"><img loading=\"lazy\" class=\"alignnone wp-image-395 \" src=\"http:\/\/www.ametllamar.cat\/esports\/wp-content\/uploads\/2016\/03\/transparencia2-e1458310757861.jpg\" alt=\"\" width=\"356\" height=\"233\" srcset=\"http:\/\/www.ametllamar.cat\/esports\/wp-content\/uploads\/2016\/03\/transparencia2-e1458310757861.jpg 1747w, http:\/\/www.ametllamar.cat\/esports\/wp-content\/uploads\/2016\/03\/transparencia2-e1458310757861-300x196.jpg 300w, http:\/\/www.ametllamar.cat\/esports\/wp-content\/uploads\/2016\/03\/transparencia2-e1458310757861-768x502.jpg 768w, http:\/\/www.ametllamar.cat\/esports\/wp-content\/uploads\/2016\/03\/transparencia2-e1458310757861-1024x669.jpg 1024w\" sizes=\"(max-width: 356px) 100vw, 356px\" \/><\/a><\/p>\n","protected":false},"excerpt":{"rendered":"<p>L&#8217;Ajuntament de\u00a0L&#8217;Ametlla de Mar\u00a0ha adoptat el comprom\u00eds de gestionar l&#8217;activitat f\u00edsica i l&#8217;esport de \u00a0la poblaci\u00f3\u00a0i l&#8217;organitzaci\u00f3 municipal procurant, de [&hellip;]<\/p>\n","protected":false},"author":2,"featured_media":0,"parent":0,"menu_order":0,"comment_status":"closed","ping_status":"closed","template":"","meta":[],"_links":{"self":[{"href":"http:\/\/www.ametllamar.cat\/esports\/wp-json\/wp\/v2\/pages\/289"}],"collection":[{"href":"http:\/\/www.ametllamar.cat\/esports\/wp-json\/wp\/v2\/pages"}],"about":[{"href":"http:\/\/www.ametllamar.cat\/esports\/wp-json\/wp\/v2\/types\/page"}],"author":[{"embeddable":true,"href":"http:\/\/www.ametllamar.cat\/esports\/wp-json\/wp\/v2\/users\/2"}],"replies":[{"embeddable":true,"href":"http:\/\/www.ametllamar.cat\/esports\/wp-json\/wp\/v2\/comments?post=289"}],"version-history":[{"count":7,"href":"http:\/\/www.ametllamar.cat\/esports\/wp-json\/wp\/v2\/pages\/289\/revisions"}],"predecessor-version":[{"id":453,"href":"http:\/\/www.ametllamar.cat\/esports\/wp-json\/wp\/v2\/pages\/289\/revisions\/453"}],"wp:attachment":[{"href":"http:\/\/www.ametllamar.cat\/esports\/wp-json\/wp\/v2\/media?parent=289"}],"curies":[{"name":"wp","href":"https:\/\/api.w.org\/{rel}","templated":true}]}}