{"id":2696,"date":"2021-06-11T13:37:56","date_gmt":"2021-06-11T11:37:56","guid":{"rendered":"https:\/\/www.ametllamar.cat\/esports\/?page_id=2696"},"modified":"2021-07-08T10:21:46","modified_gmt":"2021-07-08T08:21:46","slug":"nivell-competicio","status":"publish","type":"page","link":"http:\/\/www.ametllamar.cat\/esports\/nivell-competicio\/","title":{"rendered":"Nataci\u00f3 Esportiva I &#8211; Nivell Competici\u00f3"},"content":{"rendered":"\n<div class=\"wp-block-group alignwide\"><div class=\"wp-block-group__inner-container\">\n<div class=\"wp-block-media-text alignwide is-stacked-on-mobile is-vertically-aligned-center\" style=\"grid-template-columns:28% auto\"><figure class=\"wp-block-media-text__media\"><img loading=\"lazy\" width=\"500\" height=\"500\" src=\"http:\/\/www.ametllamar.cat\/esports\/wp-content\/uploads\/2021\/06\/formatives-5.png\" alt=\"\" class=\"wp-image-2692 size-full\" srcset=\"http:\/\/www.ametllamar.cat\/esports\/wp-content\/uploads\/2021\/06\/formatives-5.png 500w, http:\/\/www.ametllamar.cat\/esports\/wp-content\/uploads\/2021\/06\/formatives-5-300x300.png 300w, http:\/\/www.ametllamar.cat\/esports\/wp-content\/uploads\/2021\/06\/formatives-5-150x150.png 150w\" sizes=\"(max-width: 500px) 100vw, 500px\" \/><\/figure><div class=\"wp-block-media-text__content\">\n<figure class=\"wp-block-pullquote is-style-default\" style=\"border-color:#cf2e2e\"><blockquote class=\"has-text-color has-vivid-red-color\"><p><strong><em>ESPORTIVA 1<\/em><\/strong><\/p><cite>nivell COMPETICI\u00d3<\/cite><\/blockquote><\/figure>\n<\/div><\/div>\n<\/div><\/div>\n\n\n\n<p class=\"has-text-align-right has-medium-font-size\"><strong>CATEGORIES PREBENJAM\u00cd, BENJAM\u00cd I ALEV\u00cd<\/strong><\/p>\n\n\n\n<p style=\"font-size:25px\"><strong><span class=\"has-inline-color has-vivid-red-color\">OBJECTIUS<\/span><\/strong><\/p>\n\n\n\n<p>\u2022<em>Preparar els\/les esportistes per a competir en dist\u00e0ncies preferentment curtes (25-100m).<\/em> <\/p>\n\n\n\n<p>\u2022<em>Experimentar la competici\u00f3 en els diferents estils natatoris sense tendir envers l\u2019especialitzaci\u00f3.<\/em> <\/p>\n\n\n\n<p>\u2022<em>Fomentar els valors positius individuals i col\u00b7lectius de la competici\u00f3.<\/em><\/p>\n\n\n\n<p style=\"font-size:25px\"><strong><span class=\"has-inline-color has-vivid-red-color\">CONTINGUTS<\/span><\/strong><\/p>\n\n\n\n<p>\u2022<em>Iniciaci\u00f3 a la T\u00e8cnica de Sortida dels diferents estils.<\/em> <\/p>\n\n\n\n<p>\u2022<em>Iniciaci\u00f3 a la T\u00e8cnica d\u2019Arribada dels diferents estils.<\/em> <\/p>\n\n\n\n<p>\u2022<em>Iniciaci\u00f3 a la T\u00e8cnica de Viratge dels diferents estils.<\/em> <\/p>\n\n\n\n<p>\u2022<em>Millora dels Temps de nado individuals preferentment en dist\u00e0ncies curtes (25-100m) .<\/em> <\/p>\n\n\n\n<p>\u2022<em>Relleus preferentment en dist\u00e0ncies curtes (25-100m).<\/em><\/p>\n\n\n\n<p style=\"font-size:25px\"><strong><span class=\"has-inline-color has-vivid-red-color\">ACTITUDS, VALORS I NORMES<\/span><\/strong><\/p>\n\n\n\n<p>\u2022<em>Iniciaci\u00f3 als conceptes i valors de:<\/em> <\/p>\n\n\n\n<ul><li><em>Voluntat, comprom\u00eds, dedicaci\u00f3, esfor\u00e7 i const\u00e0ncia.<\/em> <\/li><li><em>Esperit de millora i superaci\u00f3 personal.<\/em> <\/li><li><em>Col\u00b7laboraci\u00f3, solidaritat i treball en equip.<\/em> <\/li><li><em>Acceptaci\u00f3 de les pr\u00f2pies limitacions i resultats.<\/em> <\/li><li><em>Respecte, humilitat, autoconcepte i autoestima.<\/em><\/li><\/ul>\n\n\n\n<p style=\"font-size:25px\"><strong><span class=\"has-inline-color has-vivid-red-color\">AVALUACI\u00d3 \u2013 SUPERACI\u00d3 DE NIVELL<\/span><\/strong><\/p>\n\n\n\n<p>\u2022<em>De forma general, el pas de nivell de Nataci\u00f3 Esportiva 1 a Nataci\u00f3 Esportiva 2 vindr\u00e0 condicionada pel pas a la categoria infantil.<\/em> <\/p>\n\n\n\n<p>\u2022<em>L\u2019avaluaci\u00f3 individualitzada dels nedadors\/es es realitzar\u00e0 en base als seg\u00fcents indicadors:<\/em> <\/p>\n\n\n\n<ul><li><em>Tests de millora de temps en les proves d\u2019entre 25 i 100 m dels diferents estils natatoris (en funci\u00f3 de la categoria).<\/em> <\/li><li><em>Tests de t\u00e8cnica dels diferents estils natatoris.<\/em> <\/li><li><em>Tests de sortides, arribades i viratges dels diferents estils natatoris.<\/em> 4.<em>Avaluaci\u00f3 qualitativa de l\u2019assoliment de valors programats.<\/em><\/li><\/ul>\n","protected":false},"excerpt":{"rendered":"<p>CATEGORIES PREBENJAM\u00cd, BENJAM\u00cd I ALEV\u00cd OBJECTIUS \u2022Preparar els\/les esportistes per a competir en dist\u00e0ncies preferentment curtes (25-100m). \u2022Experimentar la competici\u00f3 [&hellip;]<\/p>\n","protected":false},"author":5,"featured_media":2692,"parent":0,"menu_order":0,"comment_status":"closed","ping_status":"closed","template":"","meta":[],"_links":{"self":[{"href":"http:\/\/www.ametllamar.cat\/esports\/wp-json\/wp\/v2\/pages\/2696"}],"collection":[{"href":"http:\/\/www.ametllamar.cat\/esports\/wp-json\/wp\/v2\/pages"}],"about":[{"href":"http:\/\/www.ametllamar.cat\/esports\/wp-json\/wp\/v2\/types\/page"}],"author":[{"embeddable":true,"href":"http:\/\/www.ametllamar.cat\/esports\/wp-json\/wp\/v2\/users\/5"}],"replies":[{"embeddable":true,"href":"http:\/\/www.ametllamar.cat\/esports\/wp-json\/wp\/v2\/comments?post=2696"}],"version-history":[{"count":4,"href":"http:\/\/www.ametllamar.cat\/esports\/wp-json\/wp\/v2\/pages\/2696\/revisions"}],"predecessor-version":[{"id":2805,"href":"http:\/\/www.ametllamar.cat\/esports\/wp-json\/wp\/v2\/pages\/2696\/revisions\/2805"}],"wp:featuredmedia":[{"embeddable":true,"href":"http:\/\/www.ametllamar.cat\/esports\/wp-json\/wp\/v2\/media\/2692"}],"wp:attachment":[{"href":"http:\/\/www.ametllamar.cat\/esports\/wp-json\/wp\/v2\/media?parent=2696"}],"curies":[{"name":"wp","href":"https:\/\/api.w.org\/{rel}","templated":true}]}}