{"id":2663,"date":"2021-06-11T12:33:46","date_gmt":"2021-06-11T10:33:46","guid":{"rendered":"https:\/\/www.ametllamar.cat\/esports\/?page_id=2663"},"modified":"2021-07-08T10:18:44","modified_gmt":"2021-07-08T08:18:44","slug":"nivell-perfeccionament-o-avancat","status":"publish","type":"page","link":"http:\/\/www.ametllamar.cat\/esports\/natacio\/nivells-escola-natacio\/nivell-perfeccionament-o-avancat\/","title":{"rendered":"Taurons &#8211; Nivell Perfeccionament o Avan\u00e7at"},"content":{"rendered":"\n<p class=\"has-text-align-right has-large-font-size\"><em>Perfeccionament de la t\u00e8cnica d&#8217;estils (CROL + ESQUENA + BRA\u00c7A)<\/em><\/p>\n\n\n\n<div class=\"wp-block-group alignwide\"><div class=\"wp-block-group__inner-container\">\n<div class=\"wp-block-media-text alignwide is-stacked-on-mobile is-vertically-aligned-center\" style=\"grid-template-columns:28% auto\"><figure class=\"wp-block-media-text__media\"><img loading=\"lazy\" width=\"938\" height=\"989\" src=\"http:\/\/www.ametllamar.cat\/esports\/wp-content\/uploads\/2021\/06\/TAURONS.png\" alt=\"\" class=\"wp-image-2626 size-full\" srcset=\"http:\/\/www.ametllamar.cat\/esports\/wp-content\/uploads\/2021\/06\/TAURONS.png 938w, http:\/\/www.ametllamar.cat\/esports\/wp-content\/uploads\/2021\/06\/TAURONS-285x300.png 285w, http:\/\/www.ametllamar.cat\/esports\/wp-content\/uploads\/2021\/06\/TAURONS-768x810.png 768w\" sizes=\"(max-width: 938px) 100vw, 938px\" \/><\/figure><div class=\"wp-block-media-text__content\">\n<figure class=\"wp-block-pullquote is-style-default\" style=\"border-color:#cf2e2e\"><blockquote class=\"has-text-color has-vivid-red-color\"><p><strong><em>TAURONS<\/em><\/strong><\/p><cite>nivell BLAU<\/cite><\/blockquote><\/figure>\n<\/div><\/div>\n<\/div><\/div>\n\n\n\n<p><\/p>\n\n\n\n<p style=\"font-size:25px\"><strong><span class=\"has-inline-color has-vivid-red-color\">OBJECTIUS<\/span><\/strong><\/p>\n\n\n\n<p>\u2022<em>Con\u00e8ixer i realitzar amb correcci\u00f3 els diferents aspectes t\u00e8cnics dels estils natatoris del Crol, l\u2019Esquena i la Bra\u00e7a.<\/em> <\/p>\n\n\n\n<p>\u2022<em>Iniciar-se en l\u2019aprenentatge de l\u2019estil natatori de Papallona.<\/em> <\/p>\n\n\n\n<p>\u2022<em>Entrenar diferents dist\u00e0ncies nedant amb la correlaci\u00f3 de les diferents manifestacions de les qualitats f\u00edsiques b\u00e0siques (velocitat-resist\u00e8ncia).<\/em><\/p>\n\n\n\n<p style=\"font-size:25px\"><strong><span class=\"has-inline-color has-vivid-red-color\">CONTINGUTS<\/span><\/strong><\/p>\n\n\n\n<p>\u2022<em>Aspectes t\u00e8cnics i fases dels estils de Crol, Esquena i Bra\u00e7a (entrada, tracci\u00f3, empenta, sortida, recobrament i acci\u00f3 de cames).<\/em> <\/p>\n\n\n\n<p>\u2022<em>Fonaments t\u00e8cnics de l\u2019estil de la Papallona:<\/em> <\/p>\n\n\n\n<ul><li>\u2022<em>Posici\u00f3 corporal.<\/em> <\/li><li>\u2022<em>Acci\u00f3 de cames a\u00efllada i en coordinaci\u00f3 amb la respiraci\u00f3.<\/em> <\/li><li>\u2022<em>Acci\u00f3 de cames amb i sense material auxiliar amb propulsi\u00f3 de bra\u00e7os.<\/em> <\/li><li>\u2022<em>Acci\u00f3 de cames amb i sense material auxiliar amb propulsions de bra\u00e7os en coordinaci\u00f3 amb la respiraci\u00f3.Coordinaci\u00f3 global dels estils de crol i esquena<\/em><\/li><\/ul>\n\n\n\n<p style=\"font-size:25px\"><strong><span class=\"has-inline-color has-vivid-red-color\">ACTITUDS, VALORS I NORMES<\/span><\/strong><\/p>\n\n\n\n<p>\u2022<em>L\u2019autoorganitzaci\u00f3 i l\u2019estructuraci\u00f3.<\/em> <\/p>\n\n\n\n<p>\u2022<em>La paci\u00e8ncia.<\/em> <\/p>\n\n\n\n<p>\u2022<em>La valentia i el coratge.<\/em> <\/p>\n\n\n\n<p>\u2022<em>L\u2019assertivitat.<\/em> <\/p>\n\n\n\n<p>\u2022<em>L\u2019altruisme.<\/em> <\/p>\n\n\n\n<p>\u2022<em>L\u2019equitat i la discriminaci\u00f3 positiva.<\/em><\/p>\n\n\n\n<p style=\"font-size:25px\"><strong><span class=\"has-inline-color has-vivid-red-color\">AVALUACI\u00d3 \u2013 SUPERACI\u00d3 DE NIVELL<\/span><\/strong><\/p>\n\n\n\n<ul><li><em>Test d\u2019avaluaci\u00f3 de les fitxes t\u00e8cniques dels estils de Crol, Esquena i Bra\u00e7a<\/em><strong>.<\/strong> <\/li><li><em>Despla\u00e7ar-se 25 m en estil Papallona sense aturar-se.<\/em> <\/li><li><em>Despla\u00e7ar-se 50 m en estil Bra\u00e7a sense aturar-se.<\/em> <\/li><li><em>Despla\u00e7ar-se 100 m en estil Esquena sense aturar-se.<\/em> \u2022<em>Despla\u00e7ar-se 200 m en estil Crol sense aturar-se.<\/em><\/li><\/ul>\n","protected":false},"excerpt":{"rendered":"<p>Perfeccionament de la t\u00e8cnica d&#8217;estils (CROL + ESQUENA + BRA\u00c7A) OBJECTIUS \u2022Con\u00e8ixer i realitzar amb correcci\u00f3 els diferents aspectes t\u00e8cnics [&hellip;]<\/p>\n","protected":false},"author":5,"featured_media":2626,"parent":2619,"menu_order":0,"comment_status":"closed","ping_status":"closed","template":"","meta":[],"_links":{"self":[{"href":"http:\/\/www.ametllamar.cat\/esports\/wp-json\/wp\/v2\/pages\/2663"}],"collection":[{"href":"http:\/\/www.ametllamar.cat\/esports\/wp-json\/wp\/v2\/pages"}],"about":[{"href":"http:\/\/www.ametllamar.cat\/esports\/wp-json\/wp\/v2\/types\/page"}],"author":[{"embeddable":true,"href":"http:\/\/www.ametllamar.cat\/esports\/wp-json\/wp\/v2\/users\/5"}],"replies":[{"embeddable":true,"href":"http:\/\/www.ametllamar.cat\/esports\/wp-json\/wp\/v2\/comments?post=2663"}],"version-history":[{"count":2,"href":"http:\/\/www.ametllamar.cat\/esports\/wp-json\/wp\/v2\/pages\/2663\/revisions"}],"predecessor-version":[{"id":2801,"href":"http:\/\/www.ametllamar.cat\/esports\/wp-json\/wp\/v2\/pages\/2663\/revisions\/2801"}],"up":[{"embeddable":true,"href":"http:\/\/www.ametllamar.cat\/esports\/wp-json\/wp\/v2\/pages\/2619"}],"wp:featuredmedia":[{"embeddable":true,"href":"http:\/\/www.ametllamar.cat\/esports\/wp-json\/wp\/v2\/media\/2626"}],"wp:attachment":[{"href":"http:\/\/www.ametllamar.cat\/esports\/wp-json\/wp\/v2\/media?parent=2663"}],"curies":[{"name":"wp","href":"https:\/\/api.w.org\/{rel}","templated":true}]}}