{"id":2619,"date":"2021-06-11T11:01:43","date_gmt":"2021-06-11T09:01:43","guid":{"rendered":"https:\/\/www.ametllamar.cat\/esports\/?page_id=2619"},"modified":"2022-11-14T08:56:42","modified_gmt":"2022-11-14T07:56:42","slug":"nivells-escola-natacio","status":"publish","type":"page","link":"http:\/\/www.ametllamar.cat\/esports\/natacio\/nivells-escola-natacio\/","title":{"rendered":"Nivells Escola Nataci\u00f3"},"content":{"rendered":"\n<p class=\"has-text-align-center\" style=\"font-size:29px\"><strong><span class=\"has-inline-color has-vivid-red-color\">Nivells Iniciaci\u00f3<\/span><\/strong><span class=\"has-inline-color has-vivid-red-color\"><strong> o Inicial<\/strong><\/span><\/p>\n\n\n\n<div class=\"wp-block-columns\">\n<div class=\"wp-block-column\">\n<div class=\"wp-block-image\"><figure class=\"aligncenter size-medium\"><a href=\"https:\/\/www.ametllamar.cat\/esports\/?page_id=2639\"><img loading=\"lazy\" width=\"300\" height=\"294\" src=\"https:\/\/www.ametllamar.cat\/esports\/wp-content\/uploads\/2021\/06\/POLPETS-300x294.png\" alt=\"\" class=\"wp-image-2620\" srcset=\"http:\/\/www.ametllamar.cat\/esports\/wp-content\/uploads\/2021\/06\/POLPETS-300x294.png 300w, http:\/\/www.ametllamar.cat\/esports\/wp-content\/uploads\/2021\/06\/POLPETS-768x754.png 768w, http:\/\/www.ametllamar.cat\/esports\/wp-content\/uploads\/2021\/06\/POLPETS.png 810w\" sizes=\"(max-width: 300px) 100vw, 300px\" \/><\/a><figcaption><strong><em>NIVELL BLANC<\/em><\/strong><\/figcaption><\/figure><\/div>\n<\/div>\n\n\n\n<div class=\"wp-block-column is-vertically-aligned-center\">\n<div class=\"wp-block-image\"><figure class=\"aligncenter size-medium\"><a href=\"nivell-groc\"><img loading=\"lazy\" width=\"300\" height=\"270\" src=\"https:\/\/www.ametllamar.cat\/esports\/wp-content\/uploads\/2021\/06\/TORTUGUETES-300x270.png\" alt=\"\" class=\"wp-image-2621\" srcset=\"http:\/\/www.ametllamar.cat\/esports\/wp-content\/uploads\/2021\/06\/TORTUGUETES-300x270.png 300w, http:\/\/www.ametllamar.cat\/esports\/wp-content\/uploads\/2021\/06\/TORTUGUETES-768x691.png 768w, http:\/\/www.ametllamar.cat\/esports\/wp-content\/uploads\/2021\/06\/TORTUGUETES.png 880w\" sizes=\"(max-width: 300px) 100vw, 300px\" \/><\/a><figcaption><strong><em>NIVELL GROC<\/em><\/strong><\/figcaption><\/figure><\/div>\n<\/div>\n\n\n\n<div class=\"wp-block-column\">\n<div class=\"wp-block-image\"><figure class=\"aligncenter size-medium\"><a href=\"https:\/\/www.ametllamar.cat\/esports\/natacio\/nivells-escola-natacio\/nivell-iniciacio-o-inicial\/\"><img loading=\"lazy\" width=\"169\" height=\"300\" src=\"https:\/\/www.ametllamar.cat\/esports\/wp-content\/uploads\/2021\/06\/CAVALLETS-DE-MAR-169x300.png\" alt=\"\" class=\"wp-image-2622\" srcset=\"http:\/\/www.ametllamar.cat\/esports\/wp-content\/uploads\/2021\/06\/CAVALLETS-DE-MAR-169x300.png 169w, http:\/\/www.ametllamar.cat\/esports\/wp-content\/uploads\/2021\/06\/CAVALLETS-DE-MAR.png 509w\" sizes=\"(max-width: 169px) 100vw, 169px\" \/><\/a><figcaption><em><strong>NIVELL <\/strong><\/em><strong><em>VERD<\/em><\/strong><\/figcaption><\/figure><\/div>\n\n\n\n<p><\/p>\n<\/div>\n<\/div>\n\n\n\n<p class=\"has-text-align-center\" style=\"font-size:29px\"><strong><span class=\"has-inline-color has-vivid-red-color\">Nivells Aprenentatge o Mitj\u00e0<\/span><\/strong><\/p>\n\n\n\n<p><\/p>\n\n\n\n<div class=\"wp-block-columns\">\n<div class=\"wp-block-column\">\n<div class=\"wp-block-image\"><figure class=\"aligncenter size-medium\"><a href=\"https:\/\/www.ametllamar.cat\/esports\/natacio\/nivells-escola-natacio\/nivell-aprenentatge-o-mitja\/\"><img loading=\"lazy\" width=\"300\" height=\"175\" src=\"https:\/\/www.ametllamar.cat\/esports\/wp-content\/uploads\/2021\/06\/PEIXETS-300x175.png\" alt=\"\" class=\"wp-image-2624\" srcset=\"http:\/\/www.ametllamar.cat\/esports\/wp-content\/uploads\/2021\/06\/PEIXETS-300x175.png 300w, http:\/\/www.ametllamar.cat\/esports\/wp-content\/uploads\/2021\/06\/PEIXETS-768x448.png 768w, http:\/\/www.ametllamar.cat\/esports\/wp-content\/uploads\/2021\/06\/PEIXETS.png 971w\" sizes=\"(max-width: 300px) 100vw, 300px\" \/><\/a><figcaption><strong><em>NIVELL<\/em><\/strong> <strong><em>TARONJA<\/em><\/strong><\/figcaption><\/figure><\/div>\n<\/div>\n\n\n\n<div class=\"wp-block-column is-vertically-aligned-center\">\n<div class=\"wp-block-image\"><figure class=\"aligncenter size-medium is-resized\"><a href=\"https:\/\/www.ametllamar.cat\/esports\/natacio\/nivells-escola-natacio\/nivell-aprenentatge-o-mitja-2\/\"><img loading=\"lazy\" src=\"https:\/\/www.ametllamar.cat\/esports\/wp-content\/uploads\/2021\/06\/ORQUES-250x300.png\" alt=\"\" class=\"wp-image-2625\" width=\"203\" height=\"243\" srcset=\"http:\/\/www.ametllamar.cat\/esports\/wp-content\/uploads\/2021\/06\/ORQUES-250x300.png 250w, http:\/\/www.ametllamar.cat\/esports\/wp-content\/uploads\/2021\/06\/ORQUES-768x921.png 768w, http:\/\/www.ametllamar.cat\/esports\/wp-content\/uploads\/2021\/06\/ORQUES.png 818w\" sizes=\"(max-width: 203px) 100vw, 203px\" \/><\/a><figcaption><strong><em>NIVELL ROIG<\/em><\/strong><\/figcaption><\/figure><\/div>\n<\/div>\n<\/div>\n\n\n\n<p><\/p>\n\n\n\n<p class=\"has-text-align-center\" style=\"font-size:29px\"><strong><span class=\"has-inline-color has-vivid-red-color\">Nivells Perfeccionament o Avan\u00e7at<\/span><\/strong><\/p>\n\n\n\n<div class=\"wp-block-columns\">\n<div class=\"wp-block-column\">\n<div class=\"wp-block-image\"><figure class=\"aligncenter size-medium\"><a href=\"https:\/\/www.ametllamar.cat\/esports\/natacio\/nivells-escola-natacio\/nivell-perfeccionament-o-avancat\/\"><img loading=\"lazy\" width=\"285\" height=\"300\" src=\"https:\/\/www.ametllamar.cat\/esports\/wp-content\/uploads\/2021\/06\/TAURONS-285x300.png\" alt=\"\" class=\"wp-image-2626\" srcset=\"http:\/\/www.ametllamar.cat\/esports\/wp-content\/uploads\/2021\/06\/TAURONS-285x300.png 285w, http:\/\/www.ametllamar.cat\/esports\/wp-content\/uploads\/2021\/06\/TAURONS-768x810.png 768w, http:\/\/www.ametllamar.cat\/esports\/wp-content\/uploads\/2021\/06\/TAURONS.png 938w\" sizes=\"(max-width: 285px) 100vw, 285px\" \/><\/a><figcaption><strong><em>NIVELL BLAU<\/em><\/strong><\/figcaption><\/figure><\/div>\n<\/div>\n\n\n\n<div class=\"wp-block-column is-vertically-aligned-center\">\n<div class=\"wp-block-image\"><figure class=\"aligncenter size-medium\"><a href=\"https:\/\/www.ametllamar.cat\/esports\/natacio\/nivells-escola-natacio\/nivell-perfeccionament-o-avancat-2\/\"><img loading=\"lazy\" width=\"227\" height=\"300\" src=\"https:\/\/www.ametllamar.cat\/esports\/wp-content\/uploads\/2021\/06\/DOFINS-227x300.png\" alt=\"\" class=\"wp-image-2627\" srcset=\"http:\/\/www.ametllamar.cat\/esports\/wp-content\/uploads\/2021\/06\/DOFINS-227x300.png 227w, http:\/\/www.ametllamar.cat\/esports\/wp-content\/uploads\/2021\/06\/DOFINS-774x1024.png 774w, http:\/\/www.ametllamar.cat\/esports\/wp-content\/uploads\/2021\/06\/DOFINS-768x1017.png 768w, http:\/\/www.ametllamar.cat\/esports\/wp-content\/uploads\/2021\/06\/DOFINS.png 828w\" sizes=\"(max-width: 227px) 100vw, 227px\" \/><\/a><figcaption><strong><em>NIVELL NEGRE<\/em><\/strong><\/figcaption><\/figure><\/div>\n<\/div>\n<\/div>\n\n\n\n<p><\/p>\n","protected":false},"excerpt":{"rendered":"<p>Nivells Iniciaci\u00f3 o Inicial Nivells Aprenentatge o Mitj\u00e0 Nivells Perfeccionament o Avan\u00e7at<\/p>\n","protected":false},"author":5,"featured_media":0,"parent":116,"menu_order":0,"comment_status":"closed","ping_status":"closed","template":"","meta":[],"_links":{"self":[{"href":"http:\/\/www.ametllamar.cat\/esports\/wp-json\/wp\/v2\/pages\/2619"}],"collection":[{"href":"http:\/\/www.ametllamar.cat\/esports\/wp-json\/wp\/v2\/pages"}],"about":[{"href":"http:\/\/www.ametllamar.cat\/esports\/wp-json\/wp\/v2\/types\/page"}],"author":[{"embeddable":true,"href":"http:\/\/www.ametllamar.cat\/esports\/wp-json\/wp\/v2\/users\/5"}],"replies":[{"embeddable":true,"href":"http:\/\/www.ametllamar.cat\/esports\/wp-json\/wp\/v2\/comments?post=2619"}],"version-history":[{"count":23,"href":"http:\/\/www.ametllamar.cat\/esports\/wp-json\/wp\/v2\/pages\/2619\/revisions"}],"predecessor-version":[{"id":3218,"href":"http:\/\/www.ametllamar.cat\/esports\/wp-json\/wp\/v2\/pages\/2619\/revisions\/3218"}],"up":[{"embeddable":true,"href":"http:\/\/www.ametllamar.cat\/esports\/wp-json\/wp\/v2\/pages\/116"}],"wp:attachment":[{"href":"http:\/\/www.ametllamar.cat\/esports\/wp-json\/wp\/v2\/media?parent=2619"}],"curies":[{"name":"wp","href":"https:\/\/api.w.org\/{rel}","templated":true}]}}