{"id":239,"date":"2016-03-08T17:05:21","date_gmt":"2016-03-08T16:05:21","guid":{"rendered":"http:\/\/www.ametllamar.cat\/esports\/?page_id=239"},"modified":"2026-05-04T09:25:32","modified_gmt":"2026-05-04T07:25:32","slug":"trobada-de-gimnastica-ritmica","status":"publish","type":"page","link":"http:\/\/www.ametllamar.cat\/esports\/trobada-de-gimnastica-ritmica\/","title":{"rendered":"Trobada de Gimn\u00e0stica R\u00edtmica"},"content":{"rendered":"\n<figure class=\"wp-block-image size-large\"><a href=\"https:\/\/www.ametllamar.cat\/esports\/wp-content\/uploads\/2026\/05\/ChatGPT-Image-22-dabr.-del-2026-13_34_51.png\" rel=\"lightbox[239]\"><img loading=\"lazy\" width=\"723\" height=\"1024\" src=\"https:\/\/www.ametllamar.cat\/esports\/wp-content\/uploads\/2026\/05\/ChatGPT-Image-22-dabr.-del-2026-13_34_51-723x1024.png\" alt=\"\" class=\"wp-image-5043\" srcset=\"http:\/\/www.ametllamar.cat\/esports\/wp-content\/uploads\/2026\/05\/ChatGPT-Image-22-dabr.-del-2026-13_34_51-723x1024.png 723w, http:\/\/www.ametllamar.cat\/esports\/wp-content\/uploads\/2026\/05\/ChatGPT-Image-22-dabr.-del-2026-13_34_51-212x300.png 212w, http:\/\/www.ametllamar.cat\/esports\/wp-content\/uploads\/2026\/05\/ChatGPT-Image-22-dabr.-del-2026-13_34_51-768x1087.png 768w, http:\/\/www.ametllamar.cat\/esports\/wp-content\/uploads\/2026\/05\/ChatGPT-Image-22-dabr.-del-2026-13_34_51.png 1054w\" sizes=\"(max-width: 723px) 100vw, 723px\" \/><\/a><\/figure>\n\n\n\n<p>Una jornada on totes les gimnastes hi poden participar: grups d&#8217;iniciaci\u00f3, gimnastes escolars, gimnastes federades, grups&#8230;. No tindrem normativa ni jutges, nom\u00e9s desitgem que les gimnastes facin all\u00f3 que m\u00e9s els agrada!!!<\/p>\n\n\n\n<p>Us deixem m\u00e9s informaci\u00f3 i el full d&#8217;inscripci\u00f3:<\/p>\n\n\n\n<div class=\"wp-block-file\"><a href=\"https:\/\/www.ametllamar.cat\/esports\/wp-content\/uploads\/2024\/05\/Trobada-GR-1.pdf\">Informaci\u00f3 i Inscripcions<\/a><a href=\"https:\/\/www.ametllamar.cat\/esports\/wp-content\/uploads\/2024\/05\/Trobada-GR-1.pdf\" class=\"wp-block-file__button\" download>Baixa<\/a><\/div>\n\n\n\n<p>I si teniu cap consulta, no dubteu en posar-vos en contacte amb nosaltres a tllambrich@ametllamar.cat o al 977103897<\/p>\n","protected":false},"excerpt":{"rendered":"<p>Una jornada on totes les gimnastes hi poden participar: grups d&#8217;iniciaci\u00f3, gimnastes escolars, gimnastes federades, grups&#8230;. No tindrem normativa ni [&hellip;]<\/p>\n","protected":false},"author":2,"featured_media":0,"parent":0,"menu_order":0,"comment_status":"closed","ping_status":"closed","template":"","meta":[],"_links":{"self":[{"href":"http:\/\/www.ametllamar.cat\/esports\/wp-json\/wp\/v2\/pages\/239"}],"collection":[{"href":"http:\/\/www.ametllamar.cat\/esports\/wp-json\/wp\/v2\/pages"}],"about":[{"href":"http:\/\/www.ametllamar.cat\/esports\/wp-json\/wp\/v2\/types\/page"}],"author":[{"embeddable":true,"href":"http:\/\/www.ametllamar.cat\/esports\/wp-json\/wp\/v2\/users\/2"}],"replies":[{"embeddable":true,"href":"http:\/\/www.ametllamar.cat\/esports\/wp-json\/wp\/v2\/comments?post=239"}],"version-history":[{"count":5,"href":"http:\/\/www.ametllamar.cat\/esports\/wp-json\/wp\/v2\/pages\/239\/revisions"}],"predecessor-version":[{"id":5044,"href":"http:\/\/www.ametllamar.cat\/esports\/wp-json\/wp\/v2\/pages\/239\/revisions\/5044"}],"wp:attachment":[{"href":"http:\/\/www.ametllamar.cat\/esports\/wp-json\/wp\/v2\/media?parent=239"}],"curies":[{"name":"wp","href":"https:\/\/api.w.org\/{rel}","templated":true}]}}