{"id":233,"date":"2016-03-08T17:00:50","date_gmt":"2016-03-08T16:00:50","guid":{"rendered":"http:\/\/www.ametllamar.cat\/esports\/?page_id=233"},"modified":"2026-04-07T12:13:16","modified_gmt":"2026-04-07T10:13:16","slug":"caminada-popular-al-castell-de-sant-jordi","status":"publish","type":"page","link":"http:\/\/www.ametllamar.cat\/esports\/caminada-popular-al-castell-de-sant-jordi\/","title":{"rendered":"Caminada Popular al Castell de Sant Jordi"},"content":{"rendered":"\n<div class=\"wp-block-file\"><a href=\"https:\/\/www.ametllamar.cat\/esports\/wp-content\/uploads\/2024\/04\/CAMINADA-SANT-JORDI-2024.jpg\" rel=\"lightbox[233]\">CAMINADA-SANT-JORDI-2024<\/a><a href=\"https:\/\/www.ametllamar.cat\/esports\/wp-content\/uploads\/2024\/04\/CAMINADA-SANT-JORDI-2024.jpg\" class=\"wp-block-file__button\" download rel=\"lightbox[233]\">Baixa<\/a><\/div>\n\n\n\n<figure class=\"wp-block-image size-large\"><a href=\"https:\/\/www.ametllamar.cat\/esports\/wp-content\/uploads\/2026\/04\/Caminada-Sant-Jordi.png\" rel=\"lightbox[233]\"><img loading=\"lazy\" width=\"576\" height=\"1024\" src=\"https:\/\/www.ametllamar.cat\/esports\/wp-content\/uploads\/2026\/04\/Caminada-Sant-Jordi-576x1024.png\" alt=\"\" class=\"wp-image-5038\" srcset=\"http:\/\/www.ametllamar.cat\/esports\/wp-content\/uploads\/2026\/04\/Caminada-Sant-Jordi-576x1024.png 576w, http:\/\/www.ametllamar.cat\/esports\/wp-content\/uploads\/2026\/04\/Caminada-Sant-Jordi-169x300.png 169w, http:\/\/www.ametllamar.cat\/esports\/wp-content\/uploads\/2026\/04\/Caminada-Sant-Jordi-768x1365.png 768w, http:\/\/www.ametllamar.cat\/esports\/wp-content\/uploads\/2026\/04\/Caminada-Sant-Jordi-864x1536.png 864w, http:\/\/www.ametllamar.cat\/esports\/wp-content\/uploads\/2026\/04\/Caminada-Sant-Jordi.png 1080w\" sizes=\"(max-width: 576px) 100vw, 576px\" \/><\/a><\/figure>\n\n\n\n<p>La Caminada Popular al Castell de Sant Jordi es va instaurar l&#8217;any 2.003 en el marc de les activitats que l&#8217;Ajuntament de L&#8217;Ametlla de Mar organitza per la Diada de Sant Jordi.<\/p>\n\n\n\n<p><strong>CONSIDERACIONS<\/strong><\/p>\n\n\n\n<ul><li>Caminada Popular no competitiva; guia davant i darrera el grup.<\/li><li>Edats: recomanada a partir de 5 anys. Els menors de 13 anys han d&#8217;anar acompanyats d&#8217;un adult i els menors de 18 que vagin sols, hauran de presentar l&#8217;autoritzaci\u00f3 del\/s tutors\/es legal\/s (la podeu trobar al final de la p\u00e0gina).<\/li><li>Requeriments: els participants reconeixen ser aptes per l&#8217;esfor\u00e7 impl\u00edcit en l&#8217;activitat.<\/li><li>Avituallaments: a c\u00e0rrec dels participants (es recomana dur aigua i esmorzar).<\/li><li>Recomanacions: cal\u00e7at c\u00f2mode apte per a caminar, gorra i&nbsp;protecci\u00f3 solar.<\/li><li>Transport: preveure tornada a t\u00edtol&nbsp;individual, a peu o en vehicle particular.<\/li><\/ul>\n\n\n\n<p><strong>RECORREGUT<\/strong><\/p>\n\n\n\n<ul><li>Dist\u00e0ncia: 5,88 Km.<\/li><li>Desnivell: Ascendent &#8211; 241 m\/ Descendent &#8211; 235 m<\/li><li>Temps aproximat caminant: 55&#8242;-90&#8242; (en funci\u00f3 de la dimensi\u00f3 i el nivell del grup)<\/li><li>Nivell: F\u00e0cil<\/li><\/ul>\n\n\n\n<p>Us podeu descarregar la ruta amb el seg\u00fcent QR:<\/p>\n\n\n\n<figure class=\"wp-block-image size-large\"><a href=\"https:\/\/www.ametllamar.cat\/esports\/wp-content\/uploads\/2022\/04\/image.png\" rel=\"lightbox[233]\"><img loading=\"lazy\" width=\"175\" height=\"177\" src=\"https:\/\/www.ametllamar.cat\/esports\/wp-content\/uploads\/2022\/04\/image.png\" alt=\"\" class=\"wp-image-3055\"\/><\/a><\/figure>\n\n\n\n<div class=\"wp-block-file\"><a href=\"http:\/\/www.ametllamar.cat\/esports\/wp-content\/uploads\/2022\/04\/AUTORITZACIO-CAMINADA-SANT-JORDI.pdf\">AUTORITZACI\u00d3 PER A MENORS D&#8217;EDAT<\/a><a href=\"http:\/\/www.ametllamar.cat\/esports\/wp-content\/uploads\/2022\/04\/AUTORITZACIO-CAMINADA-SANT-JORDI.pdf\" class=\"wp-block-file__button\" download>Baixa<\/a><\/div>\n\n\n\n<p><strong>Per a m\u00e9s informaci\u00f3 i inscripcions: CEM La Cala &#8211; 977 10 39 97 &#8211; cemlacala@ametllamar.cat<\/strong><\/p>\n","protected":false},"excerpt":{"rendered":"<p>La Caminada Popular al Castell de Sant Jordi es va instaurar l&#8217;any 2.003 en el marc de les activitats que [&hellip;]<\/p>\n","protected":false},"author":2,"featured_media":3302,"parent":0,"menu_order":0,"comment_status":"closed","ping_status":"closed","template":"","meta":[],"_links":{"self":[{"href":"http:\/\/www.ametllamar.cat\/esports\/wp-json\/wp\/v2\/pages\/233"}],"collection":[{"href":"http:\/\/www.ametllamar.cat\/esports\/wp-json\/wp\/v2\/pages"}],"about":[{"href":"http:\/\/www.ametllamar.cat\/esports\/wp-json\/wp\/v2\/types\/page"}],"author":[{"embeddable":true,"href":"http:\/\/www.ametllamar.cat\/esports\/wp-json\/wp\/v2\/users\/2"}],"replies":[{"embeddable":true,"href":"http:\/\/www.ametllamar.cat\/esports\/wp-json\/wp\/v2\/comments?post=233"}],"version-history":[{"count":20,"href":"http:\/\/www.ametllamar.cat\/esports\/wp-json\/wp\/v2\/pages\/233\/revisions"}],"predecessor-version":[{"id":5039,"href":"http:\/\/www.ametllamar.cat\/esports\/wp-json\/wp\/v2\/pages\/233\/revisions\/5039"}],"wp:featuredmedia":[{"embeddable":true,"href":"http:\/\/www.ametllamar.cat\/esports\/wp-json\/wp\/v2\/media\/3302"}],"wp:attachment":[{"href":"http:\/\/www.ametllamar.cat\/esports\/wp-json\/wp\/v2\/media?parent=233"}],"curies":[{"name":"wp","href":"https:\/\/api.w.org\/{rel}","templated":true}]}}