{"id":140,"date":"2016-03-08T13:20:35","date_gmt":"2016-03-08T12:20:35","guid":{"rendered":"http:\/\/www.ametllamar.cat\/esports\/?page_id=140"},"modified":"2022-02-17T13:06:12","modified_gmt":"2022-02-17T12:06:12","slug":"pav-la-cala","status":"publish","type":"page","link":"http:\/\/www.ametllamar.cat\/esports\/pav-la-cala\/","title":{"rendered":"Pav La Cala"},"content":{"rendered":"\n<p>Pavell\u00f3 Poliesportiu Municipal &#8220;Galetet&#8221; de L&#8217;Ametlla de Mar<\/p>\n\n\n\n<figure class=\"wp-block-image size-large\"><img loading=\"lazy\" width=\"1021\" height=\"573\" src=\"https:\/\/www.ametllamar.cat\/esports\/wp-content\/uploads\/2020\/12\/poliesportiu-1.png\" alt=\"\" class=\"wp-image-2154\" srcset=\"http:\/\/www.ametllamar.cat\/esports\/wp-content\/uploads\/2020\/12\/poliesportiu-1.png 1021w, http:\/\/www.ametllamar.cat\/esports\/wp-content\/uploads\/2020\/12\/poliesportiu-1-300x168.png 300w, http:\/\/www.ametllamar.cat\/esports\/wp-content\/uploads\/2020\/12\/poliesportiu-1-768x431.png 768w\" sizes=\"(max-width: 1021px) 100vw, 1021px\" \/><\/figure>\n\n\n\n<p><strong>N\u00fam. de refer\u00e8ncia de la instal\u00b7laci\u00f3:&nbsp;<\/strong>4301360008<\/p>\n\n\n\n<p><strong>Inaugurat:<\/strong> 30 de maig de 1987<\/p>\n\n\n\n<p><strong>Adre\u00e7a:&nbsp;<\/strong>Pl. del Mercat, s\/n&nbsp;| Ametlla de Mar, l&#8217;&nbsp;| 43860<\/p>\n\n\n\n<p>Tel\u00e8fon: 977103897 \/ 600679669<\/p>\n\n\n\n<p><strong>Nucli-Districte:<\/strong>&nbsp;L&#8217;Ametlla de Mar<\/p>\n\n\n\n<p><strong>Propietat:&nbsp;<\/strong>Ajuntament de l&#8217;Ametlla de Mar<\/p>\n\n\n\n<p><strong>Gesti\u00f3:&nbsp;<\/strong>La Cala Serveis Municipals, sl<\/p>\n\n\n\n<p><strong>Usuaris:&nbsp;<\/strong>Grups escolars. Grups de competici\u00f3. Poblaci\u00f3 en general<\/p>\n\n\n\n<p><strong>R\u00e8gim d&#8217;acc\u00e9s:&nbsp;<\/strong>&nbsp;Lliure amb quota peri\u00f2dica de soci o abonat \/ Lliure amb entrada puntual.<\/p>\n\n\n\n<p><strong>Espais Esportius:<\/strong><\/p>\n\n\n\n<figure class=\"wp-block-image size-large\"><img loading=\"lazy\" width=\"1024\" height=\"577\" src=\"https:\/\/www.ametllamar.cat\/esports\/wp-content\/uploads\/2020\/12\/futbol-sala-34.jpg\" alt=\"\" class=\"wp-image-2155\" srcset=\"http:\/\/www.ametllamar.cat\/esports\/wp-content\/uploads\/2020\/12\/futbol-sala-34.jpg 1024w, http:\/\/www.ametllamar.cat\/esports\/wp-content\/uploads\/2020\/12\/futbol-sala-34-300x169.jpg 300w, http:\/\/www.ametllamar.cat\/esports\/wp-content\/uploads\/2020\/12\/futbol-sala-34-768x433.jpg 768w\" sizes=\"(max-width: 1024px) 100vw, 1024px\" \/><\/figure>\n\n\n\n<p><strong>Pista doble poliesportiva.<\/strong>\u00a044 m. x 24 m. 1.056 m\u00b2. 2 cortines divis\u00f2ries.<\/p>\n\n\n\n<p><strong>Paviment:&nbsp;<\/strong>Parquet Fusta.<\/p>\n\n\n\n<p><strong>Altura Lliure:&nbsp;<\/strong>8 m.<\/p>\n\n\n\n<p><strong>Activitats:&nbsp;<\/strong>Futbol sala, B\u00e0squet , Handbol, Voleibol, Gimn\u00e0stica r\u00edtmica, Twirling Baton, Patinatge, Condicionament f\u00edsic (activitats dirigides).<\/p>\n\n\n\n<p><strong>Accessibilitat:<\/strong><\/p>\n\n\n\n<p><strong>Adaptada a esportistes:<\/strong> totalment.<\/p>\n\n\n\n<p><strong>Adaptada a espectadors:<\/strong> totalment.<\/p>\n\n\n\n<p><\/p>\n\n\n\n<p><strong>Espais complementaris de la instal\u00b7laci\u00f3<\/strong><\/p>\n\n\n\n<figure class=\"wp-block-image size-large\"><img loading=\"lazy\" width=\"1024\" height=\"768\" src=\"https:\/\/www.ametllamar.cat\/esports\/wp-content\/uploads\/2020\/12\/VESTIDOR-ROIG-1024x768.jpeg\" alt=\"\" class=\"wp-image-2153\" srcset=\"http:\/\/www.ametllamar.cat\/esports\/wp-content\/uploads\/2020\/12\/VESTIDOR-ROIG-1024x768.jpeg 1024w, http:\/\/www.ametllamar.cat\/esports\/wp-content\/uploads\/2020\/12\/VESTIDOR-ROIG-300x225.jpeg 300w, http:\/\/www.ametllamar.cat\/esports\/wp-content\/uploads\/2020\/12\/VESTIDOR-ROIG-768x576.jpeg 768w, http:\/\/www.ametllamar.cat\/esports\/wp-content\/uploads\/2020\/12\/VESTIDOR-ROIG-1536x1152.jpeg 1536w, http:\/\/www.ametllamar.cat\/esports\/wp-content\/uploads\/2020\/12\/VESTIDOR-ROIG-135x100.jpeg 135w, http:\/\/www.ametllamar.cat\/esports\/wp-content\/uploads\/2020\/12\/VESTIDOR-ROIG.jpeg 1984w\" sizes=\"(max-width: 1024px) 100vw, 1024px\" \/><\/figure>\n\n\n\n<p><strong>Vestidors:&nbsp;<\/strong>4 col\u00b7lectius, 2 individuals, 150 m\u00b2<\/p>\n\n\n\n<p><strong>Grades:&nbsp;<\/strong>350 seients<\/p>\n\n\n\n<p><strong>Magatzems:&nbsp;<\/strong>4 magatzems.<\/p>\n\n\n\n<p><strong>Altres:&nbsp;<\/strong>Serveis p\u00fablics mascul\u00ed, femen\u00ed i minusv\u00e0lids.<\/p>\n\n\n\n<p><strong>Altres serveis de la instal\u00b7laci\u00f3<\/strong><\/p>\n\n\n\n<p><strong>Serveis generals:&nbsp;<\/strong> Escenari, Servei de bar, Aula de formaci\u00f3\/Oficines, Aparcament bicicletes<\/p>\n","protected":false},"excerpt":{"rendered":"<p>Pavell\u00f3 Poliesportiu Municipal &#8220;Galetet&#8221; de L&#8217;Ametlla de Mar N\u00fam. de refer\u00e8ncia de la instal\u00b7laci\u00f3:&nbsp;4301360008 Inaugurat: 30 de maig de 1987 [&hellip;]<\/p>\n","protected":false},"author":2,"featured_media":0,"parent":0,"menu_order":0,"comment_status":"closed","ping_status":"closed","template":"","meta":[],"_links":{"self":[{"href":"http:\/\/www.ametllamar.cat\/esports\/wp-json\/wp\/v2\/pages\/140"}],"collection":[{"href":"http:\/\/www.ametllamar.cat\/esports\/wp-json\/wp\/v2\/pages"}],"about":[{"href":"http:\/\/www.ametllamar.cat\/esports\/wp-json\/wp\/v2\/types\/page"}],"author":[{"embeddable":true,"href":"http:\/\/www.ametllamar.cat\/esports\/wp-json\/wp\/v2\/users\/2"}],"replies":[{"embeddable":true,"href":"http:\/\/www.ametllamar.cat\/esports\/wp-json\/wp\/v2\/comments?post=140"}],"version-history":[{"count":4,"href":"http:\/\/www.ametllamar.cat\/esports\/wp-json\/wp\/v2\/pages\/140\/revisions"}],"predecessor-version":[{"id":2998,"href":"http:\/\/www.ametllamar.cat\/esports\/wp-json\/wp\/v2\/pages\/140\/revisions\/2998"}],"wp:attachment":[{"href":"http:\/\/www.ametllamar.cat\/esports\/wp-json\/wp\/v2\/media?parent=140"}],"curies":[{"name":"wp","href":"https:\/\/api.w.org\/{rel}","templated":true}]}}