{"id":124,"date":"2016-03-08T13:12:28","date_gmt":"2016-03-08T12:12:28","guid":{"rendered":"http:\/\/www.ametllamar.cat\/esports\/?page_id=124"},"modified":"2021-07-08T09:25:33","modified_gmt":"2021-07-08T07:25:33","slug":"taekwondo","status":"publish","type":"page","link":"http:\/\/www.ametllamar.cat\/esports\/taekwondo\/","title":{"rendered":"Taekwondo"},"content":{"rendered":"\n<p>PROGRAMACI\u00d3 GENERAL TAEKWON-DO BASE<\/p>\n\n\n\n<div class=\"wp-block-image\"><figure class=\"aligncenter size-large\"><a href=\"https:\/\/www.ametllamar.cat\/esports\/wp-content\/uploads\/2021\/07\/depositphotos_115180436-stock-photo-taekwondo-kid-in-fighting-stance.jpg\" rel=\"lightbox[124]\"><img loading=\"lazy\" width=\"600\" height=\"400\" src=\"https:\/\/www.ametllamar.cat\/esports\/wp-content\/uploads\/2021\/07\/depositphotos_115180436-stock-photo-taekwondo-kid-in-fighting-stance.jpg\" alt=\"\" class=\"wp-image-2778\" srcset=\"http:\/\/www.ametllamar.cat\/esports\/wp-content\/uploads\/2021\/07\/depositphotos_115180436-stock-photo-taekwondo-kid-in-fighting-stance.jpg 600w, http:\/\/www.ametllamar.cat\/esports\/wp-content\/uploads\/2021\/07\/depositphotos_115180436-stock-photo-taekwondo-kid-in-fighting-stance-300x200.jpg 300w\" sizes=\"(max-width: 600px) 100vw, 600px\" \/><\/a><\/figure><\/div>\n\n\n\n<p> <\/p>\n\n\n\n<div class=\"wp-block-image\"><figure class=\"aligncenter size-large\"><a href=\"http:\/\/www.tkd-kids.org\/ext\/tkd-kids\/site\/es\/#!\/splash\" target=\"_blank\" rel=\"noopener\"><img loading=\"lazy\" width=\"280\" height=\"280\" src=\"https:\/\/www.ametllamar.cat\/esports\/wp-content\/uploads\/2021\/07\/taekwondo-kids.jpg\" alt=\"\" class=\"wp-image-2774\" srcset=\"http:\/\/www.ametllamar.cat\/esports\/wp-content\/uploads\/2021\/07\/taekwondo-kids.jpg 280w, http:\/\/www.ametllamar.cat\/esports\/wp-content\/uploads\/2021\/07\/taekwondo-kids-150x150.jpg 150w\" sizes=\"(max-width: 280px) 100vw, 280px\" \/><\/a><figcaption>Accedeix al programa complert clickant la imatge<\/figcaption><\/figure><\/div>\n\n\n\n<p>Dissenyat per a nens de 3 a 7 anys d&#8217;edat. Ensenya Habilitats i Destreses de Coordinaci\u00f3 b\u00e0siques de Taekwon-Do, aix\u00ed com Habilitats per a la Vida, la Percepci\u00f3 del Perill i l&#8217;Educaci\u00f3 del Car\u00e0cter. \u00c9s ideal per a nens en edat preescolar, ja que els ensenya disciplina. Als nens se&#8217;ls ensenya a escoltar i a seguir instruccions.<\/p>\n\n\n\n<p>El programa ensenya els coneixements fonamentals del Taekwon-Do ITF i utilitza una combinaci\u00f3 \u00fanica de principis per proporcionar la millor oportunitat per a que l&#8217;estudiant es desenvolupi de tal manera que refor\u00e7ar\u00e0 aix\u00ed la seva capacitat per a la resta de la seva vida. L&#8217;esperit del programa \u00e9s proporcionar als estudiants una mentalitat que els ajudar\u00e0 a desenvolupar les actituds que promoguin una societat harmoniosa.<\/p>\n\n\n\n<p>El Programa d&#8217;TKD utilitza una \u00e0mplia gamma d&#8217;activitats, entre elles, jocs, exercicis f\u00edsics, tasques, jocs de rol, contes, debats, exercicis de resoluci\u00f3 de problemes, enigmes i endevinalles. S&#8217;utilitza un sistema de recompenses estrat\u00e8gic que d\u00f3na un impuls positiu a tots els estudiants, incloent als menys capa\u00e7os, a l&#8217;premiar pel seu desenvolupament.<\/p>\n\n\n\n<p>La majoria dels jocs utilitzen un sistema que assegura que es converteixin en una experi\u00e8ncia positiva per al nen que se centra en els aspectes del desenvolupament del joc en lloc de l&#8217;aspecte competitiu.<\/p>\n\n\n\n<p><strong>6 Graus \/ Nivells<\/strong><br>Un gran avantatge a l&#8217;utilitzar el Programa de TKD en comparaci\u00f3 amb el pla d&#8217;estudis est\u00e0ndard de Taekwon-Do ITF \u00e9s que hi ha 6 nivells de grau per assolir el cintur\u00f3 groc (8\u00e8 Gup) en lloc del nivell 2. El pla d&#8217;estudis est\u00e0ndard, que inclou el primer pas de Cintur\u00f3 Blanc (10\u00e8 Gup) a Punta groga (9\u00e8 Gup) no est\u00e0 dissenyat per a nens molt petits.<\/p>\n\n\n\n<p>El problema \u00e9s que hi ha moltes habilitats fonamentals necess\u00e0ries per complir amb els requisits per a la realitzaci\u00f3 de les diverses t\u00e8cniques de Taekwon-Do. A un nen pot portar-li un cert temps el poder desenvolupar l&#8217;equilibri, la coordinaci\u00f3, una atenci\u00f3 especial i la for\u00e7a muscular per dur a terme aquestes t\u00e8cniques a un nivell raonable. El desenvolupament d&#8217;aquestes habilitats en 6 etapes m\u00e9s petites \u00e9s m\u00e9s adequat per als nens petits.<\/p>\n\n\n\n<div class=\"wp-block-image\"><figure class=\"aligncenter size-large\"><a href=\"https:\/\/www.ametllamar.cat\/esports\/wp-content\/uploads\/2021\/07\/DemoThe-Strongest-5-page-1-1024x422-1.jpg\" rel=\"lightbox[124]\"><img loading=\"lazy\" width=\"1024\" height=\"422\" src=\"https:\/\/www.ametllamar.cat\/esports\/wp-content\/uploads\/2021\/07\/DemoThe-Strongest-5-page-1-1024x422-1.jpg\" alt=\"\" class=\"wp-image-2775\" srcset=\"http:\/\/www.ametllamar.cat\/esports\/wp-content\/uploads\/2021\/07\/DemoThe-Strongest-5-page-1-1024x422-1.jpg 1024w, http:\/\/www.ametllamar.cat\/esports\/wp-content\/uploads\/2021\/07\/DemoThe-Strongest-5-page-1-1024x422-1-300x124.jpg 300w, http:\/\/www.ametllamar.cat\/esports\/wp-content\/uploads\/2021\/07\/DemoThe-Strongest-5-page-1-1024x422-1-768x317.jpg 768w\" sizes=\"(max-width: 1024px) 100vw, 1024px\" \/><\/a><\/figure><\/div>\n\n\n\n<p><strong>Sistema de recompenses<\/strong><br>El programa utilitza un sistema de recompenses particular que es centra en premiar el proc\u00e9s de desenvolupament del Taekwon-Do. Aquest proc\u00e9s inclou el desenvolupament d&#8217;habilitats d&#8217;aprenentatge, desenvolupament de personatges, habilitats de la ment, etc. L&#8217;\u00e8mfasi s&#8217;allunya de la consecuci\u00f3 \u00fanica d&#8217;un objectiu i en el seu lloc es posa m\u00e9s aquest \u00e8mfasi en el trajecte o en la consecuci\u00f3 d&#8217;aquesta meta.<\/p>\n\n\n\n<p>Molts dels programes educatius fallen en premiar els requisits m\u00e9s importants per al proc\u00e9s de desenvolupament i en el seu lloc, nom\u00e9s se centren en premiar l&#8217;assoliment efectiu de metes a curt termini, mitj\u00e0 termini ia llarg termini. Aix\u00f2 crea una sensaci\u00f3 de frac\u00e0s en els nens que lluiten per assolir els objectius requerits establerts per aquest tipus de programes.<\/p>\n\n\n\n<div class=\"wp-block-image\"><figure class=\"aligncenter size-large\"><a href=\"https:\/\/www.ametllamar.cat\/esports\/wp-content\/uploads\/2021\/07\/Dwit-to-Puzzle-link-300x263-1.jpg\" rel=\"lightbox[124]\"><img loading=\"lazy\" width=\"300\" height=\"263\" src=\"https:\/\/www.ametllamar.cat\/esports\/wp-content\/uploads\/2021\/07\/Dwit-to-Puzzle-link-300x263-1.jpg\" alt=\"\" class=\"wp-image-2776\"\/><\/a><\/figure><\/div>\n\n\n\n<p><strong>Desenvolupar Habilitats<\/strong><\/p>\n\n\n\n<p>Aix\u00ed com les habilitats b\u00e0siques del Taekwon-Do, el programa ensenya els fonaments de la cultura moral, habilitats cognitives, habilitats b\u00e0siques de coordinaci\u00f3, condici\u00f3 f\u00edsica i salut i tamb\u00e9 habilitats per-la-vida tan importants com la independ\u00e8ncia, l&#8217;organitzaci\u00f3, el treball en equip, el lideratge, seguir les instruccions i la responsabilitat.<\/p>\n\n\n\n<p>Tamb\u00e9 hi ha una secci\u00f3 suplement\u00e0ria sobre la percepci\u00f3 del perill que els ensenya a ser conscients dels perills i com mantenir-se segurs. Tamb\u00e9 s&#8217;ensenya la percepci\u00f3 de la conducta perillosa i nociva, la conducta temer\u00e0ria, les maneres deshonestes, segrestos, crear problemes, les fanfarronades i el comportament agressiu. El programa no nom\u00e9s els ensenya a ser conscients d&#8217;altres persones que es comporten perillosament, tamb\u00e9 els anima a evitar comportar-se d&#8217;una manera que sigui perillosa per als altres.<\/p>\n\n\n\n<p><strong>Llibre d&#8217;Estudi<\/strong><br>El Programa de TKD Infantil ofereix als estudiants un llibre d&#8217;estudi de 166 p\u00e0gines que est\u00e0 ple d&#8217;il\u00b7lustracions de caricatures. El llibre d&#8217;estudi s&#8217;ha escrit tamb\u00e9 per ajudar els pares o cuidadors dels nens al fet que participin en el programa. Se&#8217;ls anima a llegir el Llibre d&#8217;Estudi amb els seus fills a casa, ja que els pares juguen un paper important en la integraci\u00f3 social dels estudiants.<\/p>\n\n\n\n<div class=\"wp-block-image\"><figure class=\"aligncenter size-large\"><a href=\"https:\/\/www.ametllamar.cat\/esports\/wp-content\/uploads\/2021\/07\/kids-book-page-001-212x300-1.jpg\" rel=\"lightbox[124]\"><img loading=\"lazy\" width=\"212\" height=\"300\" src=\"https:\/\/www.ametllamar.cat\/esports\/wp-content\/uploads\/2021\/07\/kids-book-page-001-212x300-1.jpg\" alt=\"\" class=\"wp-image-2777\"\/><\/a><\/figure><\/div>\n","protected":false},"excerpt":{"rendered":"<p>PROGRAMACI\u00d3 GENERAL TAEKWON-DO BASE Dissenyat per a nens de 3 a 7 anys d&#8217;edat. Ensenya Habilitats i Destreses de Coordinaci\u00f3 [&hellip;]<\/p>\n","protected":false},"author":2,"featured_media":0,"parent":0,"menu_order":0,"comment_status":"closed","ping_status":"closed","template":"","meta":[],"_links":{"self":[{"href":"http:\/\/www.ametllamar.cat\/esports\/wp-json\/wp\/v2\/pages\/124"}],"collection":[{"href":"http:\/\/www.ametllamar.cat\/esports\/wp-json\/wp\/v2\/pages"}],"about":[{"href":"http:\/\/www.ametllamar.cat\/esports\/wp-json\/wp\/v2\/types\/page"}],"author":[{"embeddable":true,"href":"http:\/\/www.ametllamar.cat\/esports\/wp-json\/wp\/v2\/users\/2"}],"replies":[{"embeddable":true,"href":"http:\/\/www.ametllamar.cat\/esports\/wp-json\/wp\/v2\/comments?post=124"}],"version-history":[{"count":4,"href":"http:\/\/www.ametllamar.cat\/esports\/wp-json\/wp\/v2\/pages\/124\/revisions"}],"predecessor-version":[{"id":2781,"href":"http:\/\/www.ametllamar.cat\/esports\/wp-json\/wp\/v2\/pages\/124\/revisions\/2781"}],"wp:attachment":[{"href":"http:\/\/www.ametllamar.cat\/esports\/wp-json\/wp\/v2\/media?parent=124"}],"curies":[{"name":"wp","href":"https:\/\/api.w.org\/{rel}","templated":true}]}}