{"id":116,"date":"2016-03-08T13:09:55","date_gmt":"2016-03-08T12:09:55","guid":{"rendered":"http:\/\/www.ametllamar.cat\/esports\/?page_id=116"},"modified":"2021-10-29T11:16:01","modified_gmt":"2021-10-29T09:16:01","slug":"natacio","status":"publish","type":"page","link":"http:\/\/www.ametllamar.cat\/esports\/natacio\/","title":{"rendered":"Nataci\u00f3"},"content":{"rendered":"\n<div class=\"wp-block-columns\">\n<div class=\"wp-block-column\">\n<div class=\"wp-block-image\"><figure class=\"aligncenter size-large\"><a href=\"https:\/\/www.ametllamar.cat\/esports\/natacio\/nivells-escola-natacio\/\"><img loading=\"lazy\" width=\"500\" height=\"500\" src=\"http:\/\/www.ametllamar.cat\/esports\/wp-content\/uploads\/2021\/06\/formatives-4.png\" alt=\"\" class=\"wp-image-2616\" srcset=\"http:\/\/www.ametllamar.cat\/esports\/wp-content\/uploads\/2021\/06\/formatives-4.png 500w, http:\/\/www.ametllamar.cat\/esports\/wp-content\/uploads\/2021\/06\/formatives-4-300x300.png 300w, http:\/\/www.ametllamar.cat\/esports\/wp-content\/uploads\/2021\/06\/formatives-4-150x150.png 150w\" sizes=\"(max-width: 500px) 100vw, 500px\" \/><\/a><\/figure><\/div>\n<\/div>\n\n\n\n<div class=\"wp-block-column\">\n<div class=\"wp-block-image\"><figure class=\"aligncenter size-large\"><a href=\"https:\/\/www.ametllamar.cat\/esports\/nivells-natacio-competitiva\/\"><img loading=\"lazy\" width=\"500\" height=\"500\" src=\"http:\/\/www.ametllamar.cat\/esports\/wp-content\/uploads\/2021\/06\/formatives-3.png\" alt=\"\" class=\"wp-image-2617\" srcset=\"http:\/\/www.ametllamar.cat\/esports\/wp-content\/uploads\/2021\/06\/formatives-3.png 500w, http:\/\/www.ametllamar.cat\/esports\/wp-content\/uploads\/2021\/06\/formatives-3-300x300.png 300w, http:\/\/www.ametllamar.cat\/esports\/wp-content\/uploads\/2021\/06\/formatives-3-150x150.png 150w\" sizes=\"(max-width: 500px) 100vw, 500px\" \/><\/a><\/figure><\/div>\n\n\n\n<p><\/p>\n<\/div>\n<\/div>\n\n\n\n<p><strong>INTRODUCCI\u00d3<\/strong><\/p>\n\n\n\n<figure class=\"wp-block-image size-large\"><a href=\"https:\/\/www.ametllamar.cat\/esports\/wp-content\/uploads\/2021\/10\/kid-swim-1.jpg\" rel=\"lightbox[116]\"><img loading=\"lazy\" width=\"875\" height=\"500\" src=\"https:\/\/www.ametllamar.cat\/esports\/wp-content\/uploads\/2021\/10\/kid-swim-1.jpg\" alt=\"\" class=\"wp-image-2944\" srcset=\"http:\/\/www.ametllamar.cat\/esports\/wp-content\/uploads\/2021\/10\/kid-swim-1.jpg 875w, http:\/\/www.ametllamar.cat\/esports\/wp-content\/uploads\/2021\/10\/kid-swim-1-300x171.jpg 300w, http:\/\/www.ametllamar.cat\/esports\/wp-content\/uploads\/2021\/10\/kid-swim-1-768x439.jpg 768w\" sizes=\"(max-width: 875px) 100vw, 875px\" \/><\/a><\/figure>\n\n\n\n<p>\u2022<em>Els programes d\u2019activitats aqu\u00e0tiques, especialment les escoles de nataci\u00f3, contemplen objectius diferents depenent de les entitats on estan enquadrades.<\/em> <\/p>\n\n\n\n<p>\u2022<em>Conseq\u00fcentment, un centre d\u2019ensenyament focalitzar\u00e0 finalitats formatives i educatives, complementant el programa curricular d\u2019educaci\u00f3 f\u00edsica; a nivell municipal, es tendir\u00e0 envers una finalitat utilit\u00e0ria i formativa i en el marc d\u2019un club o associaci\u00f3 esportiva es dirigir\u00e0 l\u2019aprenentatge i entrenament envers una finalitat competitiva.<\/em><\/p>\n\n\n\n<p>\u2022<em>Des de l\u2019\u00c0rea Municipal d\u2019Esports de L\u2019Ametlla de Mar es proposa una metodologia integradora i hol\u00edstica optimitzant els objectius i continguts en les diferents etapes evolutives amb epicentre en els valors formatius i educatius a trav\u00e9s de connotacions utilit\u00e0ries, d\u2019aprenentatge i perfeccionament t\u00e8cnic, de millora de la condici\u00f3 f\u00edsica i dels valors de la competici\u00f3, respectant en tot moment els principis d\u2019individualitat i progressi\u00f3.<\/em><\/p>\n\n\n\n<p>\u2022<em>La metodologia proposada persegueix com a objectiu final assolir les habilitats motrius i t\u00e8cniques per a desenvolupar-se amb comoditat dins l\u2019aigua, dominar el medi aqu\u00e0tic i promoure el m\u00e9s alt coneixement i domini t\u00e8cnic dels estils natatoris, con\u00e8ixer i experimentar les alternatives i disciplines esportives que ofereix, adquirir els principis b\u00e0sics per a l\u2019auto-prescripci\u00f3 de l\u2019entrenament atenent la pr\u00f2pia condici\u00f3 f\u00edsica i t\u00e8cnica i, transversalment, fomentar els valors educatius i socials en totes les seves etapes i continguts.<\/em><\/p>\n\n\n\n<p><\/p>\n\n\n\n<p><strong>ACTIVITATS AQU\u00c0TIQUES FORMATIVES<\/strong><\/p>\n\n\n\n<figure class=\"wp-block-image size-large\"><a href=\"https:\/\/www.ametllamar.cat\/esports\/wp-content\/uploads\/2021\/10\/Swimming-lessons.jpg\" rel=\"lightbox[116]\"><img loading=\"lazy\" width=\"1024\" height=\"401\" src=\"https:\/\/www.ametllamar.cat\/esports\/wp-content\/uploads\/2021\/10\/Swimming-lessons-1024x401.jpg\" alt=\"\" class=\"wp-image-2945\" srcset=\"http:\/\/www.ametllamar.cat\/esports\/wp-content\/uploads\/2021\/10\/Swimming-lessons-1024x401.jpg 1024w, http:\/\/www.ametllamar.cat\/esports\/wp-content\/uploads\/2021\/10\/Swimming-lessons-300x117.jpg 300w, http:\/\/www.ametllamar.cat\/esports\/wp-content\/uploads\/2021\/10\/Swimming-lessons-768x301.jpg 768w, http:\/\/www.ametllamar.cat\/esports\/wp-content\/uploads\/2021\/10\/Swimming-lessons-1536x601.jpg 1536w, http:\/\/www.ametllamar.cat\/esports\/wp-content\/uploads\/2021\/10\/Swimming-lessons.jpg 1559w\" sizes=\"(max-width: 1024px) 100vw, 1024px\" \/><\/a><\/figure>\n\n\n\n<p><strong><span class=\"has-inline-color has-vivid-cyan-blue-color\">Etapes Escola de Nataci\u00f3<\/span><\/strong><\/p>\n\n\n\n<p>Diferenciem tres etapes formatives generals: <\/p>\n\n\n\n<p><span class=\"has-inline-color has-vivid-cyan-blue-color\"><strong>ETAPA 1:<em> Adaptaci\u00f3 i domini del medi aqu\u00e0tic.<\/em><\/strong> <\/span><\/p>\n\n\n\n<p><strong><span class=\"has-inline-color has-vivid-cyan-blue-color\">ETAPA 2:<em> Aprenentatge de la t\u00e8cnica d\u2019estils natatoris.<\/em><\/span><\/strong> <\/p>\n\n\n\n<p><strong><span class=\"has-inline-color has-vivid-cyan-blue-color\">ETAPA 3:<em> Perfeccionament de la t\u00e8cnica d\u2019estils natatoris, iniciaci\u00f3 als jocs i esports aqu\u00e0tics i iniciaci\u00f3 a la nataci\u00f3 esportiva.<\/em><\/span><\/strong><\/p>\n\n\n\n<p>\u2022Aquesta classificaci\u00f3 general permet estructurar els objectius respectant l\u2019estat evolutiu de l\u2019infant des de la seva iniciaci\u00f3, en la primera etapa, on predominen aspectes de caire m\u00e9s afectiu i de necessitat d\u2019adaptaci\u00f3 i domini del propi cos dins el medi aqu\u00e0tic; d\u2019assolir, en la segona etapa, una major efic\u00e0cia i economia en els despla\u00e7aments i girs dins l\u2019aigua a partir de millorar les coordinacions i els estils natatoris; i de donar a con\u00e8ixer i experimentar la nataci\u00f3 esportiva i les diferents disciplines esportives que ofereix el medi aqu\u00e0tic, en una tercera etapa.<\/p>\n\n\n\n<p><strong><span class=\"has-inline-color has-vivid-cyan-blue-color\">ETAPA 1: ADAPTACI\u00d3 I DOMINI DEL MEDI AQU\u00c0TIC<\/span><\/strong><\/p>\n\n\n\n<figure class=\"wp-block-image size-large\"><a href=\"https:\/\/www.ametllamar.cat\/esports\/wp-content\/uploads\/2021\/10\/dssc-swim-lessons-1920x486-1.jpg\" rel=\"lightbox[116]\"><img loading=\"lazy\" width=\"1024\" height=\"259\" src=\"https:\/\/www.ametllamar.cat\/esports\/wp-content\/uploads\/2021\/10\/dssc-swim-lessons-1920x486-1-1024x259.jpg\" alt=\"\" class=\"wp-image-2951\" srcset=\"http:\/\/www.ametllamar.cat\/esports\/wp-content\/uploads\/2021\/10\/dssc-swim-lessons-1920x486-1-1024x259.jpg 1024w, http:\/\/www.ametllamar.cat\/esports\/wp-content\/uploads\/2021\/10\/dssc-swim-lessons-1920x486-1-300x76.jpg 300w, http:\/\/www.ametllamar.cat\/esports\/wp-content\/uploads\/2021\/10\/dssc-swim-lessons-1920x486-1-768x194.jpg 768w, http:\/\/www.ametllamar.cat\/esports\/wp-content\/uploads\/2021\/10\/dssc-swim-lessons-1920x486-1-1536x389.jpg 1536w, http:\/\/www.ametllamar.cat\/esports\/wp-content\/uploads\/2021\/10\/dssc-swim-lessons-1920x486-1.jpg 1920w\" sizes=\"(max-width: 1024px) 100vw, 1024px\" \/><\/a><\/figure>\n\n\n\n<p>OBJECTIU GENERAL <\/p>\n\n\n\n<p>\u2022<em>Aconseguir la resoluci\u00f3 de potencials limitacions afectives (pors) i assolir seguretat i autonomia per a una \u00f2ptima adaptaci\u00f3 al medi aqu\u00e0tic respectant en tot moment el principi d\u2019individualitat.<\/em><\/p>\n\n\n\n<p><strong>CONTINGUTS GENERALS<\/strong> <\/p>\n\n\n\n<p>Habilitats d\u2019adaptaci\u00f3 al medi aqu\u00e0tic: <\/p>\n\n\n\n<p>\u2022Familiaritzaci\u00f3 <\/p>\n\n\n\n<p>\u2022Respiraci\u00f3 <\/p>\n\n\n\n<p>\u2022Flotaci\u00f3 <\/p>\n\n\n\n<p>\u2022Propulsi\u00f3 \/ Despla\u00e7aments <\/p>\n\n\n\n<p>\u2022Entrades \/ Salts <\/p>\n\n\n\n<p>Habilitats de domini del medi aqu\u00e0tic: <\/p>\n\n\n\n<p>\u2022Girs <\/p>\n\n\n\n<p>\u2022Equilibris \/ Desequilibris <\/p>\n\n\n\n<p>\u2022Coordinacions<\/p>\n\n\n\n<p><\/p>\n\n\n\n<p><strong><span class=\"has-inline-color has-vivid-cyan-blue-color\">ETAPA 2: APRENENTATGE DE LA T\u00c8CNICA D\u2019ESTILS NATATORIS<\/span><\/strong><\/p>\n\n\n\n<figure class=\"wp-block-image size-large\"><a href=\"https:\/\/www.ametllamar.cat\/esports\/wp-content\/uploads\/2021\/10\/kid-swimming-slide1.jpg\" rel=\"lightbox[116]\"><img loading=\"lazy\" width=\"580\" height=\"370\" src=\"https:\/\/www.ametllamar.cat\/esports\/wp-content\/uploads\/2021\/10\/kid-swimming-slide1.jpg\" alt=\"\" class=\"wp-image-2952\" srcset=\"http:\/\/www.ametllamar.cat\/esports\/wp-content\/uploads\/2021\/10\/kid-swimming-slide1.jpg 580w, http:\/\/www.ametllamar.cat\/esports\/wp-content\/uploads\/2021\/10\/kid-swimming-slide1-300x191.jpg 300w\" sizes=\"(max-width: 580px) 100vw, 580px\" \/><\/a><\/figure>\n\n\n\n<p><strong><em>Els 4 estils natatoris:<\/em><\/strong> <\/p>\n\n\n\n<p>\u2022<strong><em>Crol o Crawl<\/em><\/strong> <\/p>\n\n\n\n<p>\u2022<strong><em>Esquena<\/em><\/strong> <\/p>\n\n\n\n<p>\u2022<strong><em>Bra\u00e7a<\/em><\/strong> <\/p>\n\n\n\n<p>\u2022<strong><em>Papallona<\/em><\/strong> <\/p>\n\n\n\n<p><em>Cada estil ofereix unes avantatges i inconvenients envers el despla\u00e7ament dins el medi aqu\u00e0tic i unes complexitats coordinatives per al seu aprenentatge a les que cada alumne s\u2019hi adapta d\u2019acord amb la seva predisposici\u00f3 o afinitat, condici\u00f3 f\u00edsica o altres factors individuals que caldr\u00e0 identificar i respectar.<\/em> <\/p>\n\n\n\n<p><em>Atenent la complexitat coordinativa dels diferents estils natatoris es proposa la seg\u00fcent progressi\u00f3 en el seu ensenyament:<\/em><\/p>\n\n\n\n<p><strong><em>1r.- Crol, 2n.- Esquena, 3r.- Bra\u00e7a i 4r.- Papallona.<\/em><\/strong><\/p>\n\n\n\n<p><strong>OBJECTIUS<\/strong> <\/p>\n\n\n\n<p>\u2022<em>L\u2019objectiu principal d\u2019aquesta etapa \u00e9s l\u2019aprenentatge t\u00e8cnic dels seg\u00fcents estils natatoris:<\/em> <\/p>\n\n\n\n<p>\u2022<strong><em>Crol o Crawl<\/em><\/strong> <\/p>\n\n\n\n<p>\u2022<strong><em>Esquena<\/em><\/strong><\/p>\n\n\n\n<p><strong>METODOLOGIA<\/strong><\/p>\n\n\n\n<p><strong>Continguts \/ Seq\u00fc\u00e8ncia metodol\u00f2gica:<\/strong><\/p>\n\n\n\n<p><em>A trets generals ens servirem d\u2019aquesta progressi\u00f3 per als diferents estils:<\/em> <\/p>\n\n\n\n<p>\u2022<em>Consecuci\u00f3 d\u2019una \u00f2ptima posici\u00f3 corporal.<\/em> <\/p>\n\n\n\n<p>\u2022<em>Acci\u00f3 propulsiva de cames de forma a\u00efllada.<\/em><\/p>\n\n\n\n<p>\u2022<em>Acci\u00f3 de cames de forma a\u00efllada en coordinaci\u00f3 amb la respiraci\u00f3 (frontal, lateral).<\/em> <\/p>\n\n\n\n<p>\u2022<em>Acci\u00f3 propulsiva de cames coordinada amb la propulsi\u00f3 d\u2019un bra\u00e7 (punt mort, continu).<\/em> <\/p>\n\n\n\n<p>\u2022<em>Acci\u00f3 de cames en coordinaci\u00f3 amb la respiraci\u00f3 (frontal, lateral) amb la propulsi\u00f3 d\u2019un bra\u00e7 (punt mort, continu).<\/em> \u2022<em>Coordinaci\u00f3 global de cames i bra\u00e7os de l\u2019estil natatori.<\/em> <\/p>\n\n\n\n<p><em>Totes les accions contemplaran una progressi\u00f3 assistida de material auxiliar fins la seva realitzaci\u00f3 de forma lliure.<\/em><\/p>\n\n\n\n<p><\/p>\n\n\n\n<p><strong><span class=\"has-inline-color has-vivid-cyan-blue-color\">ETAPA 3: PERFECCIONAMENT DE LA T\u00c8CNICA D\u2019ESTILS NATATORIS, INICIACI\u00d3 ALS JOCS I ESPORTS AQU\u00c0TICS I INICIACI\u00d3 A LA NATACI\u00d3 ESPORTIVA<\/span><\/strong><\/p>\n\n\n\n<figure class=\"wp-block-image size-large\"><a href=\"https:\/\/www.ametllamar.cat\/esports\/wp-content\/uploads\/2021\/10\/stock-photo-swimming-adventure-sport-butterfly-child-recreation-hobby-competition-healthy-eac3b06e-d388-47b1-bc45-cb2465939f38.jpg\" rel=\"lightbox[116]\"><img loading=\"lazy\" width=\"640\" height=\"415\" src=\"https:\/\/www.ametllamar.cat\/esports\/wp-content\/uploads\/2021\/10\/stock-photo-swimming-adventure-sport-butterfly-child-recreation-hobby-competition-healthy-eac3b06e-d388-47b1-bc45-cb2465939f38.jpg\" alt=\"\" class=\"wp-image-2953\" srcset=\"http:\/\/www.ametllamar.cat\/esports\/wp-content\/uploads\/2021\/10\/stock-photo-swimming-adventure-sport-butterfly-child-recreation-hobby-competition-healthy-eac3b06e-d388-47b1-bc45-cb2465939f38.jpg 640w, http:\/\/www.ametllamar.cat\/esports\/wp-content\/uploads\/2021\/10\/stock-photo-swimming-adventure-sport-butterfly-child-recreation-hobby-competition-healthy-eac3b06e-d388-47b1-bc45-cb2465939f38-300x195.jpg 300w\" sizes=\"(max-width: 640px) 100vw, 640px\" \/><\/a><\/figure>\n\n\n\n<p><strong>OBJECTIUS<\/strong> <\/p>\n\n\n\n<p>\u2022<em>L\u2019objectiu principal d\u2019aquesta etapa \u00e9s l\u2019aprenentatge t\u00e8cnic dels seg\u00fcents estils natatoris:<\/em><\/p>\n\n\n\n<p>\u2022<strong><em>Bra\u00e7a<\/em><\/strong> <\/p>\n\n\n\n<p><strong><em>\u2022Papallona<\/em><\/strong><\/p>\n\n\n\n<p> \u2022Perfeccionament de la t\u00e8cnica d\u2019estils natatoris.<\/p>\n\n\n\n<p>\u2022Sortides i viratges.<\/p>\n\n\n\n<p>\u2022Iniciaci\u00f3 als jocs i esports aqu\u00e0tics <\/p>\n\n\n\n<p>\u2022Iniciaci\u00f3 a la nataci\u00f3 esportiva<\/p>\n\n\n\n<p><\/p>\n\n\n\n<p><strong>ACTIVITATS AQU\u00c0TIQUES COMPETITIVES<\/strong><\/p>\n\n\n\n<figure class=\"wp-block-image size-large\"><a href=\"https:\/\/www.ametllamar.cat\/esports\/wp-content\/uploads\/2021\/10\/winter-swim-classes-1.jpg\" rel=\"lightbox[116]\"><img loading=\"lazy\" width=\"800\" height=\"600\" src=\"https:\/\/www.ametllamar.cat\/esports\/wp-content\/uploads\/2021\/10\/winter-swim-classes-1.jpg\" alt=\"\" class=\"wp-image-2947\" srcset=\"http:\/\/www.ametllamar.cat\/esports\/wp-content\/uploads\/2021\/10\/winter-swim-classes-1.jpg 800w, http:\/\/www.ametllamar.cat\/esports\/wp-content\/uploads\/2021\/10\/winter-swim-classes-1-300x225.jpg 300w, http:\/\/www.ametllamar.cat\/esports\/wp-content\/uploads\/2021\/10\/winter-swim-classes-1-768x576.jpg 768w, http:\/\/www.ametllamar.cat\/esports\/wp-content\/uploads\/2021\/10\/winter-swim-classes-1-135x100.jpg 135w\" sizes=\"(max-width: 800px) 100vw, 800px\" \/><\/a><\/figure>\n\n\n\n<p><\/p>\n\n\n\n<p><strong>Etapes Activitats Aqu\u00e0tiques Competitives<\/strong><\/p>\n\n\n\n<p><strong><span class=\"has-inline-color has-vivid-cyan-blue-color\">Nataci\u00f3 Esportiva 1.- Iniciaci\u00f3 a la competici\u00f3<\/span><\/strong><\/p>\n\n\n\n<figure class=\"wp-block-image size-large\"><a href=\"https:\/\/www.ametllamar.cat\/esports\/wp-content\/uploads\/2021\/10\/images-1.jpg\" rel=\"lightbox[116]\"><img loading=\"lazy\" width=\"300\" height=\"168\" src=\"https:\/\/www.ametllamar.cat\/esports\/wp-content\/uploads\/2021\/10\/images-1.jpg\" alt=\"\" class=\"wp-image-2948\"\/><\/a><\/figure>\n\n\n\n<p><strong>CATEGORIES<\/strong><\/p>\n\n\n\n<p>\u2022<em>Prebenjam\u00ed.<\/em><\/p>\n\n\n\n<p>\u2022<em>Benjam\u00ed.<\/em><\/p>\n\n\n\n<p>\u2022<em>Alev\u00ed.<\/em><\/p>\n\n\n\n<p><strong>OBJECTIUS<\/strong> <\/p>\n\n\n\n<p>\u2022<em>Preparar els\/les esportistes per a competir en dist\u00e0ncies preferentment curtes (25-100m).<\/em> <\/p>\n\n\n\n<p>\u2022<em>Experimentar la competici\u00f3 en els diferents estils natatoris sense tendir envers l\u2019especialitzaci\u00f3.<\/em> <\/p>\n\n\n\n<p>\u2022<em>Fomentar els valors positius individuals i col\u00b7lectius de la competici\u00f3.<\/em><\/p>\n\n\n\n<p><strong>CONTINGUTS<\/strong> <\/p>\n\n\n\n<p>\u2022<em>Iniciaci\u00f3 a la T\u00e8cnica de Sortida dels diferents estils.<\/em> <\/p>\n\n\n\n<p>\u2022<em>Iniciaci\u00f3 a la T\u00e8cnica d\u2019Arribada dels diferents estils.<\/em> <\/p>\n\n\n\n<p>\u2022<em>Iniciaci\u00f3 a la T\u00e8cnica de Viratge dels diferents estils.<\/em> <\/p>\n\n\n\n<p>\u2022<em>Millora dels Temps de nado individuals preferentment en dist\u00e0ncies curtes (25-100m) .<\/em> <\/p>\n\n\n\n<p>\u2022<em>Relleus preferentment en dist\u00e0ncies curtes (25-100m).<\/em><\/p>\n\n\n\n<p><strong>ACTITUDS, VALORS I NORMES:<\/strong> <\/p>\n\n\n\n<p>\u2022<em>Iniciaci\u00f3 als conceptes i valors de:<\/em> <\/p>\n\n\n\n<ul><li><em>Voluntat, comprom\u00eds, dedicaci\u00f3, esfor\u00e7 i const\u00e0ncia.<\/em> <\/li><li><em>Esperit de millora i superaci\u00f3 personal.<\/em> <\/li><li><em>Col\u00b7laboraci\u00f3, solidaritat i treball en equip.<\/em> <\/li><li><em>Acceptaci\u00f3 de les pr\u00f2pies limitacions i resultats.<\/em> <\/li><li><em>Respecte, humilitat, autoconcepte i autoestima.<\/em><\/li><\/ul>\n\n\n\n<p><strong>AVALUACI\u00d3 \u2013 SUPERACI\u00d3 DE NIVELL:<\/strong> <\/p>\n\n\n\n<p>\u2022<em>De forma general, el pas de nivell de Nataci\u00f3 Esportiva 1 a Nataci\u00f3 Esportiva 2 vindr\u00e0 condicionada pel pas a la categoria infantil.<\/em> <\/p>\n\n\n\n<p>\u2022<em>L\u2019avaluaci\u00f3 individualitzada dels nedadors\/es es realitzar\u00e0 en base als seg\u00fcents indicadors:<\/em> <\/p>\n\n\n\n<p>1.<em>Tests de millora de temps en les proves d\u2019entre 25 i 100 m dels diferents estils natatoris (en funci\u00f3 de la categoria).<\/em> <\/p>\n\n\n\n<p>2.<em>Tests de t\u00e8cnica dels diferents estils natatoris.<\/em> <\/p>\n\n\n\n<p>3.<em>Tests de sortides, arribades i viratges dels diferents estils natatoris.<\/em> <\/p>\n\n\n\n<p>4.<em>Avaluaci\u00f3 qualitativa de l\u2019assoliment de valors programats.<\/em><\/p>\n\n\n\n<p><\/p>\n\n\n\n<p><strong><span class=\"has-inline-color has-vivid-cyan-blue-color\">Nataci\u00f3 Esportiva 2.- Competici\u00f3<\/span><\/strong><\/p>\n\n\n\n<figure class=\"wp-block-image size-large\"><a href=\"https:\/\/www.ametllamar.cat\/esports\/wp-content\/uploads\/2021\/10\/images-2.jpg\" rel=\"lightbox[116]\"><img loading=\"lazy\" width=\"428\" height=\"118\" src=\"https:\/\/www.ametllamar.cat\/esports\/wp-content\/uploads\/2021\/10\/images-2.jpg\" alt=\"\" class=\"wp-image-2949\" srcset=\"http:\/\/www.ametllamar.cat\/esports\/wp-content\/uploads\/2021\/10\/images-2.jpg 428w, http:\/\/www.ametllamar.cat\/esports\/wp-content\/uploads\/2021\/10\/images-2-300x83.jpg 300w\" sizes=\"(max-width: 428px) 100vw, 428px\" \/><\/a><\/figure>\n\n\n\n<p><strong>CATEGORIES<\/strong> <\/p>\n\n\n\n<p>\u2022<em>Infantil<\/em> <\/p>\n\n\n\n<p>\u2022<em>Cadet<\/em> <\/p>\n\n\n\n<p>\u2022<em>Juvenil<\/em> <\/p>\n\n\n\n<p>\u2022<em>S\u00e8nior<\/em><\/p>\n\n\n\n<p><strong>OBJECTIUS<\/strong><\/p>\n\n\n\n<p>\u2022<em>Preparar els\/les esportistes per a competir en dist\u00e0ncies adaptades a les caracter\u00edstiques individuals de l\u2019esportista.<\/em> <\/p>\n\n\n\n<p>\u2022<em>Promoure estrat\u00e8gies individualitzades de competici\u00f3 de les diferents proves on participi l\u2019esportista.<\/em> <\/p>\n\n\n\n<p>\u2022<em>Millorar el rendiment dels esportistes en les proves on prenguin part.<\/em> <\/p>\n\n\n\n<p>\u2022<em>Dotar a l\u2019esportista de coneixements b\u00e0sics d\u2019auto-prescripci\u00f3 individual de l\u2019entrenament.<\/em><\/p>\n\n\n\n<p><strong>CONTINGUTS<\/strong> <\/p>\n\n\n\n<p>\u2022<em>T\u00e8cnica i temps de Sortida dels diferents estils.<\/em> <\/p>\n\n\n\n<p>\u2022<em>T\u00e8cnica i temps d\u2019Arribada dels diferents estils.<\/em> <\/p>\n\n\n\n<p>\u2022<em>T\u00e8cnica i temps de Viratge dels diferents estils.<\/em> <\/p>\n\n\n\n<p>\u2022<em>Millora dels Temps de nado individuals en dist\u00e0ncies adaptades a les caracter\u00edstiques de l\u2019esportista.<\/em> <\/p>\n\n\n\n<p>\u2022<em>Entrenament dels conceptes de freq\u00fc\u00e8ncia i longitud de bra\u00e7ada adaptats a les caracter\u00edstiques individuals de l\u2019esportista i a les diferents proves on participi.<\/em> <\/p>\n\n\n\n<p>\u2022<em>Preparaci\u00f3 f\u00edsica espec\u00edfica adaptada a les caracter\u00edstiques individuals de l\u2019esportista i a les diferents proves on participi.<\/em> <\/p>\n\n\n\n<p>\u2022<em>Entrenament fraccionat per parcials adaptat a les caracter\u00edstiques individuals de l\u2019esportista i a les diferents proves on participi.<\/em> <\/p>\n\n\n\n<p>\u2022<em>Estrat\u00e8gies de competici\u00f3 en les diferents proves on participa el nedador\/a.<\/em><\/p>\n\n\n\n<p><strong>ACTITUDS, VALORS I NORMES:<\/strong> <\/p>\n\n\n\n<p>\u2022<em>Voluntat, comprom\u00eds, dedicaci\u00f3, esfor\u00e7 i const\u00e0ncia.<\/em> <\/p>\n\n\n\n<p>\u2022<em>Esperit de millora i superaci\u00f3 personal.<\/em> <\/p>\n\n\n\n<p>\u2022<em>Col\u00b7laboraci\u00f3, solidaritat i treball en equip.<\/em> <\/p>\n\n\n\n<p>\u2022<em>Acceptaci\u00f3 de les pr\u00f2pies limitacions i resultats.<\/em> <\/p>\n\n\n\n<p>\u2022<em>Respecte, humilitat, autoconcepte i autoestima.<\/em> <\/p>\n\n\n\n<p>\u2022<em>Esperit de recerca de l\u2019excel\u00b7l\u00e8ncia en funci\u00f3 de les possibilitats individuals de rendiment.<\/em><\/p>\n\n\n\n<p><strong>AVALUACI\u00d3 \u2013 SUPERACI\u00d3 DE NIVELL:<\/strong> <\/p>\n\n\n\n<p>\u2022<em>L\u2019avaluaci\u00f3 individualitzada dels nedadors\/es es realitzar\u00e0 en base als seg\u00fcents indicadors:<\/em> <\/p>\n\n\n\n<p>1.<em>Tests de millora de temps en les proves en les que participa el nedador\/a<\/em> <\/p>\n\n\n\n<p>2.<em>Tests de t\u00e8cnica dels diferents estils natatoris.<\/em> <\/p>\n\n\n\n<p>3.<em>Tests de sortides, arribades i viratges dels diferents estils natatoris.<\/em> <\/p>\n\n\n\n<p>4.<em>Avaluaci\u00f3 qualitativa de l\u2019assoliment de valors programats.<\/em><\/p>\n\n\n\n<figure class=\"wp-block-image size-large\"><a href=\"https:\/\/www.ametllamar.cat\/esports\/wp-content\/uploads\/2021\/10\/shirley-swimming-times.jpg\" rel=\"lightbox[116]\"><img loading=\"lazy\" width=\"1024\" height=\"264\" src=\"https:\/\/www.ametllamar.cat\/esports\/wp-content\/uploads\/2021\/10\/shirley-swimming-times-1024x264.jpg\" alt=\"\" class=\"wp-image-2950\" srcset=\"http:\/\/www.ametllamar.cat\/esports\/wp-content\/uploads\/2021\/10\/shirley-swimming-times-1024x264.jpg 1024w, http:\/\/www.ametllamar.cat\/esports\/wp-content\/uploads\/2021\/10\/shirley-swimming-times-300x77.jpg 300w, http:\/\/www.ametllamar.cat\/esports\/wp-content\/uploads\/2021\/10\/shirley-swimming-times-768x198.jpg 768w, http:\/\/www.ametllamar.cat\/esports\/wp-content\/uploads\/2021\/10\/shirley-swimming-times-1536x396.jpg 1536w, http:\/\/www.ametllamar.cat\/esports\/wp-content\/uploads\/2021\/10\/shirley-swimming-times.jpg 1600w\" sizes=\"(max-width: 1024px) 100vw, 1024px\" \/><\/a><\/figure>\n","protected":false},"excerpt":{"rendered":"<p>INTRODUCCI\u00d3 \u2022Els programes d\u2019activitats aqu\u00e0tiques, especialment les escoles de nataci\u00f3, contemplen objectius diferents depenent de les entitats on estan enquadrades. [&hellip;]<\/p>\n","protected":false},"author":2,"featured_media":0,"parent":0,"menu_order":0,"comment_status":"closed","ping_status":"closed","template":"","meta":[],"_links":{"self":[{"href":"http:\/\/www.ametllamar.cat\/esports\/wp-json\/wp\/v2\/pages\/116"}],"collection":[{"href":"http:\/\/www.ametllamar.cat\/esports\/wp-json\/wp\/v2\/pages"}],"about":[{"href":"http:\/\/www.ametllamar.cat\/esports\/wp-json\/wp\/v2\/types\/page"}],"author":[{"embeddable":true,"href":"http:\/\/www.ametllamar.cat\/esports\/wp-json\/wp\/v2\/users\/2"}],"replies":[{"embeddable":true,"href":"http:\/\/www.ametllamar.cat\/esports\/wp-json\/wp\/v2\/comments?post=116"}],"version-history":[{"count":8,"href":"http:\/\/www.ametllamar.cat\/esports\/wp-json\/wp\/v2\/pages\/116\/revisions"}],"predecessor-version":[{"id":2954,"href":"http:\/\/www.ametllamar.cat\/esports\/wp-json\/wp\/v2\/pages\/116\/revisions\/2954"}],"wp:attachment":[{"href":"http:\/\/www.ametllamar.cat\/esports\/wp-json\/wp\/v2\/media?parent=116"}],"curies":[{"name":"wp","href":"https:\/\/api.w.org\/{rel}","templated":true}]}}