{"id":107,"date":"2016-03-08T13:04:36","date_gmt":"2016-03-08T12:04:36","guid":{"rendered":"http:\/\/www.ametllamar.cat\/esports\/?page_id=107"},"modified":"2020-06-16T14:01:46","modified_gmt":"2020-06-16T12:01:46","slug":"impressos","status":"publish","type":"page","link":"http:\/\/www.ametllamar.cat\/esports\/impressos\/","title":{"rendered":"Impressos"},"content":{"rendered":"<p>Model inst\u00e0ncia general Ajuntament de L&#8217;Ametlla de Mar:<\/p>\n<p><a href=\"http:\/\/www.ametllamar.cat\/esports\/wp-content\/uploads\/2016\/03\/MODEL-INSTANCIA-AJUNTAMENT.pdf\">MODEL INSTANCIA AJUNTAMENT<\/a><\/p>\n<p>Protocol per a l&#8217;organitzaci\u00f3 d&#8217;activitats fisicoesportives a L&#8217;Ametlla de Mar:<\/p>\n<p><a href=\"http:\/\/www.ametllamar.cat\/esports\/wp-content\/uploads\/2016\/03\/PROTOCOL-ORGANITZACIO-ACTIVITATS-ESPORTIVES-AMETLLA-DE-MAR.pdf\">PROTOCOL ORGANITZACIO ACTIVITATS ESPORTIVES AMETLLA DE MAR<\/a><\/p>\n<p>Sol\u00b7licituds d&#8217;espais esportius i material de l&#8217;\u00c0rea Municipal d&#8217;Esports:<\/p>\n<p><a href=\"http:\/\/www.ametllamar.cat\/esports\/wp-content\/uploads\/2016\/03\/SOLICITUD-ESPAI-ESPORTIU.pdf\">SOLICITUD ESPAI ESPORTIU<\/a><\/p>\n<p><a href=\"http:\/\/www.ametllamar.cat\/esports\/wp-content\/uploads\/2016\/03\/SOLICITUD-ESPAI-ESPORTIU-VIA-PUBLICA.pdf\">SOLICITUD ESPAI ESPORTIU VIA PUBLICA<\/a><\/p>\n<p><a href=\"http:\/\/www.ametllamar.cat\/esports\/wp-content\/uploads\/2016\/03\/SOLICITUD-DE-MATERIAL-AREA-MUNICIPAL-ESPORTS.pdf\">SOLICITUD DE MATERIAL AREA MUNICIPAL ESPORTS<\/a><\/p>\n<p>Q\u00fcestionari auto-administrat d\u2019Aptitud per a l\u2019Activitat F\u00edsica (Q-AAF):<\/p>\n<p><a href=\"http:\/\/www.ametllamar.cat\/esports\/wp-content\/uploads\/2016\/03\/QAAF-AME.pdf\">QAAF AME<\/a><\/p>\n<p>Full de suggeriments o queixes:<\/p>\n<p><a href=\"http:\/\/www.ametllamar.cat\/esports\/wp-content\/uploads\/2016\/03\/FULL-SUGGERIMENTS-O-QUEIXES.pdf\">FULL SUGGERIMENTS O QUEIXES<\/a><\/p>\n<p>Full de declaraci\u00f3 de salut (Comprom\u00eds de responsabilitat per a l&#8217;\u00fas d&#8217;instal\u00b7lacions, activitats i serveis)<\/p>\n<p><a href=\"http:\/\/www.ametllamar.cat\/esports\/wp-content\/uploads\/2020\/06\/CHECK-IN-USUARIS.pdf\">CHECK-IN USUARIS<\/a><\/p>\n","protected":false},"excerpt":{"rendered":"<p>Model inst\u00e0ncia general Ajuntament de L&#8217;Ametlla de Mar: MODEL INSTANCIA AJUNTAMENT Protocol per a l&#8217;organitzaci\u00f3 d&#8217;activitats fisicoesportives a L&#8217;Ametlla de [&hellip;]<\/p>\n","protected":false},"author":2,"featured_media":0,"parent":0,"menu_order":0,"comment_status":"closed","ping_status":"closed","template":"","meta":[],"_links":{"self":[{"href":"http:\/\/www.ametllamar.cat\/esports\/wp-json\/wp\/v2\/pages\/107"}],"collection":[{"href":"http:\/\/www.ametllamar.cat\/esports\/wp-json\/wp\/v2\/pages"}],"about":[{"href":"http:\/\/www.ametllamar.cat\/esports\/wp-json\/wp\/v2\/types\/page"}],"author":[{"embeddable":true,"href":"http:\/\/www.ametllamar.cat\/esports\/wp-json\/wp\/v2\/users\/2"}],"replies":[{"embeddable":true,"href":"http:\/\/www.ametllamar.cat\/esports\/wp-json\/wp\/v2\/comments?post=107"}],"version-history":[{"count":14,"href":"http:\/\/www.ametllamar.cat\/esports\/wp-json\/wp\/v2\/pages\/107\/revisions"}],"predecessor-version":[{"id":1865,"href":"http:\/\/www.ametllamar.cat\/esports\/wp-json\/wp\/v2\/pages\/107\/revisions\/1865"}],"wp:attachment":[{"href":"http:\/\/www.ametllamar.cat\/esports\/wp-json\/wp\/v2\/media?parent=107"}],"curies":[{"name":"wp","href":"https:\/\/api.w.org\/{rel}","templated":true}]}}